{"id":844,"date":"2024-09-17T14:46:02","date_gmt":"2024-09-17T14:46:02","guid":{"rendered":"https:\/\/depagmotors.com\/?post_type=product&#038;p=844"},"modified":"2026-04-06T11:03:52","modified_gmt":"2026-04-06T17:03:52","slug":"elite","status":"publish","type":"product","link":"https:\/\/depagmotors.com\/en\/motos-honda\/scooters\/elite\/","title":{"rendered":"Elite"},"content":{"rendered":"<div data-elementor-type=\"product-post\" data-elementor-id=\"844\" class=\"elementor elementor-844\" data-elementor-post-type=\"product\">\n\t\t\t\t<div class=\"elementor-element elementor-element-64442eeb e-flex e-con-boxed e-con e-parent\" data-id=\"64442eeb\" data-element_type=\"container\" data-e-type=\"container\">\n\t\t\t\t\t<div class=\"e-con-inner\">\n\t\t\t\t<div class=\"elementor-element elementor-element-609afdf9 elementor-widget elementor-widget-text-editor\" data-id=\"609afdf9\" data-element_type=\"widget\" data-e-type=\"widget\" data-widget_type=\"text-editor.default\">\n\t\t\t\t<div class=\"elementor-widget-container\">\n\t\t\t\t\t\t\t\t\t<h2>The only thing you'll need is a reason to go out.<\/h2><p><strong>\u2026because when you start your Elite, suddenly the journey will become much more entertaining. It's ideal for navigating the city everywhere, with safety and comfort.<br \/><\/strong><\/p><ul><li>Engine: 4-stroke, SOHC<\/li><li>Displacement: 125 cc, 1 cylinder, 2 valves<\/li><li>Cooling: Air<\/li><li>Maximum Power: 8.9 Hp @ 7,500 rpm<\/li><li>Fuel Capacity: 6.4 liters<\/li><li>Transmission: automatic V-MATIC<\/li><li>Seat Height: 755 mm<\/li><li>Weight: 109 kg (in running order)<\/li><li>Front Suspension: telescopic fork, 80 mm travel<\/li><li>Rear Suspension: swingarm, mono shock absorber, 70 mm of travel<\/li><li>Front Brake: 190 mm diameter disc, 2-piston hydraulic caliper<\/li><li>Rear Brake: drum<\/li><li>Front Tire: 90\/90-12<\/li><li>Rear Tire: 100\/90-10<\/li><\/ul>\t\t\t\t\t\t\t\t<\/div>\n\t\t\t\t<\/div>\n\t\t\t\t\t<\/div>\n\t\t\t\t<\/div>\n\t\t\t\t<\/div>","protected":false},"excerpt":{"rendered":"<p>With an improved braking system and its programmed fuel injection system, the new Elite will be a much more efficient motorcycle.<\/p>","protected":false},"featured_media":847,"comment_status":"open","ping_status":"closed","template":"","meta":{"_acf_changed":false,"_monsterinsights_skip_tracking":false,"_monsterinsights_sitenote_active":false,"_monsterinsights_sitenote_note":"","_monsterinsights_sitenote_category":0},"product_brand":[],"product_cat":[18],"product_tag":[36],"class_list":{"0":"post-844","1":"product","2":"type-product","3":"status-publish","4":"has-post-thumbnail","6":"product_cat-scooters","7":"product_tag-24-meses-sin-interes","9":"first","10":"instock","11":"featured","12":"shipping-taxable","13":"purchasable","14":"product-type-simple"},"acf":[],"yoast_head":"<!-- This site is optimized with the Yoast SEO plugin v27.4 - https:\/\/yoast.com\/product\/yoast-seo-wordpress\/ -->\n<title>Elite - Honda Guanacaste Costa Rica<\/title>\n<meta name=\"robots\" content=\"index, follow, max-snippet:-1, max-image-preview:large, max-video-preview:-1\" \/>\n<link rel=\"canonical\" href=\"https:\/\/depagmotors.com\/en\/motos-honda\/scooters\/elite\/\" \/>\n<meta property=\"og:locale\" content=\"en_US\" \/>\n<meta property=\"og:type\" content=\"article\" \/>\n<meta property=\"og:title\" content=\"Elite - Honda Guanacaste Costa Rica\" \/>\n<meta property=\"og:description\" content=\"Con un sistema de frenos mejorado y su sistema de inyecci\u00f3n programada de combustible; la nueva Elite ser\u00e1 una moto mucho m\u00e1s eficiente.\" \/>\n<meta property=\"og:url\" content=\"https:\/\/depagmotors.com\/en\/motos-honda\/scooters\/elite\/\" \/>\n<meta property=\"og:site_name\" content=\"Honda Guanacaste Costa Rica\" \/>\n<meta property=\"article:modified_time\" content=\"2026-04-06T17:03:52+00:00\" \/>\n<meta property=\"og:image\" content=\"https:\/\/depagmotors.com\/wp-content\/uploads\/2024\/09\/elite-2.jpg\" \/>\n\t<meta property=\"og:image:width\" content=\"1000\" \/>\n\t<meta property=\"og:image:height\" content=\"600\" \/>\n\t<meta property=\"og:image:type\" content=\"image\/jpeg\" \/>\n<meta name=\"twitter:card\" content=\"summary_large_image\" \/>\n<meta name=\"twitter:label1\" content=\"Est. reading time\" \/>\n\t<meta name=\"twitter:data1\" content=\"1 minute\" \/>\n<script type=\"application\/ld+json\" class=\"yoast-schema-graph\">{\"@context\":\"https:\\\/\\\/schema.org\",\"@graph\":[{\"@type\":\"WebPage\",\"@id\":\"https:\\\/\\\/depagmotors.com\\\/en\\\/motos-honda\\\/scooters\\\/elite\\\/\",\"url\":\"https:\\\/\\\/depagmotors.com\\\/en\\\/motos-honda\\\/scooters\\\/elite\\\/\",\"name\":\"Elite - Honda Guanacaste Costa Rica\",\"isPartOf\":{\"@id\":\"https:\\\/\\\/depagmotors.com\\\/en\\\/#website\"},\"primaryImageOfPage\":{\"@id\":\"https:\\\/\\\/depagmotors.com\\\/en\\\/motos-honda\\\/scooters\\\/elite\\\/#primaryimage\"},\"image\":{\"@id\":\"https:\\\/\\\/depagmotors.com\\\/en\\\/motos-honda\\\/scooters\\\/elite\\\/#primaryimage\"},\"thumbnailUrl\":\"https:\\\/\\\/depagmotors.com\\\/wp-content\\\/uploads\\\/2024\\\/09\\\/elite-2.jpg\",\"datePublished\":\"2024-09-17T14:46:02+00:00\",\"dateModified\":\"2026-04-06T17:03:52+00:00\",\"breadcrumb\":{\"@id\":\"https:\\\/\\\/depagmotors.com\\\/en\\\/motos-honda\\\/scooters\\\/elite\\\/#breadcrumb\"},\"inLanguage\":\"en-US\",\"potentialAction\":[{\"@type\":\"ReadAction\",\"target\":[\"https:\\\/\\\/depagmotors.com\\\/en\\\/motos-honda\\\/scooters\\\/elite\\\/\"]}]},{\"@type\":\"ImageObject\",\"inLanguage\":\"en-US\",\"@id\":\"https:\\\/\\\/depagmotors.com\\\/en\\\/motos-honda\\\/scooters\\\/elite\\\/#primaryimage\",\"url\":\"https:\\\/\\\/depagmotors.com\\\/wp-content\\\/uploads\\\/2024\\\/09\\\/elite-2.jpg\",\"contentUrl\":\"https:\\\/\\\/depagmotors.com\\\/wp-content\\\/uploads\\\/2024\\\/09\\\/elite-2.jpg\",\"width\":1000,\"height\":600},{\"@type\":\"BreadcrumbList\",\"@id\":\"https:\\\/\\\/depagmotors.com\\\/en\\\/motos-honda\\\/scooters\\\/elite\\\/#breadcrumb\",\"itemListElement\":[{\"@type\":\"ListItem\",\"position\":1,\"name\":\"Portada\",\"item\":\"https:\\\/\\\/depagmotors.com\\\/en\\\/\"},{\"@type\":\"ListItem\",\"position\":2,\"name\":\"Catalogo\",\"item\":\"https:\\\/\\\/depagmotors.com\\\/en\\\/catalogo\\\/\"},{\"@type\":\"ListItem\",\"position\":3,\"name\":\"Elite\"}]},{\"@type\":\"WebSite\",\"@id\":\"https:\\\/\\\/depagmotors.com\\\/en\\\/#website\",\"url\":\"https:\\\/\\\/depagmotors.com\\\/en\\\/\",\"name\":\"Honda Guanacaste Costa Rica\",\"description\":\"Venta de Motos Guanacaste\",\"publisher\":{\"@id\":\"https:\\\/\\\/depagmotors.com\\\/en\\\/#organization\"},\"potentialAction\":[{\"@type\":\"SearchAction\",\"target\":{\"@type\":\"EntryPoint\",\"urlTemplate\":\"https:\\\/\\\/depagmotors.com\\\/en\\\/?s={search_term_string}\"},\"query-input\":{\"@type\":\"PropertyValueSpecification\",\"valueRequired\":true,\"valueName\":\"search_term_string\"}}],\"inLanguage\":\"en-US\"},{\"@type\":\"Organization\",\"@id\":\"https:\\\/\\\/depagmotors.com\\\/en\\\/#organization\",\"name\":\"Honda Guanacaste Costa Rica\",\"url\":\"https:\\\/\\\/depagmotors.com\\\/en\\\/\",\"logo\":{\"@type\":\"ImageObject\",\"inLanguage\":\"en-US\",\"@id\":\"https:\\\/\\\/depagmotors.com\\\/en\\\/#\\\/schema\\\/logo\\\/image\\\/\",\"url\":\"https:\\\/\\\/depagmotors.com\\\/wp-content\\\/uploads\\\/2024\\\/07\\\/logo-depag.png\",\"contentUrl\":\"https:\\\/\\\/depagmotors.com\\\/wp-content\\\/uploads\\\/2024\\\/07\\\/logo-depag.png\",\"width\":1200,\"height\":345,\"caption\":\"Honda Guanacaste Costa Rica\"},\"image\":{\"@id\":\"https:\\\/\\\/depagmotors.com\\\/en\\\/#\\\/schema\\\/logo\\\/image\\\/\"}}]}<\/script>\n<!-- \/ Yoast SEO plugin. -->","yoast_head_json":{"title":"Elite - Honda Guanacaste Costa Rica","robots":{"index":"index","follow":"follow","max-snippet":"max-snippet:-1","max-image-preview":"max-image-preview:large","max-video-preview":"max-video-preview:-1"},"canonical":"https:\/\/depagmotors.com\/en\/motos-honda\/scooters\/elite\/","og_locale":"en_US","og_type":"article","og_title":"Elite - Honda Guanacaste Costa Rica","og_description":"Con un sistema de frenos mejorado y su sistema de inyecci\u00f3n programada de combustible; la nueva Elite ser\u00e1 una moto mucho m\u00e1s eficiente.","og_url":"https:\/\/depagmotors.com\/en\/motos-honda\/scooters\/elite\/","og_site_name":"Honda Guanacaste Costa Rica","article_modified_time":"2026-04-06T17:03:52+00:00","og_image":[{"width":1000,"height":600,"url":"https:\/\/depagmotors.com\/wp-content\/uploads\/2024\/09\/elite-2.jpg","type":"image\/jpeg"}],"twitter_card":"summary_large_image","twitter_misc":{"Est. reading time":"1 minute"},"schema":{"@context":"https:\/\/schema.org","@graph":[{"@type":"WebPage","@id":"https:\/\/depagmotors.com\/en\/motos-honda\/scooters\/elite\/","url":"https:\/\/depagmotors.com\/en\/motos-honda\/scooters\/elite\/","name":"Elite - Honda Guanacaste Costa Rica","isPartOf":{"@id":"https:\/\/depagmotors.com\/en\/#website"},"primaryImageOfPage":{"@id":"https:\/\/depagmotors.com\/en\/motos-honda\/scooters\/elite\/#primaryimage"},"image":{"@id":"https:\/\/depagmotors.com\/en\/motos-honda\/scooters\/elite\/#primaryimage"},"thumbnailUrl":"https:\/\/depagmotors.com\/wp-content\/uploads\/2024\/09\/elite-2.jpg","datePublished":"2024-09-17T14:46:02+00:00","dateModified":"2026-04-06T17:03:52+00:00","breadcrumb":{"@id":"https:\/\/depagmotors.com\/en\/motos-honda\/scooters\/elite\/#breadcrumb"},"inLanguage":"en-US","potentialAction":[{"@type":"ReadAction","target":["https:\/\/depagmotors.com\/en\/motos-honda\/scooters\/elite\/"]}]},{"@type":"ImageObject","inLanguage":"en-US","@id":"https:\/\/depagmotors.com\/en\/motos-honda\/scooters\/elite\/#primaryimage","url":"https:\/\/depagmotors.com\/wp-content\/uploads\/2024\/09\/elite-2.jpg","contentUrl":"https:\/\/depagmotors.com\/wp-content\/uploads\/2024\/09\/elite-2.jpg","width":1000,"height":600},{"@type":"BreadcrumbList","@id":"https:\/\/depagmotors.com\/en\/motos-honda\/scooters\/elite\/#breadcrumb","itemListElement":[{"@type":"ListItem","position":1,"name":"Portada","item":"https:\/\/depagmotors.com\/en\/"},{"@type":"ListItem","position":2,"name":"Catalogo","item":"https:\/\/depagmotors.com\/en\/catalogo\/"},{"@type":"ListItem","position":3,"name":"Elite"}]},{"@type":"WebSite","@id":"https:\/\/depagmotors.com\/en\/#website","url":"https:\/\/depagmotors.com\/en\/","name":"Honda Guanacaste Costa Rica","description":"Venta de Motos Guanacaste","publisher":{"@id":"https:\/\/depagmotors.com\/en\/#organization"},"potentialAction":[{"@type":"SearchAction","target":{"@type":"EntryPoint","urlTemplate":"https:\/\/depagmotors.com\/en\/?s={search_term_string}"},"query-input":{"@type":"PropertyValueSpecification","valueRequired":true,"valueName":"search_term_string"}}],"inLanguage":"en-US"},{"@type":"Organization","@id":"https:\/\/depagmotors.com\/en\/#organization","name":"Honda Guanacaste Costa Rica","url":"https:\/\/depagmotors.com\/en\/","logo":{"@type":"ImageObject","inLanguage":"en-US","@id":"https:\/\/depagmotors.com\/en\/#\/schema\/logo\/image\/","url":"https:\/\/depagmotors.com\/wp-content\/uploads\/2024\/07\/logo-depag.png","contentUrl":"https:\/\/depagmotors.com\/wp-content\/uploads\/2024\/07\/logo-depag.png","width":1200,"height":345,"caption":"Honda Guanacaste Costa Rica"},"image":{"@id":"https:\/\/depagmotors.com\/en\/#\/schema\/logo\/image\/"}}]}},"_links":{"self":[{"href":"https:\/\/depagmotors.com\/en\/wp-json\/wp\/v2\/product\/844","targetHints":{"allow":["GET"]}}],"collection":[{"href":"https:\/\/depagmotors.com\/en\/wp-json\/wp\/v2\/product"}],"about":[{"href":"https:\/\/depagmotors.com\/en\/wp-json\/wp\/v2\/types\/product"}],"replies":[{"embeddable":true,"href":"https:\/\/depagmotors.com\/en\/wp-json\/wp\/v2\/comments?post=844"}],"version-history":[{"count":12,"href":"https:\/\/depagmotors.com\/en\/wp-json\/wp\/v2\/product\/844\/revisions"}],"predecessor-version":[{"id":3350,"href":"https:\/\/depagmotors.com\/en\/wp-json\/wp\/v2\/product\/844\/revisions\/3350"}],"wp:featuredmedia":[{"embeddable":true,"href":"https:\/\/depagmotors.com\/en\/wp-json\/wp\/v2\/media\/847"}],"wp:attachment":[{"href":"https:\/\/depagmotors.com\/en\/wp-json\/wp\/v2\/media?parent=844"}],"wp:term":[{"taxonomy":"product_brand","embeddable":true,"href":"https:\/\/depagmotors.com\/en\/wp-json\/wp\/v2\/product_brand?post=844"},{"taxonomy":"product_cat","embeddable":true,"href":"https:\/\/depagmotors.com\/en\/wp-json\/wp\/v2\/product_cat?post=844"},{"taxonomy":"product_tag","embeddable":true,"href":"https:\/\/depagmotors.com\/en\/wp-json\/wp\/v2\/product_tag?post=844"}],"curies":[{"name":"wp","href":"https:\/\/api.w.org\/{rel}","templated":true}]}}