{"id":3181,"date":"2025-12-01T12:45:01","date_gmt":"2025-12-01T18:45:01","guid":{"rendered":"https:\/\/depagmotors.com\/?post_type=product&#038;p=3181"},"modified":"2026-04-17T13:19:57","modified_gmt":"2026-04-17T19:19:57","slug":"crf300f","status":"publish","type":"product","link":"https:\/\/depagmotors.com\/en\/motos-honda\/especiales\/crf300f\/","title":{"rendered":"CRF300F"},"content":{"rendered":"<div data-elementor-type=\"product-post\" data-elementor-id=\"3181\" class=\"elementor elementor-3181\" data-elementor-post-type=\"product\">\n\t\t\t\t<div class=\"elementor-element elementor-element-bc63365 e-flex e-con-boxed e-con e-parent\" data-id=\"bc63365\" data-element_type=\"container\" data-e-type=\"container\">\n\t\t\t\t\t<div class=\"e-con-inner\">\n\t\t\t\t<div class=\"elementor-element elementor-element-5a30e1e6 elementor-widget elementor-widget-text-editor\" data-id=\"5a30e1e6\" data-element_type=\"widget\" data-e-type=\"widget\" data-widget_type=\"text-editor.default\">\n\t\t\t\t<div class=\"elementor-widget-container\">\n\t\t\t\t\t\t\t\t\t<h2>Listo para todo camino.<\/h2><p><strong>Doble acci\u00f3n, doble emoci\u00f3n.\u00a0<\/strong><\/p><ul><li>Engine: 4-stroke, OHC (Overhead Camshaft)<\/li><li>Cilindrada: 293,52 cc, monocil\u00edndrico, 4 v\u00e1lvulas<\/li><li>Cooling: Air<\/li><li>Potencia m\u00e1xima: 24,5 hp @ 7,500 rpm<\/li><li>Capacidad de combustible: 6.0 litros<\/li><li>Transmission: 6-speed manual<\/li><li>Altura del asiento: 888 mm<\/li><li>Peso: 124 kg (en orden de marcha)<\/li><li>Suspensi\u00f3n delantera: horquilla telesc\u00f3pica, 41 mm de recorrido<\/li><li>Suspensi\u00f3n trasera: brazo basculante tipo Pro-Link\u00ae con mono amortiguador, 230 mm de recorrido<\/li><li>Freno delantero: disco de 240 mm de di\u00e1metro, pinza hidr\u00e1ulica de doble pist\u00f3n<\/li><li>Rear Brake: 220 mm disc, hydraulic caliper.<\/li><li>Front Tire: 80\/100-21<\/li><li>Rear Tire: 100\/100-18<\/li><\/ul>\t\t\t\t\t\t\t\t<\/div>\n\t\t\t\t<\/div>\n\t\t\t\t\t<\/div>\n\t\t\t\t<\/div>\n\t\t\t\t<\/div>","protected":false},"excerpt":{"rendered":"<p>La CRF300F es una moto confiable, ligera y con suficiente potencia para quienes buscan aventura en caminos r\u00fasticos, sin complicaciones ni electr\u00f3nica innecesaria \u2014 perfecta para uso recreativo o rural.<\/p>","protected":false},"featured_media":3185,"comment_status":"open","ping_status":"closed","template":"","meta":{"_acf_changed":false,"_monsterinsights_skip_tracking":false,"_monsterinsights_sitenote_active":false,"_monsterinsights_sitenote_note":"","_monsterinsights_sitenote_category":0},"product_brand":[],"product_cat":[30],"product_tag":[36],"class_list":{"0":"post-3181","1":"product","2":"type-product","3":"status-publish","4":"has-post-thumbnail","6":"product_cat-especiales","7":"product_tag-24-meses-sin-interes","9":"first","10":"instock","11":"featured","12":"shipping-taxable","13":"purchasable","14":"product-type-simple"},"acf":[],"yoast_head":"<!-- This site is optimized with the Yoast SEO plugin v27.4 - https:\/\/yoast.com\/product\/yoast-seo-wordpress\/ -->\n<title>CRF300F - Honda Guanacaste Costa Rica<\/title>\n<meta name=\"description\" content=\"la CRF300F es una moto confiable, ligera y con suficiente potencia para quienes buscan aventura en caminos r\u00fasticos, sin complicaciones ni electr\u00f3nica innecesaria \u2014 perfecta para uso recreativo o rural.\" \/>\n<meta name=\"robots\" content=\"index, follow, max-snippet:-1, max-image-preview:large, max-video-preview:-1\" \/>\n<link rel=\"canonical\" href=\"https:\/\/depagmotors.com\/en\/motos-honda\/especiales\/crf300f\/\" \/>\n<meta property=\"og:locale\" content=\"en_US\" \/>\n<meta property=\"og:type\" content=\"article\" \/>\n<meta property=\"og:title\" content=\"CRF300F - Honda Guanacaste Costa Rica\" \/>\n<meta property=\"og:description\" content=\"la CRF300F es una moto confiable, ligera y con suficiente potencia para quienes buscan aventura en caminos r\u00fasticos, sin complicaciones ni electr\u00f3nica innecesaria \u2014 perfecta para uso recreativo o rural.\" \/>\n<meta property=\"og:url\" content=\"https:\/\/depagmotors.com\/en\/motos-honda\/especiales\/crf300f\/\" \/>\n<meta property=\"og:site_name\" content=\"Honda Guanacaste Costa Rica\" \/>\n<meta property=\"article:modified_time\" content=\"2026-04-17T19:19:57+00:00\" \/>\n<meta property=\"og:image\" content=\"https:\/\/depagmotors.com\/wp-content\/uploads\/2025\/12\/crf300f-1.jpg\" \/>\n\t<meta property=\"og:image:width\" content=\"1000\" \/>\n\t<meta property=\"og:image:height\" content=\"600\" \/>\n\t<meta property=\"og:image:type\" content=\"image\/jpeg\" \/>\n<meta name=\"twitter:card\" content=\"summary_large_image\" \/>\n<meta name=\"twitter:label1\" content=\"Est. reading time\" \/>\n\t<meta name=\"twitter:data1\" content=\"1 minute\" \/>\n<script type=\"application\/ld+json\" class=\"yoast-schema-graph\">{\"@context\":\"https:\\\/\\\/schema.org\",\"@graph\":[{\"@type\":\"WebPage\",\"@id\":\"https:\\\/\\\/depagmotors.com\\\/en\\\/motos-honda\\\/especiales\\\/crf300f\\\/\",\"url\":\"https:\\\/\\\/depagmotors.com\\\/en\\\/motos-honda\\\/especiales\\\/crf300f\\\/\",\"name\":\"CRF300F - Honda Guanacaste Costa Rica\",\"isPartOf\":{\"@id\":\"https:\\\/\\\/depagmotors.com\\\/en\\\/#website\"},\"primaryImageOfPage\":{\"@id\":\"https:\\\/\\\/depagmotors.com\\\/en\\\/motos-honda\\\/especiales\\\/crf300f\\\/#primaryimage\"},\"image\":{\"@id\":\"https:\\\/\\\/depagmotors.com\\\/en\\\/motos-honda\\\/especiales\\\/crf300f\\\/#primaryimage\"},\"thumbnailUrl\":\"https:\\\/\\\/depagmotors.com\\\/wp-content\\\/uploads\\\/2025\\\/12\\\/crf300f-1.jpg\",\"datePublished\":\"2025-12-01T18:45:01+00:00\",\"dateModified\":\"2026-04-17T19:19:57+00:00\",\"description\":\"la CRF300F es una moto confiable, ligera y con suficiente potencia para quienes buscan aventura en caminos r\u00fasticos, sin complicaciones ni electr\u00f3nica innecesaria \u2014 perfecta para uso recreativo o rural.\",\"breadcrumb\":{\"@id\":\"https:\\\/\\\/depagmotors.com\\\/en\\\/motos-honda\\\/especiales\\\/crf300f\\\/#breadcrumb\"},\"inLanguage\":\"en-US\",\"potentialAction\":[{\"@type\":\"ReadAction\",\"target\":[\"https:\\\/\\\/depagmotors.com\\\/en\\\/motos-honda\\\/especiales\\\/crf300f\\\/\"]}]},{\"@type\":\"ImageObject\",\"inLanguage\":\"en-US\",\"@id\":\"https:\\\/\\\/depagmotors.com\\\/en\\\/motos-honda\\\/especiales\\\/crf300f\\\/#primaryimage\",\"url\":\"https:\\\/\\\/depagmotors.com\\\/wp-content\\\/uploads\\\/2025\\\/12\\\/crf300f-1.jpg\",\"contentUrl\":\"https:\\\/\\\/depagmotors.com\\\/wp-content\\\/uploads\\\/2025\\\/12\\\/crf300f-1.jpg\",\"width\":1000,\"height\":600},{\"@type\":\"BreadcrumbList\",\"@id\":\"https:\\\/\\\/depagmotors.com\\\/en\\\/motos-honda\\\/especiales\\\/crf300f\\\/#breadcrumb\",\"itemListElement\":[{\"@type\":\"ListItem\",\"position\":1,\"name\":\"Portada\",\"item\":\"https:\\\/\\\/depagmotors.com\\\/en\\\/\"},{\"@type\":\"ListItem\",\"position\":2,\"name\":\"Catalogo\",\"item\":\"https:\\\/\\\/depagmotors.com\\\/en\\\/catalogo\\\/\"},{\"@type\":\"ListItem\",\"position\":3,\"name\":\"CRF300F\"}]},{\"@type\":\"WebSite\",\"@id\":\"https:\\\/\\\/depagmotors.com\\\/en\\\/#website\",\"url\":\"https:\\\/\\\/depagmotors.com\\\/en\\\/\",\"name\":\"Honda Guanacaste Costa Rica\",\"description\":\"Venta de Motos Guanacaste\",\"publisher\":{\"@id\":\"https:\\\/\\\/depagmotors.com\\\/en\\\/#organization\"},\"potentialAction\":[{\"@type\":\"SearchAction\",\"target\":{\"@type\":\"EntryPoint\",\"urlTemplate\":\"https:\\\/\\\/depagmotors.com\\\/en\\\/?s={search_term_string}\"},\"query-input\":{\"@type\":\"PropertyValueSpecification\",\"valueRequired\":true,\"valueName\":\"search_term_string\"}}],\"inLanguage\":\"en-US\"},{\"@type\":\"Organization\",\"@id\":\"https:\\\/\\\/depagmotors.com\\\/en\\\/#organization\",\"name\":\"Honda Guanacaste Costa Rica\",\"url\":\"https:\\\/\\\/depagmotors.com\\\/en\\\/\",\"logo\":{\"@type\":\"ImageObject\",\"inLanguage\":\"en-US\",\"@id\":\"https:\\\/\\\/depagmotors.com\\\/en\\\/#\\\/schema\\\/logo\\\/image\\\/\",\"url\":\"https:\\\/\\\/depagmotors.com\\\/wp-content\\\/uploads\\\/2024\\\/07\\\/logo-depag.png\",\"contentUrl\":\"https:\\\/\\\/depagmotors.com\\\/wp-content\\\/uploads\\\/2024\\\/07\\\/logo-depag.png\",\"width\":1200,\"height\":345,\"caption\":\"Honda Guanacaste Costa Rica\"},\"image\":{\"@id\":\"https:\\\/\\\/depagmotors.com\\\/en\\\/#\\\/schema\\\/logo\\\/image\\\/\"}}]}<\/script>\n<!-- \/ Yoast SEO plugin. -->","yoast_head_json":{"title":"CRF300F - Honda Guanacaste Costa Rica","description":"la CRF300F es una moto confiable, ligera y con suficiente potencia para quienes buscan aventura en caminos r\u00fasticos, sin complicaciones ni electr\u00f3nica innecesaria \u2014 perfecta para uso recreativo o rural.","robots":{"index":"index","follow":"follow","max-snippet":"max-snippet:-1","max-image-preview":"max-image-preview:large","max-video-preview":"max-video-preview:-1"},"canonical":"https:\/\/depagmotors.com\/en\/motos-honda\/especiales\/crf300f\/","og_locale":"en_US","og_type":"article","og_title":"CRF300F - Honda Guanacaste Costa Rica","og_description":"la CRF300F es una moto confiable, ligera y con suficiente potencia para quienes buscan aventura en caminos r\u00fasticos, sin complicaciones ni electr\u00f3nica innecesaria \u2014 perfecta para uso recreativo o rural.","og_url":"https:\/\/depagmotors.com\/en\/motos-honda\/especiales\/crf300f\/","og_site_name":"Honda Guanacaste Costa Rica","article_modified_time":"2026-04-17T19:19:57+00:00","og_image":[{"width":1000,"height":600,"url":"https:\/\/depagmotors.com\/wp-content\/uploads\/2025\/12\/crf300f-1.jpg","type":"image\/jpeg"}],"twitter_card":"summary_large_image","twitter_misc":{"Est. reading time":"1 minute"},"schema":{"@context":"https:\/\/schema.org","@graph":[{"@type":"WebPage","@id":"https:\/\/depagmotors.com\/en\/motos-honda\/especiales\/crf300f\/","url":"https:\/\/depagmotors.com\/en\/motos-honda\/especiales\/crf300f\/","name":"CRF300F - Honda Guanacaste Costa Rica","isPartOf":{"@id":"https:\/\/depagmotors.com\/en\/#website"},"primaryImageOfPage":{"@id":"https:\/\/depagmotors.com\/en\/motos-honda\/especiales\/crf300f\/#primaryimage"},"image":{"@id":"https:\/\/depagmotors.com\/en\/motos-honda\/especiales\/crf300f\/#primaryimage"},"thumbnailUrl":"https:\/\/depagmotors.com\/wp-content\/uploads\/2025\/12\/crf300f-1.jpg","datePublished":"2025-12-01T18:45:01+00:00","dateModified":"2026-04-17T19:19:57+00:00","description":"la CRF300F es una moto confiable, ligera y con suficiente potencia para quienes buscan aventura en caminos r\u00fasticos, sin complicaciones ni electr\u00f3nica innecesaria \u2014 perfecta para uso recreativo o rural.","breadcrumb":{"@id":"https:\/\/depagmotors.com\/en\/motos-honda\/especiales\/crf300f\/#breadcrumb"},"inLanguage":"en-US","potentialAction":[{"@type":"ReadAction","target":["https:\/\/depagmotors.com\/en\/motos-honda\/especiales\/crf300f\/"]}]},{"@type":"ImageObject","inLanguage":"en-US","@id":"https:\/\/depagmotors.com\/en\/motos-honda\/especiales\/crf300f\/#primaryimage","url":"https:\/\/depagmotors.com\/wp-content\/uploads\/2025\/12\/crf300f-1.jpg","contentUrl":"https:\/\/depagmotors.com\/wp-content\/uploads\/2025\/12\/crf300f-1.jpg","width":1000,"height":600},{"@type":"BreadcrumbList","@id":"https:\/\/depagmotors.com\/en\/motos-honda\/especiales\/crf300f\/#breadcrumb","itemListElement":[{"@type":"ListItem","position":1,"name":"Portada","item":"https:\/\/depagmotors.com\/en\/"},{"@type":"ListItem","position":2,"name":"Catalogo","item":"https:\/\/depagmotors.com\/en\/catalogo\/"},{"@type":"ListItem","position":3,"name":"CRF300F"}]},{"@type":"WebSite","@id":"https:\/\/depagmotors.com\/en\/#website","url":"https:\/\/depagmotors.com\/en\/","name":"Honda Guanacaste Costa Rica","description":"Venta de Motos Guanacaste","publisher":{"@id":"https:\/\/depagmotors.com\/en\/#organization"},"potentialAction":[{"@type":"SearchAction","target":{"@type":"EntryPoint","urlTemplate":"https:\/\/depagmotors.com\/en\/?s={search_term_string}"},"query-input":{"@type":"PropertyValueSpecification","valueRequired":true,"valueName":"search_term_string"}}],"inLanguage":"en-US"},{"@type":"Organization","@id":"https:\/\/depagmotors.com\/en\/#organization","name":"Honda Guanacaste Costa Rica","url":"https:\/\/depagmotors.com\/en\/","logo":{"@type":"ImageObject","inLanguage":"en-US","@id":"https:\/\/depagmotors.com\/en\/#\/schema\/logo\/image\/","url":"https:\/\/depagmotors.com\/wp-content\/uploads\/2024\/07\/logo-depag.png","contentUrl":"https:\/\/depagmotors.com\/wp-content\/uploads\/2024\/07\/logo-depag.png","width":1200,"height":345,"caption":"Honda Guanacaste Costa Rica"},"image":{"@id":"https:\/\/depagmotors.com\/en\/#\/schema\/logo\/image\/"}}]}},"_links":{"self":[{"href":"https:\/\/depagmotors.com\/en\/wp-json\/wp\/v2\/product\/3181","targetHints":{"allow":["GET"]}}],"collection":[{"href":"https:\/\/depagmotors.com\/en\/wp-json\/wp\/v2\/product"}],"about":[{"href":"https:\/\/depagmotors.com\/en\/wp-json\/wp\/v2\/types\/product"}],"replies":[{"embeddable":true,"href":"https:\/\/depagmotors.com\/en\/wp-json\/wp\/v2\/comments?post=3181"}],"version-history":[{"count":9,"href":"https:\/\/depagmotors.com\/en\/wp-json\/wp\/v2\/product\/3181\/revisions"}],"predecessor-version":[{"id":3399,"href":"https:\/\/depagmotors.com\/en\/wp-json\/wp\/v2\/product\/3181\/revisions\/3399"}],"wp:featuredmedia":[{"embeddable":true,"href":"https:\/\/depagmotors.com\/en\/wp-json\/wp\/v2\/media\/3185"}],"wp:attachment":[{"href":"https:\/\/depagmotors.com\/en\/wp-json\/wp\/v2\/media?parent=3181"}],"wp:term":[{"taxonomy":"product_brand","embeddable":true,"href":"https:\/\/depagmotors.com\/en\/wp-json\/wp\/v2\/product_brand?post=3181"},{"taxonomy":"product_cat","embeddable":true,"href":"https:\/\/depagmotors.com\/en\/wp-json\/wp\/v2\/product_cat?post=3181"},{"taxonomy":"product_tag","embeddable":true,"href":"https:\/\/depagmotors.com\/en\/wp-json\/wp\/v2\/product_tag?post=3181"}],"curies":[{"name":"wp","href":"https:\/\/api.w.org\/{rel}","templated":true}]}}