{"id":2802,"date":"2025-02-26T11:38:05","date_gmt":"2025-02-26T17:38:05","guid":{"rendered":"https:\/\/depagmotors.com\/?post_type=product&#038;p=2802"},"modified":"2026-04-06T11:03:54","modified_gmt":"2026-04-06T17:03:54","slug":"xr300l-tornado","status":"publish","type":"product","link":"https:\/\/depagmotors.com\/en\/motos-honda\/doble-proposito\/xr300l-tornado\/","title":{"rendered":"XR300L TORNADO"},"content":{"rendered":"<div data-elementor-type=\"product-post\" data-elementor-id=\"2802\" class=\"elementor elementor-2802\" data-elementor-post-type=\"product\">\n\t\t\t\t<div class=\"elementor-element elementor-element-bc63365 e-flex e-con-boxed e-con e-parent\" data-id=\"bc63365\" data-element_type=\"container\" data-e-type=\"container\">\n\t\t\t\t\t<div class=\"e-con-inner\">\n\t\t\t\t<div class=\"elementor-element elementor-element-5a30e1e6 elementor-widget elementor-widget-text-editor\" data-id=\"5a30e1e6\" data-element_type=\"widget\" data-e-type=\"widget\" data-widget_type=\"text-editor.default\">\n\t\t\t\t<div class=\"elementor-widget-container\">\n\t\t\t\t\t\t\t\t\t<h2>Lleg\u00f3 la NUEVA XR300L TORNADO.<\/h2><p><strong>Calidad y desempe\u00f1o \u00fanicos en su clase, con nueva tecnolog\u00eda y elementos que elevar\u00e1n tu experiencia.<br \/><\/strong><\/p><ul><li>Engine: 4-stroke, OHC (Overhead Camshaft)<\/li><li>Cooling: air with oil radiator.<\/li><li>Cilindrada: 294 cc<\/li><li>Potencia m\u00e1xima: 24.3 hp @ 8,500 rpm<\/li><li>Fuel Capacity: 13.8 liters.<\/li><li>Transmission: 6-speed manual<\/li><li>Altura del asiento: 890 mm<\/li><li>Peso: 153 kg (en seco)<\/li><li>Suspensi\u00f3n delantera: horquilla telesc\u00f3pica Showa\u00ae, 221 mm de recorrido<\/li><li>Suspensi\u00f3n trasera: brazo basculante tipo Pro-Link\u00ae con mono amortiguador<\/li><li>Showa\u00ae, 227 mm de recorrido<\/li><li>Freno delantero: disco de 256 mm de di\u00e1metro, pinza hidr\u00e1ulica Nissin\u00ae.<\/li><li>Freno trasero: disco de 220 mm de di\u00e1metro, pinza hidr\u00e1ulica Nissin\u00ae.<\/li><li>Front Tire: 90\/90-21<\/li><li>Rear Tire: 120\/80-18<\/li><\/ul>\t\t\t\t\t\t\t\t<\/div>\n\t\t\t\t<\/div>\n\t\t\t\t\t<\/div>\n\t\t\t\t<\/div>\n\t\t\t\t<\/div>","protected":false},"excerpt":{"rendered":"<p>La <strong data-start=\"3\" data-end=\"21\">XR300L Tornado<\/strong> es una motocicleta dual-sport potente y vers\u00e1til, dise\u00f1ada para conquistar cualquier terreno con su motor de 294 cc, suspensi\u00f3n de largo recorrido y dise\u00f1o robusto. Ideal para aventuras dentro y fuera del asfalto, combina resistencia, rendimiento y comodidad para ofrecer una experiencia de conducci\u00f3n inigualable.<\/p>","protected":false},"featured_media":2808,"comment_status":"open","ping_status":"closed","template":"","meta":{"_acf_changed":false,"_monsterinsights_skip_tracking":false,"_monsterinsights_sitenote_active":false,"_monsterinsights_sitenote_note":"","_monsterinsights_sitenote_category":0},"product_brand":[],"product_cat":[29],"product_tag":[],"class_list":{"0":"post-2802","1":"product","2":"type-product","3":"status-publish","4":"has-post-thumbnail","6":"product_cat-doble-proposito","8":"first","9":"instock","10":"featured","11":"shipping-taxable","12":"purchasable","13":"product-type-simple"},"acf":[],"yoast_head":"<!-- This site is optimized with the Yoast SEO plugin v27.4 - https:\/\/yoast.com\/product\/yoast-seo-wordpress\/ -->\n<title>XR300L TORNADO - Honda Guanacaste Costa Rica<\/title>\n<meta name=\"robots\" content=\"index, follow, max-snippet:-1, max-image-preview:large, max-video-preview:-1\" \/>\n<link rel=\"canonical\" href=\"https:\/\/depagmotors.com\/en\/motos-honda\/doble-proposito\/xr300l-tornado\/\" \/>\n<meta property=\"og:locale\" content=\"en_US\" \/>\n<meta property=\"og:type\" content=\"article\" \/>\n<meta property=\"og:title\" content=\"XR300L TORNADO - Honda Guanacaste Costa Rica\" \/>\n<meta property=\"og:description\" content=\"La XR300L Tornado es una motocicleta dual-sport potente y vers\u00e1til, dise\u00f1ada para conquistar cualquier terreno con su motor de 294 cc, suspensi\u00f3n de largo recorrido y dise\u00f1o robusto. Ideal para aventuras dentro y fuera del asfalto, combina resistencia, rendimiento y comodidad para ofrecer una experiencia de conducci\u00f3n inigualable.\" \/>\n<meta property=\"og:url\" content=\"https:\/\/depagmotors.com\/en\/motos-honda\/doble-proposito\/xr300l-tornado\/\" \/>\n<meta property=\"og:site_name\" content=\"Honda Guanacaste Costa Rica\" \/>\n<meta property=\"article:modified_time\" content=\"2026-04-06T17:03:54+00:00\" \/>\n<meta property=\"og:image\" content=\"https:\/\/depagmotors.com\/wp-content\/uploads\/2025\/02\/4.webp\" \/>\n\t<meta property=\"og:image:width\" content=\"800\" \/>\n\t<meta property=\"og:image:height\" content=\"800\" \/>\n\t<meta property=\"og:image:type\" content=\"image\/webp\" \/>\n<meta name=\"twitter:card\" content=\"summary_large_image\" \/>\n<meta name=\"twitter:label1\" content=\"Est. reading time\" \/>\n\t<meta name=\"twitter:data1\" content=\"1 minute\" \/>\n<script type=\"application\/ld+json\" class=\"yoast-schema-graph\">{\"@context\":\"https:\\\/\\\/schema.org\",\"@graph\":[{\"@type\":\"WebPage\",\"@id\":\"https:\\\/\\\/depagmotors.com\\\/en\\\/motos-honda\\\/doble-proposito\\\/xr300l-tornado\\\/\",\"url\":\"https:\\\/\\\/depagmotors.com\\\/en\\\/motos-honda\\\/doble-proposito\\\/xr300l-tornado\\\/\",\"name\":\"XR300L TORNADO - Honda Guanacaste Costa Rica\",\"isPartOf\":{\"@id\":\"https:\\\/\\\/depagmotors.com\\\/en\\\/#website\"},\"primaryImageOfPage\":{\"@id\":\"https:\\\/\\\/depagmotors.com\\\/en\\\/motos-honda\\\/doble-proposito\\\/xr300l-tornado\\\/#primaryimage\"},\"image\":{\"@id\":\"https:\\\/\\\/depagmotors.com\\\/en\\\/motos-honda\\\/doble-proposito\\\/xr300l-tornado\\\/#primaryimage\"},\"thumbnailUrl\":\"https:\\\/\\\/depagmotors.com\\\/wp-content\\\/uploads\\\/2025\\\/02\\\/tornado-300-1.jpg\",\"datePublished\":\"2025-02-26T17:38:05+00:00\",\"dateModified\":\"2026-04-06T17:03:54+00:00\",\"breadcrumb\":{\"@id\":\"https:\\\/\\\/depagmotors.com\\\/en\\\/motos-honda\\\/doble-proposito\\\/xr300l-tornado\\\/#breadcrumb\"},\"inLanguage\":\"en-US\",\"potentialAction\":[{\"@type\":\"ReadAction\",\"target\":[\"https:\\\/\\\/depagmotors.com\\\/en\\\/motos-honda\\\/doble-proposito\\\/xr300l-tornado\\\/\"]}]},{\"@type\":\"ImageObject\",\"inLanguage\":\"en-US\",\"@id\":\"https:\\\/\\\/depagmotors.com\\\/en\\\/motos-honda\\\/doble-proposito\\\/xr300l-tornado\\\/#primaryimage\",\"url\":\"https:\\\/\\\/depagmotors.com\\\/wp-content\\\/uploads\\\/2025\\\/02\\\/tornado-300-1.jpg\",\"contentUrl\":\"https:\\\/\\\/depagmotors.com\\\/wp-content\\\/uploads\\\/2025\\\/02\\\/tornado-300-1.jpg\",\"width\":1000,\"height\":600},{\"@type\":\"BreadcrumbList\",\"@id\":\"https:\\\/\\\/depagmotors.com\\\/en\\\/motos-honda\\\/doble-proposito\\\/xr300l-tornado\\\/#breadcrumb\",\"itemListElement\":[{\"@type\":\"ListItem\",\"position\":1,\"name\":\"Portada\",\"item\":\"https:\\\/\\\/depagmotors.com\\\/en\\\/\"},{\"@type\":\"ListItem\",\"position\":2,\"name\":\"Catalogo\",\"item\":\"https:\\\/\\\/depagmotors.com\\\/en\\\/catalogo\\\/\"},{\"@type\":\"ListItem\",\"position\":3,\"name\":\"XR300L TORNADO\"}]},{\"@type\":\"WebSite\",\"@id\":\"https:\\\/\\\/depagmotors.com\\\/en\\\/#website\",\"url\":\"https:\\\/\\\/depagmotors.com\\\/en\\\/\",\"name\":\"Honda Guanacaste Costa Rica\",\"description\":\"Venta de Motos Guanacaste\",\"publisher\":{\"@id\":\"https:\\\/\\\/depagmotors.com\\\/en\\\/#organization\"},\"potentialAction\":[{\"@type\":\"SearchAction\",\"target\":{\"@type\":\"EntryPoint\",\"urlTemplate\":\"https:\\\/\\\/depagmotors.com\\\/en\\\/?s={search_term_string}\"},\"query-input\":{\"@type\":\"PropertyValueSpecification\",\"valueRequired\":true,\"valueName\":\"search_term_string\"}}],\"inLanguage\":\"en-US\"},{\"@type\":\"Organization\",\"@id\":\"https:\\\/\\\/depagmotors.com\\\/en\\\/#organization\",\"name\":\"Honda Guanacaste Costa Rica\",\"url\":\"https:\\\/\\\/depagmotors.com\\\/en\\\/\",\"logo\":{\"@type\":\"ImageObject\",\"inLanguage\":\"en-US\",\"@id\":\"https:\\\/\\\/depagmotors.com\\\/en\\\/#\\\/schema\\\/logo\\\/image\\\/\",\"url\":\"https:\\\/\\\/depagmotors.com\\\/wp-content\\\/uploads\\\/2024\\\/07\\\/logo-depag.png\",\"contentUrl\":\"https:\\\/\\\/depagmotors.com\\\/wp-content\\\/uploads\\\/2024\\\/07\\\/logo-depag.png\",\"width\":1200,\"height\":345,\"caption\":\"Honda Guanacaste Costa Rica\"},\"image\":{\"@id\":\"https:\\\/\\\/depagmotors.com\\\/en\\\/#\\\/schema\\\/logo\\\/image\\\/\"}}]}<\/script>\n<!-- \/ Yoast SEO plugin. -->","yoast_head_json":{"title":"XR300L TORNADO - Honda Guanacaste Costa Rica","robots":{"index":"index","follow":"follow","max-snippet":"max-snippet:-1","max-image-preview":"max-image-preview:large","max-video-preview":"max-video-preview:-1"},"canonical":"https:\/\/depagmotors.com\/en\/motos-honda\/doble-proposito\/xr300l-tornado\/","og_locale":"en_US","og_type":"article","og_title":"XR300L TORNADO - Honda Guanacaste Costa Rica","og_description":"La XR300L Tornado es una motocicleta dual-sport potente y vers\u00e1til, dise\u00f1ada para conquistar cualquier terreno con su motor de 294 cc, suspensi\u00f3n de largo recorrido y dise\u00f1o robusto. Ideal para aventuras dentro y fuera del asfalto, combina resistencia, rendimiento y comodidad para ofrecer una experiencia de conducci\u00f3n inigualable.","og_url":"https:\/\/depagmotors.com\/en\/motos-honda\/doble-proposito\/xr300l-tornado\/","og_site_name":"Honda Guanacaste Costa Rica","article_modified_time":"2026-04-06T17:03:54+00:00","og_image":[{"width":800,"height":800,"url":"https:\/\/depagmotors.com\/wp-content\/uploads\/2025\/02\/4.webp","type":"image\/webp"}],"twitter_card":"summary_large_image","twitter_misc":{"Est. reading time":"1 minute"},"schema":{"@context":"https:\/\/schema.org","@graph":[{"@type":"WebPage","@id":"https:\/\/depagmotors.com\/en\/motos-honda\/doble-proposito\/xr300l-tornado\/","url":"https:\/\/depagmotors.com\/en\/motos-honda\/doble-proposito\/xr300l-tornado\/","name":"XR300L TORNADO - Honda Guanacaste Costa Rica","isPartOf":{"@id":"https:\/\/depagmotors.com\/en\/#website"},"primaryImageOfPage":{"@id":"https:\/\/depagmotors.com\/en\/motos-honda\/doble-proposito\/xr300l-tornado\/#primaryimage"},"image":{"@id":"https:\/\/depagmotors.com\/en\/motos-honda\/doble-proposito\/xr300l-tornado\/#primaryimage"},"thumbnailUrl":"https:\/\/depagmotors.com\/wp-content\/uploads\/2025\/02\/tornado-300-1.jpg","datePublished":"2025-02-26T17:38:05+00:00","dateModified":"2026-04-06T17:03:54+00:00","breadcrumb":{"@id":"https:\/\/depagmotors.com\/en\/motos-honda\/doble-proposito\/xr300l-tornado\/#breadcrumb"},"inLanguage":"en-US","potentialAction":[{"@type":"ReadAction","target":["https:\/\/depagmotors.com\/en\/motos-honda\/doble-proposito\/xr300l-tornado\/"]}]},{"@type":"ImageObject","inLanguage":"en-US","@id":"https:\/\/depagmotors.com\/en\/motos-honda\/doble-proposito\/xr300l-tornado\/#primaryimage","url":"https:\/\/depagmotors.com\/wp-content\/uploads\/2025\/02\/tornado-300-1.jpg","contentUrl":"https:\/\/depagmotors.com\/wp-content\/uploads\/2025\/02\/tornado-300-1.jpg","width":1000,"height":600},{"@type":"BreadcrumbList","@id":"https:\/\/depagmotors.com\/en\/motos-honda\/doble-proposito\/xr300l-tornado\/#breadcrumb","itemListElement":[{"@type":"ListItem","position":1,"name":"Portada","item":"https:\/\/depagmotors.com\/en\/"},{"@type":"ListItem","position":2,"name":"Catalogo","item":"https:\/\/depagmotors.com\/en\/catalogo\/"},{"@type":"ListItem","position":3,"name":"XR300L TORNADO"}]},{"@type":"WebSite","@id":"https:\/\/depagmotors.com\/en\/#website","url":"https:\/\/depagmotors.com\/en\/","name":"Honda Guanacaste Costa Rica","description":"Venta de Motos Guanacaste","publisher":{"@id":"https:\/\/depagmotors.com\/en\/#organization"},"potentialAction":[{"@type":"SearchAction","target":{"@type":"EntryPoint","urlTemplate":"https:\/\/depagmotors.com\/en\/?s={search_term_string}"},"query-input":{"@type":"PropertyValueSpecification","valueRequired":true,"valueName":"search_term_string"}}],"inLanguage":"en-US"},{"@type":"Organization","@id":"https:\/\/depagmotors.com\/en\/#organization","name":"Honda Guanacaste Costa Rica","url":"https:\/\/depagmotors.com\/en\/","logo":{"@type":"ImageObject","inLanguage":"en-US","@id":"https:\/\/depagmotors.com\/en\/#\/schema\/logo\/image\/","url":"https:\/\/depagmotors.com\/wp-content\/uploads\/2024\/07\/logo-depag.png","contentUrl":"https:\/\/depagmotors.com\/wp-content\/uploads\/2024\/07\/logo-depag.png","width":1200,"height":345,"caption":"Honda Guanacaste Costa Rica"},"image":{"@id":"https:\/\/depagmotors.com\/en\/#\/schema\/logo\/image\/"}}]}},"_links":{"self":[{"href":"https:\/\/depagmotors.com\/en\/wp-json\/wp\/v2\/product\/2802","targetHints":{"allow":["GET"]}}],"collection":[{"href":"https:\/\/depagmotors.com\/en\/wp-json\/wp\/v2\/product"}],"about":[{"href":"https:\/\/depagmotors.com\/en\/wp-json\/wp\/v2\/types\/product"}],"replies":[{"embeddable":true,"href":"https:\/\/depagmotors.com\/en\/wp-json\/wp\/v2\/comments?post=2802"}],"version-history":[{"count":6,"href":"https:\/\/depagmotors.com\/en\/wp-json\/wp\/v2\/product\/2802\/revisions"}],"predecessor-version":[{"id":3156,"href":"https:\/\/depagmotors.com\/en\/wp-json\/wp\/v2\/product\/2802\/revisions\/3156"}],"wp:featuredmedia":[{"embeddable":true,"href":"https:\/\/depagmotors.com\/en\/wp-json\/wp\/v2\/media\/2808"}],"wp:attachment":[{"href":"https:\/\/depagmotors.com\/en\/wp-json\/wp\/v2\/media?parent=2802"}],"wp:term":[{"taxonomy":"product_brand","embeddable":true,"href":"https:\/\/depagmotors.com\/en\/wp-json\/wp\/v2\/product_brand?post=2802"},{"taxonomy":"product_cat","embeddable":true,"href":"https:\/\/depagmotors.com\/en\/wp-json\/wp\/v2\/product_cat?post=2802"},{"taxonomy":"product_tag","embeddable":true,"href":"https:\/\/depagmotors.com\/en\/wp-json\/wp\/v2\/product_tag?post=2802"}],"curies":[{"name":"wp","href":"https:\/\/api.w.org\/{rel}","templated":true}]}}