{"id":2362,"date":"2024-11-05T09:48:12","date_gmt":"2024-11-05T15:48:12","guid":{"rendered":"https:\/\/depagmotors.com\/?post_type=product&#038;p=2362"},"modified":"2026-04-06T11:03:54","modified_gmt":"2026-04-06T17:03:54","slug":"trx700fa5","status":"publish","type":"product","link":"https:\/\/depagmotors.com\/en\/motos-honda\/cuadraciclos\/trx700fa5\/","title":{"rendered":"TRX700FA5"},"content":{"rendered":"<div data-elementor-type=\"product-post\" data-elementor-id=\"2362\" class=\"elementor elementor-2362\" data-elementor-post-type=\"product\">\n\t\t\t\t<div class=\"elementor-element elementor-element-bc63365 e-flex e-con-boxed e-con e-parent\" data-id=\"bc63365\" data-element_type=\"container\" data-e-type=\"container\">\n\t\t\t\t\t<div class=\"e-con-inner\">\n\t\t\t\t<div class=\"elementor-element elementor-element-5a30e1e6 elementor-widget elementor-widget-text-editor\" data-id=\"5a30e1e6\" data-element_type=\"widget\" data-e-type=\"widget\" data-widget_type=\"text-editor.default\">\n\t\t\t\t<div class=\"elementor-widget-container\">\n\t\t\t\t\t\t\t\t\t<h2>Conquer any path with style.<\/h2><p><strong>Capability that exceeds all expectations.<\/strong><\/p><ul><li>Engine: 4-stroke, single cylinder, OHV<\/li><li>Cooling: liquid<\/li><li>Displacement: 675 cc<\/li><li>Transmission: three speeds and electronic shift reverse.<\/li><li>Fuel Capacity: 20 liters<\/li><li>Seat Height: 883.9 mm<\/li><li>Weight: 317 kg<\/li><li>Front Suspension: independent fork with 175 mm travel.<\/li><li>Rear Suspension: independent fork with 203 mm travel.<\/li><li>Front Brake: dual 180 mm disc.<\/li><li>Rear Brake: 170 mm disc<\/li><li>Front Tire: 26\u00d78-12<\/li><li>Rear Tire: 26\u00d710-12<\/li><\/ul>\t\t\t\t\t\t\t\t<\/div>\n\t\t\t\t<\/div>\n\t\t\t\t\t<\/div>\n\t\t\t\t<\/div>\n\t\t\t\t<\/div>","protected":false},"excerpt":{"rendered":"<p>The Honda TRX700FA5 is a robust ATV with a 675 cc engine, automatic transmission, and advanced suspension, ideal for mastering any terrain with power and stability.<\/p>","protected":false},"featured_media":2528,"comment_status":"open","ping_status":"closed","template":"","meta":{"_acf_changed":false,"_monsterinsights_skip_tracking":false,"_monsterinsights_sitenote_active":false,"_monsterinsights_sitenote_note":"","_monsterinsights_sitenote_category":0},"product_brand":[],"product_cat":[32],"product_tag":[],"class_list":{"0":"post-2362","1":"product","2":"type-product","3":"status-publish","4":"has-post-thumbnail","6":"product_cat-cuadraciclos","8":"first","9":"instock","10":"shipping-taxable","11":"purchasable","12":"product-type-simple"},"acf":[],"yoast_head":"<!-- This site is optimized with the Yoast SEO plugin v27.4 - https:\/\/yoast.com\/product\/yoast-seo-wordpress\/ -->\n<title>TRX700FA5 - Honda Guanacaste Costa Rica<\/title>\n<meta name=\"description\" content=\"El Honda TRX700FA5 es un ATV robusto con motor de 675 cc, transmisi\u00f3n autom\u00e1tica y suspensi\u00f3n avanzada, ideal para dominar cualquier terreno con potencia y estabilidad.\" \/>\n<meta name=\"robots\" content=\"index, follow, max-snippet:-1, max-image-preview:large, max-video-preview:-1\" \/>\n<link rel=\"canonical\" href=\"https:\/\/depagmotors.com\/en\/motos-honda\/cuadraciclos\/trx700fa5\/\" \/>\n<meta property=\"og:locale\" content=\"en_US\" \/>\n<meta property=\"og:type\" content=\"article\" \/>\n<meta property=\"og:title\" content=\"TRX700FA5 - Honda Guanacaste Costa Rica\" \/>\n<meta property=\"og:description\" content=\"El Honda TRX700FA5 es un ATV robusto con motor de 675 cc, transmisi\u00f3n autom\u00e1tica y suspensi\u00f3n avanzada, ideal para dominar cualquier terreno con potencia y estabilidad.\" \/>\n<meta property=\"og:url\" content=\"https:\/\/depagmotors.com\/en\/motos-honda\/cuadraciclos\/trx700fa5\/\" \/>\n<meta property=\"og:site_name\" content=\"Honda Guanacaste Costa Rica\" \/>\n<meta property=\"article:modified_time\" content=\"2026-04-06T17:03:54+00:00\" \/>\n<meta property=\"og:image\" content=\"https:\/\/depagmotors.com\/wp-content\/uploads\/2024\/11\/TRX700FA5-1.jpg\" \/>\n\t<meta property=\"og:image:width\" content=\"1000\" \/>\n\t<meta property=\"og:image:height\" content=\"600\" \/>\n\t<meta property=\"og:image:type\" content=\"image\/jpeg\" \/>\n<meta name=\"twitter:card\" content=\"summary_large_image\" \/>\n<meta name=\"twitter:label1\" content=\"Est. reading time\" \/>\n\t<meta name=\"twitter:data1\" content=\"1 minute\" \/>\n<script type=\"application\/ld+json\" class=\"yoast-schema-graph\">{\"@context\":\"https:\\\/\\\/schema.org\",\"@graph\":[{\"@type\":\"WebPage\",\"@id\":\"https:\\\/\\\/depagmotors.com\\\/en\\\/motos-honda\\\/cuadraciclos\\\/trx700fa5\\\/\",\"url\":\"https:\\\/\\\/depagmotors.com\\\/en\\\/motos-honda\\\/cuadraciclos\\\/trx700fa5\\\/\",\"name\":\"TRX700FA5 - Honda Guanacaste Costa Rica\",\"isPartOf\":{\"@id\":\"https:\\\/\\\/depagmotors.com\\\/en\\\/#website\"},\"primaryImageOfPage\":{\"@id\":\"https:\\\/\\\/depagmotors.com\\\/en\\\/motos-honda\\\/cuadraciclos\\\/trx700fa5\\\/#primaryimage\"},\"image\":{\"@id\":\"https:\\\/\\\/depagmotors.com\\\/en\\\/motos-honda\\\/cuadraciclos\\\/trx700fa5\\\/#primaryimage\"},\"thumbnailUrl\":\"https:\\\/\\\/depagmotors.com\\\/wp-content\\\/uploads\\\/2024\\\/11\\\/TRX700FA5-1.jpg\",\"datePublished\":\"2024-11-05T15:48:12+00:00\",\"dateModified\":\"2026-04-06T17:03:54+00:00\",\"description\":\"El Honda TRX700FA5 es un ATV robusto con motor de 675 cc, transmisi\u00f3n autom\u00e1tica y suspensi\u00f3n avanzada, ideal para dominar cualquier terreno con potencia y estabilidad.\",\"breadcrumb\":{\"@id\":\"https:\\\/\\\/depagmotors.com\\\/en\\\/motos-honda\\\/cuadraciclos\\\/trx700fa5\\\/#breadcrumb\"},\"inLanguage\":\"en-US\",\"potentialAction\":[{\"@type\":\"ReadAction\",\"target\":[\"https:\\\/\\\/depagmotors.com\\\/en\\\/motos-honda\\\/cuadraciclos\\\/trx700fa5\\\/\"]}]},{\"@type\":\"ImageObject\",\"inLanguage\":\"en-US\",\"@id\":\"https:\\\/\\\/depagmotors.com\\\/en\\\/motos-honda\\\/cuadraciclos\\\/trx700fa5\\\/#primaryimage\",\"url\":\"https:\\\/\\\/depagmotors.com\\\/wp-content\\\/uploads\\\/2024\\\/11\\\/TRX700FA5-1.jpg\",\"contentUrl\":\"https:\\\/\\\/depagmotors.com\\\/wp-content\\\/uploads\\\/2024\\\/11\\\/TRX700FA5-1.jpg\",\"width\":1000,\"height\":600},{\"@type\":\"BreadcrumbList\",\"@id\":\"https:\\\/\\\/depagmotors.com\\\/en\\\/motos-honda\\\/cuadraciclos\\\/trx700fa5\\\/#breadcrumb\",\"itemListElement\":[{\"@type\":\"ListItem\",\"position\":1,\"name\":\"Portada\",\"item\":\"https:\\\/\\\/depagmotors.com\\\/en\\\/\"},{\"@type\":\"ListItem\",\"position\":2,\"name\":\"Catalogo\",\"item\":\"https:\\\/\\\/depagmotors.com\\\/en\\\/catalogo\\\/\"},{\"@type\":\"ListItem\",\"position\":3,\"name\":\"TRX700FA5\"}]},{\"@type\":\"WebSite\",\"@id\":\"https:\\\/\\\/depagmotors.com\\\/en\\\/#website\",\"url\":\"https:\\\/\\\/depagmotors.com\\\/en\\\/\",\"name\":\"Honda Guanacaste Costa Rica\",\"description\":\"Venta de Motos Guanacaste\",\"publisher\":{\"@id\":\"https:\\\/\\\/depagmotors.com\\\/en\\\/#organization\"},\"potentialAction\":[{\"@type\":\"SearchAction\",\"target\":{\"@type\":\"EntryPoint\",\"urlTemplate\":\"https:\\\/\\\/depagmotors.com\\\/en\\\/?s={search_term_string}\"},\"query-input\":{\"@type\":\"PropertyValueSpecification\",\"valueRequired\":true,\"valueName\":\"search_term_string\"}}],\"inLanguage\":\"en-US\"},{\"@type\":\"Organization\",\"@id\":\"https:\\\/\\\/depagmotors.com\\\/en\\\/#organization\",\"name\":\"Honda Guanacaste Costa Rica\",\"url\":\"https:\\\/\\\/depagmotors.com\\\/en\\\/\",\"logo\":{\"@type\":\"ImageObject\",\"inLanguage\":\"en-US\",\"@id\":\"https:\\\/\\\/depagmotors.com\\\/en\\\/#\\\/schema\\\/logo\\\/image\\\/\",\"url\":\"https:\\\/\\\/depagmotors.com\\\/wp-content\\\/uploads\\\/2024\\\/07\\\/logo-depag.png\",\"contentUrl\":\"https:\\\/\\\/depagmotors.com\\\/wp-content\\\/uploads\\\/2024\\\/07\\\/logo-depag.png\",\"width\":1200,\"height\":345,\"caption\":\"Honda Guanacaste Costa Rica\"},\"image\":{\"@id\":\"https:\\\/\\\/depagmotors.com\\\/en\\\/#\\\/schema\\\/logo\\\/image\\\/\"}}]}<\/script>\n<!-- \/ Yoast SEO plugin. -->","yoast_head_json":{"title":"TRX700FA5 - Honda Guanacaste Costa Rica","description":"The Honda TRX700FA5 is a robust ATV with a 675 cc engine, automatic transmission, and advanced suspension, ideal for mastering any terrain with power and stability.","robots":{"index":"index","follow":"follow","max-snippet":"max-snippet:-1","max-image-preview":"max-image-preview:large","max-video-preview":"max-video-preview:-1"},"canonical":"https:\/\/depagmotors.com\/en\/motos-honda\/cuadraciclos\/trx700fa5\/","og_locale":"en_US","og_type":"article","og_title":"TRX700FA5 - Honda Guanacaste Costa Rica","og_description":"El Honda TRX700FA5 es un ATV robusto con motor de 675 cc, transmisi\u00f3n autom\u00e1tica y suspensi\u00f3n avanzada, ideal para dominar cualquier terreno con potencia y estabilidad.","og_url":"https:\/\/depagmotors.com\/en\/motos-honda\/cuadraciclos\/trx700fa5\/","og_site_name":"Honda Guanacaste Costa Rica","article_modified_time":"2026-04-06T17:03:54+00:00","og_image":[{"width":1000,"height":600,"url":"https:\/\/depagmotors.com\/wp-content\/uploads\/2024\/11\/TRX700FA5-1.jpg","type":"image\/jpeg"}],"twitter_card":"summary_large_image","twitter_misc":{"Est. reading time":"1 minute"},"schema":{"@context":"https:\/\/schema.org","@graph":[{"@type":"WebPage","@id":"https:\/\/depagmotors.com\/en\/motos-honda\/cuadraciclos\/trx700fa5\/","url":"https:\/\/depagmotors.com\/en\/motos-honda\/cuadraciclos\/trx700fa5\/","name":"TRX700FA5 - Honda Guanacaste Costa Rica","isPartOf":{"@id":"https:\/\/depagmotors.com\/en\/#website"},"primaryImageOfPage":{"@id":"https:\/\/depagmotors.com\/en\/motos-honda\/cuadraciclos\/trx700fa5\/#primaryimage"},"image":{"@id":"https:\/\/depagmotors.com\/en\/motos-honda\/cuadraciclos\/trx700fa5\/#primaryimage"},"thumbnailUrl":"https:\/\/depagmotors.com\/wp-content\/uploads\/2024\/11\/TRX700FA5-1.jpg","datePublished":"2024-11-05T15:48:12+00:00","dateModified":"2026-04-06T17:03:54+00:00","description":"The Honda TRX700FA5 is a robust ATV with a 675 cc engine, automatic transmission, and advanced suspension, ideal for mastering any terrain with power and stability.","breadcrumb":{"@id":"https:\/\/depagmotors.com\/en\/motos-honda\/cuadraciclos\/trx700fa5\/#breadcrumb"},"inLanguage":"en-US","potentialAction":[{"@type":"ReadAction","target":["https:\/\/depagmotors.com\/en\/motos-honda\/cuadraciclos\/trx700fa5\/"]}]},{"@type":"ImageObject","inLanguage":"en-US","@id":"https:\/\/depagmotors.com\/en\/motos-honda\/cuadraciclos\/trx700fa5\/#primaryimage","url":"https:\/\/depagmotors.com\/wp-content\/uploads\/2024\/11\/TRX700FA5-1.jpg","contentUrl":"https:\/\/depagmotors.com\/wp-content\/uploads\/2024\/11\/TRX700FA5-1.jpg","width":1000,"height":600},{"@type":"BreadcrumbList","@id":"https:\/\/depagmotors.com\/en\/motos-honda\/cuadraciclos\/trx700fa5\/#breadcrumb","itemListElement":[{"@type":"ListItem","position":1,"name":"Portada","item":"https:\/\/depagmotors.com\/en\/"},{"@type":"ListItem","position":2,"name":"Catalogo","item":"https:\/\/depagmotors.com\/en\/catalogo\/"},{"@type":"ListItem","position":3,"name":"TRX700FA5"}]},{"@type":"WebSite","@id":"https:\/\/depagmotors.com\/en\/#website","url":"https:\/\/depagmotors.com\/en\/","name":"Honda Guanacaste Costa Rica","description":"Venta de Motos Guanacaste","publisher":{"@id":"https:\/\/depagmotors.com\/en\/#organization"},"potentialAction":[{"@type":"SearchAction","target":{"@type":"EntryPoint","urlTemplate":"https:\/\/depagmotors.com\/en\/?s={search_term_string}"},"query-input":{"@type":"PropertyValueSpecification","valueRequired":true,"valueName":"search_term_string"}}],"inLanguage":"en-US"},{"@type":"Organization","@id":"https:\/\/depagmotors.com\/en\/#organization","name":"Honda Guanacaste Costa Rica","url":"https:\/\/depagmotors.com\/en\/","logo":{"@type":"ImageObject","inLanguage":"en-US","@id":"https:\/\/depagmotors.com\/en\/#\/schema\/logo\/image\/","url":"https:\/\/depagmotors.com\/wp-content\/uploads\/2024\/07\/logo-depag.png","contentUrl":"https:\/\/depagmotors.com\/wp-content\/uploads\/2024\/07\/logo-depag.png","width":1200,"height":345,"caption":"Honda Guanacaste Costa Rica"},"image":{"@id":"https:\/\/depagmotors.com\/en\/#\/schema\/logo\/image\/"}}]}},"_links":{"self":[{"href":"https:\/\/depagmotors.com\/en\/wp-json\/wp\/v2\/product\/2362","targetHints":{"allow":["GET"]}}],"collection":[{"href":"https:\/\/depagmotors.com\/en\/wp-json\/wp\/v2\/product"}],"about":[{"href":"https:\/\/depagmotors.com\/en\/wp-json\/wp\/v2\/types\/product"}],"replies":[{"embeddable":true,"href":"https:\/\/depagmotors.com\/en\/wp-json\/wp\/v2\/comments?post=2362"}],"version-history":[{"count":6,"href":"https:\/\/depagmotors.com\/en\/wp-json\/wp\/v2\/product\/2362\/revisions"}],"predecessor-version":[{"id":2531,"href":"https:\/\/depagmotors.com\/en\/wp-json\/wp\/v2\/product\/2362\/revisions\/2531"}],"wp:featuredmedia":[{"embeddable":true,"href":"https:\/\/depagmotors.com\/en\/wp-json\/wp\/v2\/media\/2528"}],"wp:attachment":[{"href":"https:\/\/depagmotors.com\/en\/wp-json\/wp\/v2\/media?parent=2362"}],"wp:term":[{"taxonomy":"product_brand","embeddable":true,"href":"https:\/\/depagmotors.com\/en\/wp-json\/wp\/v2\/product_brand?post=2362"},{"taxonomy":"product_cat","embeddable":true,"href":"https:\/\/depagmotors.com\/en\/wp-json\/wp\/v2\/product_cat?post=2362"},{"taxonomy":"product_tag","embeddable":true,"href":"https:\/\/depagmotors.com\/en\/wp-json\/wp\/v2\/product_tag?post=2362"}],"curies":[{"name":"wp","href":"https:\/\/api.w.org\/{rel}","templated":true}]}}