{"id":1624,"date":"2024-10-04T21:33:07","date_gmt":"2024-10-04T21:33:07","guid":{"rendered":"https:\/\/depagmotors.com\/?post_type=product&#038;p=1624"},"modified":"2026-04-06T11:03:54","modified_gmt":"2026-04-06T17:03:54","slug":"talon-1000x-4-live-valve","status":"publish","type":"product","link":"https:\/\/depagmotors.com\/en\/motos-honda\/side-by-side\/talon-1000x-4-live-valve\/","title":{"rendered":"TALON 1000X-4 LIVE VALVE"},"content":{"rendered":"<div data-elementor-type=\"product-post\" data-elementor-id=\"1624\" class=\"elementor elementor-1624\" data-elementor-post-type=\"product\">\n\t\t\t\t<div class=\"elementor-element elementor-element-bc63365 e-flex e-con-boxed e-con e-parent\" data-id=\"bc63365\" data-element_type=\"container\" data-e-type=\"container\">\n\t\t\t\t\t<div class=\"e-con-inner\">\n\t\t\t\t<div class=\"elementor-element elementor-element-5a30e1e6 elementor-widget elementor-widget-text-editor\" data-id=\"5a30e1e6\" data-element_type=\"widget\" data-e-type=\"widget\" data-widget_type=\"text-editor.default\">\n\t\t\t\t<div class=\"elementor-widget-container\">\n\t\t\t\t\t\t\t\t\t<h2>4 seats to live the adventure<\/h2><p><strong>Its electronic suspensions provide a superior experience.<\/strong><\/p><ul><li>Engine: 4-stroke, OHC<\/li><li>Displacement: 999 cc, parallel-twin, 4 valves per cylinder UniCam\u00ae<\/li><li>Cooling: liquid<\/li><li>Fuel Capacity: 29.1 liters.<\/li><li>Transmission: 6-speed automatic dual-clutch (DCT) with reverse.<\/li><li>Seat Height: 711 mm.<\/li><li>Weight: 787 kg (in running order)<\/li><li>Front Suspension: dual independent fork, 371 mm travel, with FOX Podium 2.5 shocks and electronic Live Valve adjustment.<\/li><li>Rear Suspension: 3+ link trailing arm, 511 mm travel, with FOX Podium 2.5 shocks and electronic Live Valve adjustment.<\/li><li>Front Brake: dual 250 mm diameter discs, hydraulic caliper.<\/li><li>Rear Brake: dual 250 mm diameter discs, hydraulic caliper.<\/li><li>Front Tires: 28 x 9-15<\/li><li>Rear Tires: 28 x 11-15<\/li><\/ul><p>Special Features:<br \/>\u2022 Capacity: 4 passengers.<br \/>\u2022 Drive Modes: 2WD and i-4WD.<br \/>\u2022 Shift Modes: Standard, Sport, and Manual with paddle shifters on the handlebar.<br \/>\u2022 Unique with automatic transmission and launch mode combined.<br \/>\u2022 Rollover Protective Structure (ROPS).<br \/>\u2022 Rear Seats: stadium-style for better forward visibility.<\/p>\t\t\t\t\t\t\t\t<\/div>\n\t\t\t\t<\/div>\n\t\t\t\t\t<\/div>\n\t\t\t\t<\/div>\n\t\t\t\t<\/div>","protected":false},"excerpt":{"rendered":"<p>The perfect combination of capability and advanced technology for your outdoor adventures. With a powerful 999cc engine and seating for up to four passengers, this UTV is designed to conquer any terrain. Its innovative Live Valve system adjusts the suspension in real-time, optimizing performance and comfort on every ride. With four-wheel drive and a robust design, the Talon 1000X-4 Live Valve offers an unparalleled off-road experience, always backed by Honda's reliability and quality.<\/p>","protected":false},"featured_media":1626,"comment_status":"open","ping_status":"closed","template":"","meta":{"_acf_changed":false,"_monsterinsights_skip_tracking":false,"_monsterinsights_sitenote_active":false,"_monsterinsights_sitenote_note":"","_monsterinsights_sitenote_category":0},"product_brand":[],"product_cat":[33],"product_tag":[],"class_list":{"0":"post-1624","1":"product","2":"type-product","3":"status-publish","4":"has-post-thumbnail","6":"product_cat-side-by-side","8":"first","9":"instock","10":"shipping-taxable","11":"purchasable","12":"product-type-simple"},"acf":[],"yoast_head":"<!-- This site is optimized with the Yoast SEO plugin v27.4 - https:\/\/yoast.com\/product\/yoast-seo-wordpress\/ -->\n<title>TALON 1000X-4 LIVE VALVE - Honda Guanacaste Costa Rica<\/title>\n<meta name=\"robots\" content=\"index, follow, max-snippet:-1, max-image-preview:large, max-video-preview:-1\" \/>\n<link rel=\"canonical\" href=\"https:\/\/depagmotors.com\/en\/motos-honda\/side-by-side\/talon-1000x-4-live-valve\/\" \/>\n<meta property=\"og:locale\" content=\"en_US\" \/>\n<meta property=\"og:type\" content=\"article\" \/>\n<meta property=\"og:title\" content=\"TALON 1000X-4 LIVE VALVE - Honda Guanacaste Costa Rica\" \/>\n<meta property=\"og:description\" content=\"La combinaci\u00f3n perfecta de capacidad y tecnolog\u00eda avanzada para tus aventuras al aire libre. Con un motor potente de 999cc y espacio para hasta cuatro pasajeros, este UTV est\u00e1 dise\u00f1ado para conquistar cualquier terreno. Su innovador sistema Live Valve ajusta la suspensi\u00f3n en tiempo real, optimizando el rendimiento y la comodidad en cada recorrido. Con tracci\u00f3n en las cuatro ruedas y un dise\u00f1o robusto, el Talon 1000X-4 Live Valve ofrece una experiencia todoterreno sin igual, siempre respaldado por la fiabilidad y calidad de Honda.\" \/>\n<meta property=\"og:url\" content=\"https:\/\/depagmotors.com\/en\/motos-honda\/side-by-side\/talon-1000x-4-live-valve\/\" \/>\n<meta property=\"og:site_name\" content=\"Honda Guanacaste Costa Rica\" \/>\n<meta property=\"article:modified_time\" content=\"2026-04-06T17:03:54+00:00\" \/>\n<meta property=\"og:image\" content=\"https:\/\/depagmotors.com\/wp-content\/uploads\/2024\/10\/TALON-1000X-4-LIVE-VALVE-1.jpg\" \/>\n\t<meta property=\"og:image:width\" content=\"1000\" \/>\n\t<meta property=\"og:image:height\" content=\"600\" \/>\n\t<meta property=\"og:image:type\" content=\"image\/jpeg\" \/>\n<meta name=\"twitter:card\" content=\"summary_large_image\" \/>\n<meta name=\"twitter:label1\" content=\"Est. reading time\" \/>\n\t<meta name=\"twitter:data1\" content=\"2 minutes\" \/>\n<script type=\"application\/ld+json\" class=\"yoast-schema-graph\">{\"@context\":\"https:\\\/\\\/schema.org\",\"@graph\":[{\"@type\":\"WebPage\",\"@id\":\"https:\\\/\\\/depagmotors.com\\\/en\\\/motos-honda\\\/side-by-side\\\/talon-1000x-4-live-valve\\\/\",\"url\":\"https:\\\/\\\/depagmotors.com\\\/en\\\/motos-honda\\\/side-by-side\\\/talon-1000x-4-live-valve\\\/\",\"name\":\"TALON 1000X-4 LIVE VALVE - Honda Guanacaste Costa Rica\",\"isPartOf\":{\"@id\":\"https:\\\/\\\/depagmotors.com\\\/en\\\/#website\"},\"primaryImageOfPage\":{\"@id\":\"https:\\\/\\\/depagmotors.com\\\/en\\\/motos-honda\\\/side-by-side\\\/talon-1000x-4-live-valve\\\/#primaryimage\"},\"image\":{\"@id\":\"https:\\\/\\\/depagmotors.com\\\/en\\\/motos-honda\\\/side-by-side\\\/talon-1000x-4-live-valve\\\/#primaryimage\"},\"thumbnailUrl\":\"https:\\\/\\\/depagmotors.com\\\/wp-content\\\/uploads\\\/2024\\\/10\\\/TALON-1000X-4-LIVE-VALVE-1.jpg\",\"datePublished\":\"2024-10-04T21:33:07+00:00\",\"dateModified\":\"2026-04-06T17:03:54+00:00\",\"breadcrumb\":{\"@id\":\"https:\\\/\\\/depagmotors.com\\\/en\\\/motos-honda\\\/side-by-side\\\/talon-1000x-4-live-valve\\\/#breadcrumb\"},\"inLanguage\":\"en-US\",\"potentialAction\":[{\"@type\":\"ReadAction\",\"target\":[\"https:\\\/\\\/depagmotors.com\\\/en\\\/motos-honda\\\/side-by-side\\\/talon-1000x-4-live-valve\\\/\"]}]},{\"@type\":\"ImageObject\",\"inLanguage\":\"en-US\",\"@id\":\"https:\\\/\\\/depagmotors.com\\\/en\\\/motos-honda\\\/side-by-side\\\/talon-1000x-4-live-valve\\\/#primaryimage\",\"url\":\"https:\\\/\\\/depagmotors.com\\\/wp-content\\\/uploads\\\/2024\\\/10\\\/TALON-1000X-4-LIVE-VALVE-1.jpg\",\"contentUrl\":\"https:\\\/\\\/depagmotors.com\\\/wp-content\\\/uploads\\\/2024\\\/10\\\/TALON-1000X-4-LIVE-VALVE-1.jpg\",\"width\":1000,\"height\":600},{\"@type\":\"BreadcrumbList\",\"@id\":\"https:\\\/\\\/depagmotors.com\\\/en\\\/motos-honda\\\/side-by-side\\\/talon-1000x-4-live-valve\\\/#breadcrumb\",\"itemListElement\":[{\"@type\":\"ListItem\",\"position\":1,\"name\":\"Portada\",\"item\":\"https:\\\/\\\/depagmotors.com\\\/en\\\/\"},{\"@type\":\"ListItem\",\"position\":2,\"name\":\"Catalogo\",\"item\":\"https:\\\/\\\/depagmotors.com\\\/en\\\/catalogo\\\/\"},{\"@type\":\"ListItem\",\"position\":3,\"name\":\"TALON 1000X-4 LIVE VALVE\"}]},{\"@type\":\"WebSite\",\"@id\":\"https:\\\/\\\/depagmotors.com\\\/en\\\/#website\",\"url\":\"https:\\\/\\\/depagmotors.com\\\/en\\\/\",\"name\":\"Honda Guanacaste Costa Rica\",\"description\":\"Venta de Motos Guanacaste\",\"publisher\":{\"@id\":\"https:\\\/\\\/depagmotors.com\\\/en\\\/#organization\"},\"potentialAction\":[{\"@type\":\"SearchAction\",\"target\":{\"@type\":\"EntryPoint\",\"urlTemplate\":\"https:\\\/\\\/depagmotors.com\\\/en\\\/?s={search_term_string}\"},\"query-input\":{\"@type\":\"PropertyValueSpecification\",\"valueRequired\":true,\"valueName\":\"search_term_string\"}}],\"inLanguage\":\"en-US\"},{\"@type\":\"Organization\",\"@id\":\"https:\\\/\\\/depagmotors.com\\\/en\\\/#organization\",\"name\":\"Honda Guanacaste Costa Rica\",\"url\":\"https:\\\/\\\/depagmotors.com\\\/en\\\/\",\"logo\":{\"@type\":\"ImageObject\",\"inLanguage\":\"en-US\",\"@id\":\"https:\\\/\\\/depagmotors.com\\\/en\\\/#\\\/schema\\\/logo\\\/image\\\/\",\"url\":\"https:\\\/\\\/depagmotors.com\\\/wp-content\\\/uploads\\\/2024\\\/07\\\/logo-depag.png\",\"contentUrl\":\"https:\\\/\\\/depagmotors.com\\\/wp-content\\\/uploads\\\/2024\\\/07\\\/logo-depag.png\",\"width\":1200,\"height\":345,\"caption\":\"Honda Guanacaste Costa Rica\"},\"image\":{\"@id\":\"https:\\\/\\\/depagmotors.com\\\/en\\\/#\\\/schema\\\/logo\\\/image\\\/\"}}]}<\/script>\n<!-- \/ Yoast SEO plugin. -->","yoast_head_json":{"title":"TALON 1000X-4 LIVE VALVE - Honda Guanacaste Costa Rica","robots":{"index":"index","follow":"follow","max-snippet":"max-snippet:-1","max-image-preview":"max-image-preview:large","max-video-preview":"max-video-preview:-1"},"canonical":"https:\/\/depagmotors.com\/en\/motos-honda\/side-by-side\/talon-1000x-4-live-valve\/","og_locale":"en_US","og_type":"article","og_title":"TALON 1000X-4 LIVE VALVE - Honda Guanacaste Costa Rica","og_description":"La combinaci\u00f3n perfecta de capacidad y tecnolog\u00eda avanzada para tus aventuras al aire libre. Con un motor potente de 999cc y espacio para hasta cuatro pasajeros, este UTV est\u00e1 dise\u00f1ado para conquistar cualquier terreno. Su innovador sistema Live Valve ajusta la suspensi\u00f3n en tiempo real, optimizando el rendimiento y la comodidad en cada recorrido. Con tracci\u00f3n en las cuatro ruedas y un dise\u00f1o robusto, el Talon 1000X-4 Live Valve ofrece una experiencia todoterreno sin igual, siempre respaldado por la fiabilidad y calidad de Honda.","og_url":"https:\/\/depagmotors.com\/en\/motos-honda\/side-by-side\/talon-1000x-4-live-valve\/","og_site_name":"Honda Guanacaste Costa Rica","article_modified_time":"2026-04-06T17:03:54+00:00","og_image":[{"width":1000,"height":600,"url":"https:\/\/depagmotors.com\/wp-content\/uploads\/2024\/10\/TALON-1000X-4-LIVE-VALVE-1.jpg","type":"image\/jpeg"}],"twitter_card":"summary_large_image","twitter_misc":{"Est. reading time":"2 minutes"},"schema":{"@context":"https:\/\/schema.org","@graph":[{"@type":"WebPage","@id":"https:\/\/depagmotors.com\/en\/motos-honda\/side-by-side\/talon-1000x-4-live-valve\/","url":"https:\/\/depagmotors.com\/en\/motos-honda\/side-by-side\/talon-1000x-4-live-valve\/","name":"TALON 1000X-4 LIVE VALVE - Honda Guanacaste Costa Rica","isPartOf":{"@id":"https:\/\/depagmotors.com\/en\/#website"},"primaryImageOfPage":{"@id":"https:\/\/depagmotors.com\/en\/motos-honda\/side-by-side\/talon-1000x-4-live-valve\/#primaryimage"},"image":{"@id":"https:\/\/depagmotors.com\/en\/motos-honda\/side-by-side\/talon-1000x-4-live-valve\/#primaryimage"},"thumbnailUrl":"https:\/\/depagmotors.com\/wp-content\/uploads\/2024\/10\/TALON-1000X-4-LIVE-VALVE-1.jpg","datePublished":"2024-10-04T21:33:07+00:00","dateModified":"2026-04-06T17:03:54+00:00","breadcrumb":{"@id":"https:\/\/depagmotors.com\/en\/motos-honda\/side-by-side\/talon-1000x-4-live-valve\/#breadcrumb"},"inLanguage":"en-US","potentialAction":[{"@type":"ReadAction","target":["https:\/\/depagmotors.com\/en\/motos-honda\/side-by-side\/talon-1000x-4-live-valve\/"]}]},{"@type":"ImageObject","inLanguage":"en-US","@id":"https:\/\/depagmotors.com\/en\/motos-honda\/side-by-side\/talon-1000x-4-live-valve\/#primaryimage","url":"https:\/\/depagmotors.com\/wp-content\/uploads\/2024\/10\/TALON-1000X-4-LIVE-VALVE-1.jpg","contentUrl":"https:\/\/depagmotors.com\/wp-content\/uploads\/2024\/10\/TALON-1000X-4-LIVE-VALVE-1.jpg","width":1000,"height":600},{"@type":"BreadcrumbList","@id":"https:\/\/depagmotors.com\/en\/motos-honda\/side-by-side\/talon-1000x-4-live-valve\/#breadcrumb","itemListElement":[{"@type":"ListItem","position":1,"name":"Portada","item":"https:\/\/depagmotors.com\/en\/"},{"@type":"ListItem","position":2,"name":"Catalogo","item":"https:\/\/depagmotors.com\/en\/catalogo\/"},{"@type":"ListItem","position":3,"name":"TALON 1000X-4 LIVE VALVE"}]},{"@type":"WebSite","@id":"https:\/\/depagmotors.com\/en\/#website","url":"https:\/\/depagmotors.com\/en\/","name":"Honda Guanacaste Costa Rica","description":"Venta de Motos Guanacaste","publisher":{"@id":"https:\/\/depagmotors.com\/en\/#organization"},"potentialAction":[{"@type":"SearchAction","target":{"@type":"EntryPoint","urlTemplate":"https:\/\/depagmotors.com\/en\/?s={search_term_string}"},"query-input":{"@type":"PropertyValueSpecification","valueRequired":true,"valueName":"search_term_string"}}],"inLanguage":"en-US"},{"@type":"Organization","@id":"https:\/\/depagmotors.com\/en\/#organization","name":"Honda Guanacaste Costa Rica","url":"https:\/\/depagmotors.com\/en\/","logo":{"@type":"ImageObject","inLanguage":"en-US","@id":"https:\/\/depagmotors.com\/en\/#\/schema\/logo\/image\/","url":"https:\/\/depagmotors.com\/wp-content\/uploads\/2024\/07\/logo-depag.png","contentUrl":"https:\/\/depagmotors.com\/wp-content\/uploads\/2024\/07\/logo-depag.png","width":1200,"height":345,"caption":"Honda Guanacaste Costa Rica"},"image":{"@id":"https:\/\/depagmotors.com\/en\/#\/schema\/logo\/image\/"}}]}},"_links":{"self":[{"href":"https:\/\/depagmotors.com\/en\/wp-json\/wp\/v2\/product\/1624","targetHints":{"allow":["GET"]}}],"collection":[{"href":"https:\/\/depagmotors.com\/en\/wp-json\/wp\/v2\/product"}],"about":[{"href":"https:\/\/depagmotors.com\/en\/wp-json\/wp\/v2\/types\/product"}],"replies":[{"embeddable":true,"href":"https:\/\/depagmotors.com\/en\/wp-json\/wp\/v2\/comments?post=1624"}],"version-history":[{"count":5,"href":"https:\/\/depagmotors.com\/en\/wp-json\/wp\/v2\/product\/1624\/revisions"}],"predecessor-version":[{"id":3371,"href":"https:\/\/depagmotors.com\/en\/wp-json\/wp\/v2\/product\/1624\/revisions\/3371"}],"wp:featuredmedia":[{"embeddable":true,"href":"https:\/\/depagmotors.com\/en\/wp-json\/wp\/v2\/media\/1626"}],"wp:attachment":[{"href":"https:\/\/depagmotors.com\/en\/wp-json\/wp\/v2\/media?parent=1624"}],"wp:term":[{"taxonomy":"product_brand","embeddable":true,"href":"https:\/\/depagmotors.com\/en\/wp-json\/wp\/v2\/product_brand?post=1624"},{"taxonomy":"product_cat","embeddable":true,"href":"https:\/\/depagmotors.com\/en\/wp-json\/wp\/v2\/product_cat?post=1624"},{"taxonomy":"product_tag","embeddable":true,"href":"https:\/\/depagmotors.com\/en\/wp-json\/wp\/v2\/product_tag?post=1624"}],"curies":[{"name":"wp","href":"https:\/\/api.w.org\/{rel}","templated":true}]}}