{"id":1569,"date":"2024-10-04T20:17:20","date_gmt":"2024-10-04T20:17:20","guid":{"rendered":"https:\/\/depagmotors.com\/?post_type=product&#038;p=1569"},"modified":"2026-04-06T11:03:53","modified_gmt":"2026-04-06T17:03:53","slug":"pioneer-700-4","status":"publish","type":"product","link":"https:\/\/depagmotors.com\/en\/motos-honda\/side-by-side\/pioneer-700-4\/","title":{"rendered":"PIONEER 700-4"},"content":{"rendered":"<div data-elementor-type=\"product-post\" data-elementor-id=\"1569\" class=\"elementor elementor-1569\" data-elementor-post-type=\"product\">\n\t\t\t\t<div class=\"elementor-element elementor-element-bc63365 e-flex e-con-boxed e-con e-parent\" data-id=\"bc63365\" data-element_type=\"container\" data-e-type=\"container\">\n\t\t\t\t\t<div class=\"e-con-inner\">\n\t\t\t\t<div class=\"elementor-element elementor-element-5a30e1e6 elementor-widget elementor-widget-text-editor\" data-id=\"5a30e1e6\" data-element_type=\"widget\" data-e-type=\"widget\" data-widget_type=\"text-editor.default\">\n\t\t\t\t<div class=\"elementor-widget-container\">\n\t\t\t\t\t\t\t\t\t<h2>More displacement that takes you wherever necessary.<\/h2><p><strong>A combination of features that promise a unique experience.<\/strong><\/p><ul><li>Engine: 4-stroke, single cylinder, OHV<\/li><li>Cooling: liquid<\/li><li>Displacement: 675 cc<\/li><li>Transmission: 3-speed automatic with reverse.<\/li><li>Fuel Capacity: 31 liters<\/li><li>Weight: 633 kg<\/li><li>Front Suspension: double independent wishbone, 200 mm travel.<\/li><li>Rear Suspension: dual independent fork with preload adjustment, 231 mm travel.<\/li><li>Front Brake: 200 mm diameter disc, hydraulic caliper<\/li><li>Rear Brake: 170 mm disc, hydraulic caliper.<\/li><li>Front Tires: 25 x 8-12<\/li><li>Rear Tires: 25 x 10-12.<\/li><\/ul>\t\t\t\t\t\t\t\t<\/div>\n\t\t\t\t<\/div>\n\t\t\t\t\t<\/div>\n\t\t\t\t<\/div>\n\t\t\t\t<\/div>","protected":false},"excerpt":{"rendered":"<p>Versatility and power in a single vehicle. With a 675cc engine and seating capacity for four passengers, the Pioneer 700-4 is perfect for group adventures and demanding jobs. Its four-wheel drive system and robust suspension ensure reliable handling on any terrain. Additionally, its versatile cargo box and intelligent design make it the ideal ally for fieldwork or outdoor explorations. With Honda's durability and technology, you are ready for any challenge.<\/p>","protected":false},"featured_media":1570,"comment_status":"open","ping_status":"closed","template":"","meta":{"_acf_changed":false,"_monsterinsights_skip_tracking":false,"_monsterinsights_sitenote_active":false,"_monsterinsights_sitenote_note":"","_monsterinsights_sitenote_category":0},"product_brand":[],"product_cat":[33],"product_tag":[],"class_list":{"0":"post-1569","1":"product","2":"type-product","3":"status-publish","4":"has-post-thumbnail","6":"product_cat-side-by-side","8":"first","9":"instock","10":"shipping-taxable","11":"purchasable","12":"product-type-simple"},"acf":[],"yoast_head":"<!-- This site is optimized with the Yoast SEO plugin v27.4 - https:\/\/yoast.com\/product\/yoast-seo-wordpress\/ -->\n<title>PIONEER 700-4 - Honda Guanacaste Costa Rica<\/title>\n<meta name=\"robots\" content=\"index, follow, max-snippet:-1, max-image-preview:large, max-video-preview:-1\" \/>\n<link rel=\"canonical\" href=\"https:\/\/depagmotors.com\/en\/motos-honda\/side-by-side\/pioneer-700-4\/\" \/>\n<meta property=\"og:locale\" content=\"en_US\" \/>\n<meta property=\"og:type\" content=\"article\" \/>\n<meta property=\"og:title\" content=\"PIONEER 700-4 - Honda Guanacaste Costa Rica\" \/>\n<meta property=\"og:description\" content=\"Versatilidad y potencia en un solo veh\u00edculo. Con un motor de 675cc y capacidad para cuatro pasajeros, el Pioneer 700-4 es perfecto para aventuras en grupo y trabajos exigentes. Su sistema de tracci\u00f3n en las cuatro ruedas y suspensi\u00f3n robusta aseguran un manejo confiable en cualquier terreno. Adem\u00e1s, su caja de carga vers\u00e1til y dise\u00f1o inteligente lo convierten en el aliado ideal para el trabajo en el campo o exploraciones al aire libre. Con la durabilidad y tecnolog\u00eda de Honda, est\u00e1s listo para cualquier desaf\u00edo.\" \/>\n<meta property=\"og:url\" content=\"https:\/\/depagmotors.com\/en\/motos-honda\/side-by-side\/pioneer-700-4\/\" \/>\n<meta property=\"og:site_name\" content=\"Honda Guanacaste Costa Rica\" \/>\n<meta property=\"article:modified_time\" content=\"2026-04-06T17:03:53+00:00\" \/>\n<meta property=\"og:image\" content=\"https:\/\/depagmotors.com\/wp-content\/uploads\/2024\/10\/PIONEER-700-4-1.jpg\" \/>\n\t<meta property=\"og:image:width\" content=\"1000\" \/>\n\t<meta property=\"og:image:height\" content=\"600\" \/>\n\t<meta property=\"og:image:type\" content=\"image\/jpeg\" \/>\n<meta name=\"twitter:card\" content=\"summary_large_image\" \/>\n<meta name=\"twitter:label1\" content=\"Est. reading time\" \/>\n\t<meta name=\"twitter:data1\" content=\"1 minute\" \/>\n<script type=\"application\/ld+json\" class=\"yoast-schema-graph\">{\"@context\":\"https:\\\/\\\/schema.org\",\"@graph\":[{\"@type\":\"WebPage\",\"@id\":\"https:\\\/\\\/depagmotors.com\\\/en\\\/motos-honda\\\/side-by-side\\\/pioneer-700-4\\\/\",\"url\":\"https:\\\/\\\/depagmotors.com\\\/en\\\/motos-honda\\\/side-by-side\\\/pioneer-700-4\\\/\",\"name\":\"PIONEER 700-4 - Honda Guanacaste Costa Rica\",\"isPartOf\":{\"@id\":\"https:\\\/\\\/depagmotors.com\\\/en\\\/#website\"},\"primaryImageOfPage\":{\"@id\":\"https:\\\/\\\/depagmotors.com\\\/en\\\/motos-honda\\\/side-by-side\\\/pioneer-700-4\\\/#primaryimage\"},\"image\":{\"@id\":\"https:\\\/\\\/depagmotors.com\\\/en\\\/motos-honda\\\/side-by-side\\\/pioneer-700-4\\\/#primaryimage\"},\"thumbnailUrl\":\"https:\\\/\\\/depagmotors.com\\\/wp-content\\\/uploads\\\/2024\\\/10\\\/PIONEER-700-4-1.jpg\",\"datePublished\":\"2024-10-04T20:17:20+00:00\",\"dateModified\":\"2026-04-06T17:03:53+00:00\",\"breadcrumb\":{\"@id\":\"https:\\\/\\\/depagmotors.com\\\/en\\\/motos-honda\\\/side-by-side\\\/pioneer-700-4\\\/#breadcrumb\"},\"inLanguage\":\"en-US\",\"potentialAction\":[{\"@type\":\"ReadAction\",\"target\":[\"https:\\\/\\\/depagmotors.com\\\/en\\\/motos-honda\\\/side-by-side\\\/pioneer-700-4\\\/\"]}]},{\"@type\":\"ImageObject\",\"inLanguage\":\"en-US\",\"@id\":\"https:\\\/\\\/depagmotors.com\\\/en\\\/motos-honda\\\/side-by-side\\\/pioneer-700-4\\\/#primaryimage\",\"url\":\"https:\\\/\\\/depagmotors.com\\\/wp-content\\\/uploads\\\/2024\\\/10\\\/PIONEER-700-4-1.jpg\",\"contentUrl\":\"https:\\\/\\\/depagmotors.com\\\/wp-content\\\/uploads\\\/2024\\\/10\\\/PIONEER-700-4-1.jpg\",\"width\":1000,\"height\":600},{\"@type\":\"BreadcrumbList\",\"@id\":\"https:\\\/\\\/depagmotors.com\\\/en\\\/motos-honda\\\/side-by-side\\\/pioneer-700-4\\\/#breadcrumb\",\"itemListElement\":[{\"@type\":\"ListItem\",\"position\":1,\"name\":\"Portada\",\"item\":\"https:\\\/\\\/depagmotors.com\\\/en\\\/\"},{\"@type\":\"ListItem\",\"position\":2,\"name\":\"Catalogo\",\"item\":\"https:\\\/\\\/depagmotors.com\\\/en\\\/catalogo\\\/\"},{\"@type\":\"ListItem\",\"position\":3,\"name\":\"PIONEER 700-4\"}]},{\"@type\":\"WebSite\",\"@id\":\"https:\\\/\\\/depagmotors.com\\\/en\\\/#website\",\"url\":\"https:\\\/\\\/depagmotors.com\\\/en\\\/\",\"name\":\"Honda Guanacaste Costa Rica\",\"description\":\"Venta de Motos Guanacaste\",\"publisher\":{\"@id\":\"https:\\\/\\\/depagmotors.com\\\/en\\\/#organization\"},\"potentialAction\":[{\"@type\":\"SearchAction\",\"target\":{\"@type\":\"EntryPoint\",\"urlTemplate\":\"https:\\\/\\\/depagmotors.com\\\/en\\\/?s={search_term_string}\"},\"query-input\":{\"@type\":\"PropertyValueSpecification\",\"valueRequired\":true,\"valueName\":\"search_term_string\"}}],\"inLanguage\":\"en-US\"},{\"@type\":\"Organization\",\"@id\":\"https:\\\/\\\/depagmotors.com\\\/en\\\/#organization\",\"name\":\"Honda Guanacaste Costa Rica\",\"url\":\"https:\\\/\\\/depagmotors.com\\\/en\\\/\",\"logo\":{\"@type\":\"ImageObject\",\"inLanguage\":\"en-US\",\"@id\":\"https:\\\/\\\/depagmotors.com\\\/en\\\/#\\\/schema\\\/logo\\\/image\\\/\",\"url\":\"https:\\\/\\\/depagmotors.com\\\/wp-content\\\/uploads\\\/2024\\\/07\\\/logo-depag.png\",\"contentUrl\":\"https:\\\/\\\/depagmotors.com\\\/wp-content\\\/uploads\\\/2024\\\/07\\\/logo-depag.png\",\"width\":1200,\"height\":345,\"caption\":\"Honda Guanacaste Costa Rica\"},\"image\":{\"@id\":\"https:\\\/\\\/depagmotors.com\\\/en\\\/#\\\/schema\\\/logo\\\/image\\\/\"}}]}<\/script>\n<!-- \/ Yoast SEO plugin. -->","yoast_head_json":{"title":"PIONEER 700-4 - Honda Guanacaste Costa Rica","robots":{"index":"index","follow":"follow","max-snippet":"max-snippet:-1","max-image-preview":"max-image-preview:large","max-video-preview":"max-video-preview:-1"},"canonical":"https:\/\/depagmotors.com\/en\/motos-honda\/side-by-side\/pioneer-700-4\/","og_locale":"en_US","og_type":"article","og_title":"PIONEER 700-4 - Honda Guanacaste Costa Rica","og_description":"Versatilidad y potencia en un solo veh\u00edculo. Con un motor de 675cc y capacidad para cuatro pasajeros, el Pioneer 700-4 es perfecto para aventuras en grupo y trabajos exigentes. Su sistema de tracci\u00f3n en las cuatro ruedas y suspensi\u00f3n robusta aseguran un manejo confiable en cualquier terreno. Adem\u00e1s, su caja de carga vers\u00e1til y dise\u00f1o inteligente lo convierten en el aliado ideal para el trabajo en el campo o exploraciones al aire libre. Con la durabilidad y tecnolog\u00eda de Honda, est\u00e1s listo para cualquier desaf\u00edo.","og_url":"https:\/\/depagmotors.com\/en\/motos-honda\/side-by-side\/pioneer-700-4\/","og_site_name":"Honda Guanacaste Costa Rica","article_modified_time":"2026-04-06T17:03:53+00:00","og_image":[{"width":1000,"height":600,"url":"https:\/\/depagmotors.com\/wp-content\/uploads\/2024\/10\/PIONEER-700-4-1.jpg","type":"image\/jpeg"}],"twitter_card":"summary_large_image","twitter_misc":{"Est. reading time":"1 minute"},"schema":{"@context":"https:\/\/schema.org","@graph":[{"@type":"WebPage","@id":"https:\/\/depagmotors.com\/en\/motos-honda\/side-by-side\/pioneer-700-4\/","url":"https:\/\/depagmotors.com\/en\/motos-honda\/side-by-side\/pioneer-700-4\/","name":"PIONEER 700-4 - Honda Guanacaste Costa Rica","isPartOf":{"@id":"https:\/\/depagmotors.com\/en\/#website"},"primaryImageOfPage":{"@id":"https:\/\/depagmotors.com\/en\/motos-honda\/side-by-side\/pioneer-700-4\/#primaryimage"},"image":{"@id":"https:\/\/depagmotors.com\/en\/motos-honda\/side-by-side\/pioneer-700-4\/#primaryimage"},"thumbnailUrl":"https:\/\/depagmotors.com\/wp-content\/uploads\/2024\/10\/PIONEER-700-4-1.jpg","datePublished":"2024-10-04T20:17:20+00:00","dateModified":"2026-04-06T17:03:53+00:00","breadcrumb":{"@id":"https:\/\/depagmotors.com\/en\/motos-honda\/side-by-side\/pioneer-700-4\/#breadcrumb"},"inLanguage":"en-US","potentialAction":[{"@type":"ReadAction","target":["https:\/\/depagmotors.com\/en\/motos-honda\/side-by-side\/pioneer-700-4\/"]}]},{"@type":"ImageObject","inLanguage":"en-US","@id":"https:\/\/depagmotors.com\/en\/motos-honda\/side-by-side\/pioneer-700-4\/#primaryimage","url":"https:\/\/depagmotors.com\/wp-content\/uploads\/2024\/10\/PIONEER-700-4-1.jpg","contentUrl":"https:\/\/depagmotors.com\/wp-content\/uploads\/2024\/10\/PIONEER-700-4-1.jpg","width":1000,"height":600},{"@type":"BreadcrumbList","@id":"https:\/\/depagmotors.com\/en\/motos-honda\/side-by-side\/pioneer-700-4\/#breadcrumb","itemListElement":[{"@type":"ListItem","position":1,"name":"Portada","item":"https:\/\/depagmotors.com\/en\/"},{"@type":"ListItem","position":2,"name":"Catalogo","item":"https:\/\/depagmotors.com\/en\/catalogo\/"},{"@type":"ListItem","position":3,"name":"PIONEER 700-4"}]},{"@type":"WebSite","@id":"https:\/\/depagmotors.com\/en\/#website","url":"https:\/\/depagmotors.com\/en\/","name":"Honda Guanacaste Costa Rica","description":"Venta de Motos Guanacaste","publisher":{"@id":"https:\/\/depagmotors.com\/en\/#organization"},"potentialAction":[{"@type":"SearchAction","target":{"@type":"EntryPoint","urlTemplate":"https:\/\/depagmotors.com\/en\/?s={search_term_string}"},"query-input":{"@type":"PropertyValueSpecification","valueRequired":true,"valueName":"search_term_string"}}],"inLanguage":"en-US"},{"@type":"Organization","@id":"https:\/\/depagmotors.com\/en\/#organization","name":"Honda Guanacaste Costa Rica","url":"https:\/\/depagmotors.com\/en\/","logo":{"@type":"ImageObject","inLanguage":"en-US","@id":"https:\/\/depagmotors.com\/en\/#\/schema\/logo\/image\/","url":"https:\/\/depagmotors.com\/wp-content\/uploads\/2024\/07\/logo-depag.png","contentUrl":"https:\/\/depagmotors.com\/wp-content\/uploads\/2024\/07\/logo-depag.png","width":1200,"height":345,"caption":"Honda Guanacaste Costa Rica"},"image":{"@id":"https:\/\/depagmotors.com\/en\/#\/schema\/logo\/image\/"}}]}},"_links":{"self":[{"href":"https:\/\/depagmotors.com\/en\/wp-json\/wp\/v2\/product\/1569","targetHints":{"allow":["GET"]}}],"collection":[{"href":"https:\/\/depagmotors.com\/en\/wp-json\/wp\/v2\/product"}],"about":[{"href":"https:\/\/depagmotors.com\/en\/wp-json\/wp\/v2\/types\/product"}],"replies":[{"embeddable":true,"href":"https:\/\/depagmotors.com\/en\/wp-json\/wp\/v2\/comments?post=1569"}],"version-history":[{"count":8,"href":"https:\/\/depagmotors.com\/en\/wp-json\/wp\/v2\/product\/1569\/revisions"}],"predecessor-version":[{"id":3245,"href":"https:\/\/depagmotors.com\/en\/wp-json\/wp\/v2\/product\/1569\/revisions\/3245"}],"wp:featuredmedia":[{"embeddable":true,"href":"https:\/\/depagmotors.com\/en\/wp-json\/wp\/v2\/media\/1570"}],"wp:attachment":[{"href":"https:\/\/depagmotors.com\/en\/wp-json\/wp\/v2\/media?parent=1569"}],"wp:term":[{"taxonomy":"product_brand","embeddable":true,"href":"https:\/\/depagmotors.com\/en\/wp-json\/wp\/v2\/product_brand?post=1569"},{"taxonomy":"product_cat","embeddable":true,"href":"https:\/\/depagmotors.com\/en\/wp-json\/wp\/v2\/product_cat?post=1569"},{"taxonomy":"product_tag","embeddable":true,"href":"https:\/\/depagmotors.com\/en\/wp-json\/wp\/v2\/product_tag?post=1569"}],"curies":[{"name":"wp","href":"https:\/\/api.w.org\/{rel}","templated":true}]}}