{"id":1552,"date":"2024-10-04T19:46:47","date_gmt":"2024-10-04T19:46:47","guid":{"rendered":"https:\/\/depagmotors.com\/?post_type=product&#038;p=1552"},"modified":"2026-04-06T11:03:53","modified_gmt":"2026-04-06T17:03:53","slug":"pioneer-520","status":"publish","type":"product","link":"https:\/\/depagmotors.com\/en\/motos-honda\/side-by-side\/pioneer-520\/","title":{"rendered":"PIONEER 520"},"content":{"rendered":"<div data-elementor-type=\"product-post\" data-elementor-id=\"1552\" class=\"elementor elementor-1552\" data-elementor-post-type=\"product\">\n\t\t\t\t<div class=\"elementor-element elementor-element-bc63365 e-flex e-con-boxed e-con e-parent\" data-id=\"bc63365\" data-element_type=\"container\" data-e-type=\"container\">\n\t\t\t\t\t<div class=\"e-con-inner\">\n\t\t\t\t<div class=\"elementor-element elementor-element-5a30e1e6 elementor-widget elementor-widget-text-editor\" data-id=\"5a30e1e6\" data-element_type=\"widget\" data-e-type=\"widget\" data-widget_type=\"text-editor.default\">\n\t\t\t\t<div class=\"elementor-widget-container\">\n\t\t\t\t\t\t\t\t\t<h2>Your work needs a new companion.<\/h2><p><strong>Completing every task with agility is its specialty.<\/strong><\/p><ul><li>Engine: 4-stroke, single cylinder, OHV<\/li><li>Cooling: liquid<\/li><li>Displacement: 518 cc<\/li><li>Transmission: 5-speed automatic with reverse, with 2WD and 4WD modes.<\/li><li>Fuel Capacity: 15 liters.<\/li><li>Weight: 453.6 kg (in running order)<\/li><li>Front Suspension: double independent wishbone, 147 mm travel.<\/li><li>Rear Suspension: dual independent fork with preload adjustment, 150 mm travel.<\/li><li>Front Brake: 200 mm diameter disc, hydraulic caliper<\/li><li>Rear Brake: 170 mm disc, hydraulic caliper.<\/li><li>Front Tires:24 x 8-12<\/li><li>Rear Tires: 25 x 10-12<\/li><\/ul>\t\t\t\t\t\t\t\t<\/div>\n\t\t\t\t<\/div>\n\t\t\t\t\t<\/div>\n\t\t\t\t<\/div>\n\t\t\t\t<\/div>","protected":false},"excerpt":{"rendered":"<p>Compact, powerful, and ready for work. With a 518cc engine and agile design, the Pioneer 520 delivers the performance needed to tackle tough terrains and demanding tasks. Its load capacity, automatic gearbox, and compact size make it the ideal companion for fieldwork and off-road adventures. Reliability, versatility, and durability, all in one Honda utility vehicle.<\/p>","protected":false},"featured_media":1555,"comment_status":"open","ping_status":"closed","template":"","meta":{"_acf_changed":false,"_monsterinsights_skip_tracking":false,"_monsterinsights_sitenote_active":false,"_monsterinsights_sitenote_note":"","_monsterinsights_sitenote_category":0},"product_brand":[],"product_cat":[33],"product_tag":[],"class_list":{"0":"post-1552","1":"product","2":"type-product","3":"status-publish","4":"has-post-thumbnail","6":"product_cat-side-by-side","8":"first","9":"instock","10":"shipping-taxable","11":"purchasable","12":"product-type-simple"},"acf":[],"yoast_head":"<!-- This site is optimized with the Yoast SEO plugin v27.4 - https:\/\/yoast.com\/product\/yoast-seo-wordpress\/ -->\n<title>PIONEER 520 - Honda Guanacaste Costa Rica<\/title>\n<meta name=\"robots\" content=\"index, follow, max-snippet:-1, max-image-preview:large, max-video-preview:-1\" \/>\n<link rel=\"canonical\" href=\"https:\/\/depagmotors.com\/en\/motos-honda\/side-by-side\/pioneer-520\/\" \/>\n<meta property=\"og:locale\" content=\"en_US\" \/>\n<meta property=\"og:type\" content=\"article\" \/>\n<meta property=\"og:title\" content=\"PIONEER 520 - Honda Guanacaste Costa Rica\" \/>\n<meta property=\"og:description\" content=\"Compacto, potente y listo para el trabajo. Con un motor de 518cc y un dise\u00f1o \u00e1gil, el Pioneer 520 ofrece el rendimiento necesario para enfrentar terrenos dif\u00edciles y realizar tareas exigentes. Su capacidad de carga, caja de cambios autom\u00e1tica y tama\u00f1o compacto lo convierten en el compa\u00f1ero ideal para el trabajo en campo y aventuras todoterreno. Confiabilidad, versatilidad y durabilidad, todo en un solo veh\u00edculo utilitario de Honda.\" \/>\n<meta property=\"og:url\" content=\"https:\/\/depagmotors.com\/en\/motos-honda\/side-by-side\/pioneer-520\/\" \/>\n<meta property=\"og:site_name\" content=\"Honda Guanacaste Costa Rica\" \/>\n<meta property=\"article:modified_time\" content=\"2026-04-06T17:03:53+00:00\" \/>\n<meta property=\"og:image\" content=\"https:\/\/depagmotors.com\/wp-content\/uploads\/2024\/10\/pioneer-520-1.jpg\" \/>\n\t<meta property=\"og:image:width\" content=\"1000\" \/>\n\t<meta property=\"og:image:height\" content=\"600\" \/>\n\t<meta property=\"og:image:type\" content=\"image\/jpeg\" \/>\n<meta name=\"twitter:card\" content=\"summary_large_image\" \/>\n<meta name=\"twitter:label1\" content=\"Est. reading time\" \/>\n\t<meta name=\"twitter:data1\" content=\"1 minute\" \/>\n<script type=\"application\/ld+json\" class=\"yoast-schema-graph\">{\"@context\":\"https:\\\/\\\/schema.org\",\"@graph\":[{\"@type\":\"WebPage\",\"@id\":\"https:\\\/\\\/depagmotors.com\\\/en\\\/motos-honda\\\/side-by-side\\\/pioneer-520\\\/\",\"url\":\"https:\\\/\\\/depagmotors.com\\\/en\\\/motos-honda\\\/side-by-side\\\/pioneer-520\\\/\",\"name\":\"PIONEER 520 - Honda Guanacaste Costa Rica\",\"isPartOf\":{\"@id\":\"https:\\\/\\\/depagmotors.com\\\/en\\\/#website\"},\"primaryImageOfPage\":{\"@id\":\"https:\\\/\\\/depagmotors.com\\\/en\\\/motos-honda\\\/side-by-side\\\/pioneer-520\\\/#primaryimage\"},\"image\":{\"@id\":\"https:\\\/\\\/depagmotors.com\\\/en\\\/motos-honda\\\/side-by-side\\\/pioneer-520\\\/#primaryimage\"},\"thumbnailUrl\":\"https:\\\/\\\/depagmotors.com\\\/wp-content\\\/uploads\\\/2024\\\/10\\\/pioneer-520-1.jpg\",\"datePublished\":\"2024-10-04T19:46:47+00:00\",\"dateModified\":\"2026-04-06T17:03:53+00:00\",\"breadcrumb\":{\"@id\":\"https:\\\/\\\/depagmotors.com\\\/en\\\/motos-honda\\\/side-by-side\\\/pioneer-520\\\/#breadcrumb\"},\"inLanguage\":\"en-US\",\"potentialAction\":[{\"@type\":\"ReadAction\",\"target\":[\"https:\\\/\\\/depagmotors.com\\\/en\\\/motos-honda\\\/side-by-side\\\/pioneer-520\\\/\"]}]},{\"@type\":\"ImageObject\",\"inLanguage\":\"en-US\",\"@id\":\"https:\\\/\\\/depagmotors.com\\\/en\\\/motos-honda\\\/side-by-side\\\/pioneer-520\\\/#primaryimage\",\"url\":\"https:\\\/\\\/depagmotors.com\\\/wp-content\\\/uploads\\\/2024\\\/10\\\/pioneer-520-1.jpg\",\"contentUrl\":\"https:\\\/\\\/depagmotors.com\\\/wp-content\\\/uploads\\\/2024\\\/10\\\/pioneer-520-1.jpg\",\"width\":1000,\"height\":600},{\"@type\":\"BreadcrumbList\",\"@id\":\"https:\\\/\\\/depagmotors.com\\\/en\\\/motos-honda\\\/side-by-side\\\/pioneer-520\\\/#breadcrumb\",\"itemListElement\":[{\"@type\":\"ListItem\",\"position\":1,\"name\":\"Portada\",\"item\":\"https:\\\/\\\/depagmotors.com\\\/en\\\/\"},{\"@type\":\"ListItem\",\"position\":2,\"name\":\"Catalogo\",\"item\":\"https:\\\/\\\/depagmotors.com\\\/en\\\/catalogo\\\/\"},{\"@type\":\"ListItem\",\"position\":3,\"name\":\"PIONEER 520\"}]},{\"@type\":\"WebSite\",\"@id\":\"https:\\\/\\\/depagmotors.com\\\/en\\\/#website\",\"url\":\"https:\\\/\\\/depagmotors.com\\\/en\\\/\",\"name\":\"Honda Guanacaste Costa Rica\",\"description\":\"Venta de Motos Guanacaste\",\"publisher\":{\"@id\":\"https:\\\/\\\/depagmotors.com\\\/en\\\/#organization\"},\"potentialAction\":[{\"@type\":\"SearchAction\",\"target\":{\"@type\":\"EntryPoint\",\"urlTemplate\":\"https:\\\/\\\/depagmotors.com\\\/en\\\/?s={search_term_string}\"},\"query-input\":{\"@type\":\"PropertyValueSpecification\",\"valueRequired\":true,\"valueName\":\"search_term_string\"}}],\"inLanguage\":\"en-US\"},{\"@type\":\"Organization\",\"@id\":\"https:\\\/\\\/depagmotors.com\\\/en\\\/#organization\",\"name\":\"Honda Guanacaste Costa Rica\",\"url\":\"https:\\\/\\\/depagmotors.com\\\/en\\\/\",\"logo\":{\"@type\":\"ImageObject\",\"inLanguage\":\"en-US\",\"@id\":\"https:\\\/\\\/depagmotors.com\\\/en\\\/#\\\/schema\\\/logo\\\/image\\\/\",\"url\":\"https:\\\/\\\/depagmotors.com\\\/wp-content\\\/uploads\\\/2024\\\/07\\\/logo-depag.png\",\"contentUrl\":\"https:\\\/\\\/depagmotors.com\\\/wp-content\\\/uploads\\\/2024\\\/07\\\/logo-depag.png\",\"width\":1200,\"height\":345,\"caption\":\"Honda Guanacaste Costa Rica\"},\"image\":{\"@id\":\"https:\\\/\\\/depagmotors.com\\\/en\\\/#\\\/schema\\\/logo\\\/image\\\/\"}}]}<\/script>\n<!-- \/ Yoast SEO plugin. -->","yoast_head_json":{"title":"PIONEER 520 - Honda Guanacaste Costa Rica","robots":{"index":"index","follow":"follow","max-snippet":"max-snippet:-1","max-image-preview":"max-image-preview:large","max-video-preview":"max-video-preview:-1"},"canonical":"https:\/\/depagmotors.com\/en\/motos-honda\/side-by-side\/pioneer-520\/","og_locale":"en_US","og_type":"article","og_title":"PIONEER 520 - Honda Guanacaste Costa Rica","og_description":"Compacto, potente y listo para el trabajo. Con un motor de 518cc y un dise\u00f1o \u00e1gil, el Pioneer 520 ofrece el rendimiento necesario para enfrentar terrenos dif\u00edciles y realizar tareas exigentes. Su capacidad de carga, caja de cambios autom\u00e1tica y tama\u00f1o compacto lo convierten en el compa\u00f1ero ideal para el trabajo en campo y aventuras todoterreno. Confiabilidad, versatilidad y durabilidad, todo en un solo veh\u00edculo utilitario de Honda.","og_url":"https:\/\/depagmotors.com\/en\/motos-honda\/side-by-side\/pioneer-520\/","og_site_name":"Honda Guanacaste Costa Rica","article_modified_time":"2026-04-06T17:03:53+00:00","og_image":[{"width":1000,"height":600,"url":"https:\/\/depagmotors.com\/wp-content\/uploads\/2024\/10\/pioneer-520-1.jpg","type":"image\/jpeg"}],"twitter_card":"summary_large_image","twitter_misc":{"Est. reading time":"1 minute"},"schema":{"@context":"https:\/\/schema.org","@graph":[{"@type":"WebPage","@id":"https:\/\/depagmotors.com\/en\/motos-honda\/side-by-side\/pioneer-520\/","url":"https:\/\/depagmotors.com\/en\/motos-honda\/side-by-side\/pioneer-520\/","name":"PIONEER 520 - Honda Guanacaste Costa Rica","isPartOf":{"@id":"https:\/\/depagmotors.com\/en\/#website"},"primaryImageOfPage":{"@id":"https:\/\/depagmotors.com\/en\/motos-honda\/side-by-side\/pioneer-520\/#primaryimage"},"image":{"@id":"https:\/\/depagmotors.com\/en\/motos-honda\/side-by-side\/pioneer-520\/#primaryimage"},"thumbnailUrl":"https:\/\/depagmotors.com\/wp-content\/uploads\/2024\/10\/pioneer-520-1.jpg","datePublished":"2024-10-04T19:46:47+00:00","dateModified":"2026-04-06T17:03:53+00:00","breadcrumb":{"@id":"https:\/\/depagmotors.com\/en\/motos-honda\/side-by-side\/pioneer-520\/#breadcrumb"},"inLanguage":"en-US","potentialAction":[{"@type":"ReadAction","target":["https:\/\/depagmotors.com\/en\/motos-honda\/side-by-side\/pioneer-520\/"]}]},{"@type":"ImageObject","inLanguage":"en-US","@id":"https:\/\/depagmotors.com\/en\/motos-honda\/side-by-side\/pioneer-520\/#primaryimage","url":"https:\/\/depagmotors.com\/wp-content\/uploads\/2024\/10\/pioneer-520-1.jpg","contentUrl":"https:\/\/depagmotors.com\/wp-content\/uploads\/2024\/10\/pioneer-520-1.jpg","width":1000,"height":600},{"@type":"BreadcrumbList","@id":"https:\/\/depagmotors.com\/en\/motos-honda\/side-by-side\/pioneer-520\/#breadcrumb","itemListElement":[{"@type":"ListItem","position":1,"name":"Portada","item":"https:\/\/depagmotors.com\/en\/"},{"@type":"ListItem","position":2,"name":"Catalogo","item":"https:\/\/depagmotors.com\/en\/catalogo\/"},{"@type":"ListItem","position":3,"name":"PIONEER 520"}]},{"@type":"WebSite","@id":"https:\/\/depagmotors.com\/en\/#website","url":"https:\/\/depagmotors.com\/en\/","name":"Honda Guanacaste Costa Rica","description":"Venta de Motos Guanacaste","publisher":{"@id":"https:\/\/depagmotors.com\/en\/#organization"},"potentialAction":[{"@type":"SearchAction","target":{"@type":"EntryPoint","urlTemplate":"https:\/\/depagmotors.com\/en\/?s={search_term_string}"},"query-input":{"@type":"PropertyValueSpecification","valueRequired":true,"valueName":"search_term_string"}}],"inLanguage":"en-US"},{"@type":"Organization","@id":"https:\/\/depagmotors.com\/en\/#organization","name":"Honda Guanacaste Costa Rica","url":"https:\/\/depagmotors.com\/en\/","logo":{"@type":"ImageObject","inLanguage":"en-US","@id":"https:\/\/depagmotors.com\/en\/#\/schema\/logo\/image\/","url":"https:\/\/depagmotors.com\/wp-content\/uploads\/2024\/07\/logo-depag.png","contentUrl":"https:\/\/depagmotors.com\/wp-content\/uploads\/2024\/07\/logo-depag.png","width":1200,"height":345,"caption":"Honda Guanacaste Costa Rica"},"image":{"@id":"https:\/\/depagmotors.com\/en\/#\/schema\/logo\/image\/"}}]}},"_links":{"self":[{"href":"https:\/\/depagmotors.com\/en\/wp-json\/wp\/v2\/product\/1552","targetHints":{"allow":["GET"]}}],"collection":[{"href":"https:\/\/depagmotors.com\/en\/wp-json\/wp\/v2\/product"}],"about":[{"href":"https:\/\/depagmotors.com\/en\/wp-json\/wp\/v2\/types\/product"}],"replies":[{"embeddable":true,"href":"https:\/\/depagmotors.com\/en\/wp-json\/wp\/v2\/comments?post=1552"}],"version-history":[{"count":10,"href":"https:\/\/depagmotors.com\/en\/wp-json\/wp\/v2\/product\/1552\/revisions"}],"predecessor-version":[{"id":3382,"href":"https:\/\/depagmotors.com\/en\/wp-json\/wp\/v2\/product\/1552\/revisions\/3382"}],"wp:featuredmedia":[{"embeddable":true,"href":"https:\/\/depagmotors.com\/en\/wp-json\/wp\/v2\/media\/1555"}],"wp:attachment":[{"href":"https:\/\/depagmotors.com\/en\/wp-json\/wp\/v2\/media?parent=1552"}],"wp:term":[{"taxonomy":"product_brand","embeddable":true,"href":"https:\/\/depagmotors.com\/en\/wp-json\/wp\/v2\/product_brand?post=1552"},{"taxonomy":"product_cat","embeddable":true,"href":"https:\/\/depagmotors.com\/en\/wp-json\/wp\/v2\/product_cat?post=1552"},{"taxonomy":"product_tag","embeddable":true,"href":"https:\/\/depagmotors.com\/en\/wp-json\/wp\/v2\/product_tag?post=1552"}],"curies":[{"name":"wp","href":"https:\/\/api.w.org\/{rel}","templated":true}]}}