{"id":1498,"date":"2024-10-04T18:10:09","date_gmt":"2024-10-04T18:10:09","guid":{"rendered":"https:\/\/depagmotors.com\/?post_type=product&#038;p=1498"},"modified":"2026-04-06T11:03:53","modified_gmt":"2026-04-06T17:03:53","slug":"trx520fe1","status":"publish","type":"product","link":"https:\/\/depagmotors.com\/en\/motos-honda\/cuadraciclos\/trx520fe1\/","title":{"rendered":"TRX520FE1"},"content":{"rendered":"<div data-elementor-type=\"product-post\" data-elementor-id=\"1498\" class=\"elementor elementor-1498\" data-elementor-post-type=\"product\">\n\t\t\t\t<div class=\"elementor-element elementor-element-bc63365 e-flex e-con-boxed e-con e-parent\" data-id=\"bc63365\" data-element_type=\"container\" data-e-type=\"container\">\n\t\t\t\t\t<div class=\"e-con-inner\">\n\t\t\t\t<div class=\"elementor-element elementor-element-5a30e1e6 elementor-widget elementor-widget-text-editor\" data-id=\"5a30e1e6\" data-element_type=\"widget\" data-e-type=\"widget\" data-widget_type=\"text-editor.default\">\n\t\t\t\t<div class=\"elementor-widget-container\">\n\t\t\t\t\t\t\t\t\t<h2>Durability and strength for every task.<\/h2><p><strong>Undeniable legendary performance.<\/strong><\/p><ul><li>Engine: 4-stroke, 1 cylinder, OHV<\/li><li>Cooling: liquid<\/li><li>Displacement: 518 cc<\/li><li>Transmission: five-speed electric shift (ESP\u00ae) with reverse<\/li><li>Fuel Capacity: 14.7 liters<\/li><li>Seat Height: 869 mm.<\/li><li>Weight: 288 kg<\/li><li>Front Suspension: double independent wishbone, 185 mm travel.<\/li><li>Rear Suspension: swingarm, 185 mm travel.<\/li><li>Front Brake: 190 mm diameter disc, hydraulic caliper<\/li><li>Rear Brake: 160 mm diameter sealed mechanical drum<\/li><li>Front Tires: 25 x 8-12<\/li><li>Rear Tires: 25 x 10-12.<\/li><\/ul>\t\t\t\t\t\t\t\t<\/div>\n\t\t\t\t<\/div>\n\t\t\t\t\t<\/div>\n\t\t\t\t<\/div>\n\t\t\t\t<\/div>","protected":false},"excerpt":{"rendered":"<p>The ultimate machine for work and adventure. With its powerful 520cc engine and automatic transmission, the TRX520FE1 is designed to tackle the toughest terrains with ease. Its robust chassis and advanced suspension provide smooth and controlled handling, while its load capacity makes it the perfect companion for any task. With Honda's reliability and durability, this ATV is ready for any challenge that comes its way.<\/p>","protected":false},"featured_media":1501,"comment_status":"open","ping_status":"closed","template":"","meta":{"_acf_changed":false,"_monsterinsights_skip_tracking":false,"_monsterinsights_sitenote_active":false,"_monsterinsights_sitenote_note":"","_monsterinsights_sitenote_category":0},"product_brand":[],"product_cat":[32],"product_tag":[],"class_list":{"0":"post-1498","1":"product","2":"type-product","3":"status-publish","4":"has-post-thumbnail","6":"product_cat-cuadraciclos","8":"first","9":"instock","10":"shipping-taxable","11":"purchasable","12":"product-type-simple"},"acf":[],"yoast_head":"<!-- This site is optimized with the Yoast SEO plugin v27.4 - https:\/\/yoast.com\/product\/yoast-seo-wordpress\/ -->\n<title>TRX520FE1 - Honda Guanacaste Costa Rica<\/title>\n<meta name=\"robots\" content=\"index, follow, max-snippet:-1, max-image-preview:large, max-video-preview:-1\" \/>\n<link rel=\"canonical\" href=\"https:\/\/depagmotors.com\/en\/motos-honda\/cuadraciclos\/trx520fe1\/\" \/>\n<meta property=\"og:locale\" content=\"en_US\" \/>\n<meta property=\"og:type\" content=\"article\" \/>\n<meta property=\"og:title\" content=\"TRX520FE1 - Honda Guanacaste Costa Rica\" \/>\n<meta property=\"og:description\" content=\"La m\u00e1quina definitiva para el trabajo y la aventura. Con su potente motor de 520cc y transmisi\u00f3n autom\u00e1tica, el TRX520FE1 est\u00e1 dise\u00f1ado para enfrentar los terrenos m\u00e1s desafiantes con facilidad. Su robusto chasis y suspensi\u00f3n avanzada brindan un manejo suave y controlado, mientras que su capacidad de carga lo convierte en el compa\u00f1ero ideal para cualquier tarea. Con la fiabilidad y durabilidad de Honda, este cuatrimoto est\u00e1 listo para cualquier desaf\u00edo que se le presente.\" \/>\n<meta property=\"og:url\" content=\"https:\/\/depagmotors.com\/en\/motos-honda\/cuadraciclos\/trx520fe1\/\" \/>\n<meta property=\"og:site_name\" content=\"Honda Guanacaste Costa Rica\" \/>\n<meta property=\"article:modified_time\" content=\"2026-04-06T17:03:53+00:00\" \/>\n<meta property=\"og:image\" content=\"https:\/\/depagmotors.com\/wp-content\/uploads\/2024\/10\/trx520fe1-img-1.jpg\" \/>\n\t<meta property=\"og:image:width\" content=\"1000\" \/>\n\t<meta property=\"og:image:height\" content=\"600\" \/>\n\t<meta property=\"og:image:type\" content=\"image\/jpeg\" \/>\n<meta name=\"twitter:card\" content=\"summary_large_image\" \/>\n<script type=\"application\/ld+json\" class=\"yoast-schema-graph\">{\"@context\":\"https:\\\/\\\/schema.org\",\"@graph\":[{\"@type\":\"WebPage\",\"@id\":\"https:\\\/\\\/depagmotors.com\\\/en\\\/motos-honda\\\/cuadraciclos\\\/trx520fe1\\\/\",\"url\":\"https:\\\/\\\/depagmotors.com\\\/en\\\/motos-honda\\\/cuadraciclos\\\/trx520fe1\\\/\",\"name\":\"TRX520FE1 - Honda Guanacaste Costa Rica\",\"isPartOf\":{\"@id\":\"https:\\\/\\\/depagmotors.com\\\/en\\\/#website\"},\"primaryImageOfPage\":{\"@id\":\"https:\\\/\\\/depagmotors.com\\\/en\\\/motos-honda\\\/cuadraciclos\\\/trx520fe1\\\/#primaryimage\"},\"image\":{\"@id\":\"https:\\\/\\\/depagmotors.com\\\/en\\\/motos-honda\\\/cuadraciclos\\\/trx520fe1\\\/#primaryimage\"},\"thumbnailUrl\":\"https:\\\/\\\/depagmotors.com\\\/wp-content\\\/uploads\\\/2024\\\/10\\\/trx520fe1-img-1.jpg\",\"datePublished\":\"2024-10-04T18:10:09+00:00\",\"dateModified\":\"2026-04-06T17:03:53+00:00\",\"breadcrumb\":{\"@id\":\"https:\\\/\\\/depagmotors.com\\\/en\\\/motos-honda\\\/cuadraciclos\\\/trx520fe1\\\/#breadcrumb\"},\"inLanguage\":\"en-US\",\"potentialAction\":[{\"@type\":\"ReadAction\",\"target\":[\"https:\\\/\\\/depagmotors.com\\\/en\\\/motos-honda\\\/cuadraciclos\\\/trx520fe1\\\/\"]}]},{\"@type\":\"ImageObject\",\"inLanguage\":\"en-US\",\"@id\":\"https:\\\/\\\/depagmotors.com\\\/en\\\/motos-honda\\\/cuadraciclos\\\/trx520fe1\\\/#primaryimage\",\"url\":\"https:\\\/\\\/depagmotors.com\\\/wp-content\\\/uploads\\\/2024\\\/10\\\/trx520fe1-img-1.jpg\",\"contentUrl\":\"https:\\\/\\\/depagmotors.com\\\/wp-content\\\/uploads\\\/2024\\\/10\\\/trx520fe1-img-1.jpg\",\"width\":1000,\"height\":600},{\"@type\":\"BreadcrumbList\",\"@id\":\"https:\\\/\\\/depagmotors.com\\\/en\\\/motos-honda\\\/cuadraciclos\\\/trx520fe1\\\/#breadcrumb\",\"itemListElement\":[{\"@type\":\"ListItem\",\"position\":1,\"name\":\"Portada\",\"item\":\"https:\\\/\\\/depagmotors.com\\\/en\\\/\"},{\"@type\":\"ListItem\",\"position\":2,\"name\":\"Catalogo\",\"item\":\"https:\\\/\\\/depagmotors.com\\\/en\\\/catalogo\\\/\"},{\"@type\":\"ListItem\",\"position\":3,\"name\":\"TRX520FE1\"}]},{\"@type\":\"WebSite\",\"@id\":\"https:\\\/\\\/depagmotors.com\\\/en\\\/#website\",\"url\":\"https:\\\/\\\/depagmotors.com\\\/en\\\/\",\"name\":\"Honda Guanacaste Costa Rica\",\"description\":\"Venta de Motos Guanacaste\",\"publisher\":{\"@id\":\"https:\\\/\\\/depagmotors.com\\\/en\\\/#organization\"},\"potentialAction\":[{\"@type\":\"SearchAction\",\"target\":{\"@type\":\"EntryPoint\",\"urlTemplate\":\"https:\\\/\\\/depagmotors.com\\\/en\\\/?s={search_term_string}\"},\"query-input\":{\"@type\":\"PropertyValueSpecification\",\"valueRequired\":true,\"valueName\":\"search_term_string\"}}],\"inLanguage\":\"en-US\"},{\"@type\":\"Organization\",\"@id\":\"https:\\\/\\\/depagmotors.com\\\/en\\\/#organization\",\"name\":\"Honda Guanacaste Costa Rica\",\"url\":\"https:\\\/\\\/depagmotors.com\\\/en\\\/\",\"logo\":{\"@type\":\"ImageObject\",\"inLanguage\":\"en-US\",\"@id\":\"https:\\\/\\\/depagmotors.com\\\/en\\\/#\\\/schema\\\/logo\\\/image\\\/\",\"url\":\"https:\\\/\\\/depagmotors.com\\\/wp-content\\\/uploads\\\/2024\\\/07\\\/logo-depag.png\",\"contentUrl\":\"https:\\\/\\\/depagmotors.com\\\/wp-content\\\/uploads\\\/2024\\\/07\\\/logo-depag.png\",\"width\":1200,\"height\":345,\"caption\":\"Honda Guanacaste Costa Rica\"},\"image\":{\"@id\":\"https:\\\/\\\/depagmotors.com\\\/en\\\/#\\\/schema\\\/logo\\\/image\\\/\"}}]}<\/script>\n<!-- \/ Yoast SEO plugin. -->","yoast_head_json":{"title":"TRX520FE1 - Honda Guanacaste Costa Rica","robots":{"index":"index","follow":"follow","max-snippet":"max-snippet:-1","max-image-preview":"max-image-preview:large","max-video-preview":"max-video-preview:-1"},"canonical":"https:\/\/depagmotors.com\/en\/motos-honda\/cuadraciclos\/trx520fe1\/","og_locale":"en_US","og_type":"article","og_title":"TRX520FE1 - Honda Guanacaste Costa Rica","og_description":"La m\u00e1quina definitiva para el trabajo y la aventura. Con su potente motor de 520cc y transmisi\u00f3n autom\u00e1tica, el TRX520FE1 est\u00e1 dise\u00f1ado para enfrentar los terrenos m\u00e1s desafiantes con facilidad. Su robusto chasis y suspensi\u00f3n avanzada brindan un manejo suave y controlado, mientras que su capacidad de carga lo convierte en el compa\u00f1ero ideal para cualquier tarea. Con la fiabilidad y durabilidad de Honda, este cuatrimoto est\u00e1 listo para cualquier desaf\u00edo que se le presente.","og_url":"https:\/\/depagmotors.com\/en\/motos-honda\/cuadraciclos\/trx520fe1\/","og_site_name":"Honda Guanacaste Costa Rica","article_modified_time":"2026-04-06T17:03:53+00:00","og_image":[{"width":1000,"height":600,"url":"https:\/\/depagmotors.com\/wp-content\/uploads\/2024\/10\/trx520fe1-img-1.jpg","type":"image\/jpeg"}],"twitter_card":"summary_large_image","schema":{"@context":"https:\/\/schema.org","@graph":[{"@type":"WebPage","@id":"https:\/\/depagmotors.com\/en\/motos-honda\/cuadraciclos\/trx520fe1\/","url":"https:\/\/depagmotors.com\/en\/motos-honda\/cuadraciclos\/trx520fe1\/","name":"TRX520FE1 - Honda Guanacaste Costa Rica","isPartOf":{"@id":"https:\/\/depagmotors.com\/en\/#website"},"primaryImageOfPage":{"@id":"https:\/\/depagmotors.com\/en\/motos-honda\/cuadraciclos\/trx520fe1\/#primaryimage"},"image":{"@id":"https:\/\/depagmotors.com\/en\/motos-honda\/cuadraciclos\/trx520fe1\/#primaryimage"},"thumbnailUrl":"https:\/\/depagmotors.com\/wp-content\/uploads\/2024\/10\/trx520fe1-img-1.jpg","datePublished":"2024-10-04T18:10:09+00:00","dateModified":"2026-04-06T17:03:53+00:00","breadcrumb":{"@id":"https:\/\/depagmotors.com\/en\/motos-honda\/cuadraciclos\/trx520fe1\/#breadcrumb"},"inLanguage":"en-US","potentialAction":[{"@type":"ReadAction","target":["https:\/\/depagmotors.com\/en\/motos-honda\/cuadraciclos\/trx520fe1\/"]}]},{"@type":"ImageObject","inLanguage":"en-US","@id":"https:\/\/depagmotors.com\/en\/motos-honda\/cuadraciclos\/trx520fe1\/#primaryimage","url":"https:\/\/depagmotors.com\/wp-content\/uploads\/2024\/10\/trx520fe1-img-1.jpg","contentUrl":"https:\/\/depagmotors.com\/wp-content\/uploads\/2024\/10\/trx520fe1-img-1.jpg","width":1000,"height":600},{"@type":"BreadcrumbList","@id":"https:\/\/depagmotors.com\/en\/motos-honda\/cuadraciclos\/trx520fe1\/#breadcrumb","itemListElement":[{"@type":"ListItem","position":1,"name":"Portada","item":"https:\/\/depagmotors.com\/en\/"},{"@type":"ListItem","position":2,"name":"Catalogo","item":"https:\/\/depagmotors.com\/en\/catalogo\/"},{"@type":"ListItem","position":3,"name":"TRX520FE1"}]},{"@type":"WebSite","@id":"https:\/\/depagmotors.com\/en\/#website","url":"https:\/\/depagmotors.com\/en\/","name":"Honda Guanacaste Costa Rica","description":"Venta de Motos Guanacaste","publisher":{"@id":"https:\/\/depagmotors.com\/en\/#organization"},"potentialAction":[{"@type":"SearchAction","target":{"@type":"EntryPoint","urlTemplate":"https:\/\/depagmotors.com\/en\/?s={search_term_string}"},"query-input":{"@type":"PropertyValueSpecification","valueRequired":true,"valueName":"search_term_string"}}],"inLanguage":"en-US"},{"@type":"Organization","@id":"https:\/\/depagmotors.com\/en\/#organization","name":"Honda Guanacaste Costa Rica","url":"https:\/\/depagmotors.com\/en\/","logo":{"@type":"ImageObject","inLanguage":"en-US","@id":"https:\/\/depagmotors.com\/en\/#\/schema\/logo\/image\/","url":"https:\/\/depagmotors.com\/wp-content\/uploads\/2024\/07\/logo-depag.png","contentUrl":"https:\/\/depagmotors.com\/wp-content\/uploads\/2024\/07\/logo-depag.png","width":1200,"height":345,"caption":"Honda Guanacaste Costa Rica"},"image":{"@id":"https:\/\/depagmotors.com\/en\/#\/schema\/logo\/image\/"}}]}},"_links":{"self":[{"href":"https:\/\/depagmotors.com\/en\/wp-json\/wp\/v2\/product\/1498","targetHints":{"allow":["GET"]}}],"collection":[{"href":"https:\/\/depagmotors.com\/en\/wp-json\/wp\/v2\/product"}],"about":[{"href":"https:\/\/depagmotors.com\/en\/wp-json\/wp\/v2\/types\/product"}],"replies":[{"embeddable":true,"href":"https:\/\/depagmotors.com\/en\/wp-json\/wp\/v2\/comments?post=1498"}],"version-history":[{"count":4,"href":"https:\/\/depagmotors.com\/en\/wp-json\/wp\/v2\/product\/1498\/revisions"}],"predecessor-version":[{"id":1505,"href":"https:\/\/depagmotors.com\/en\/wp-json\/wp\/v2\/product\/1498\/revisions\/1505"}],"wp:featuredmedia":[{"embeddable":true,"href":"https:\/\/depagmotors.com\/en\/wp-json\/wp\/v2\/media\/1501"}],"wp:attachment":[{"href":"https:\/\/depagmotors.com\/en\/wp-json\/wp\/v2\/media?parent=1498"}],"wp:term":[{"taxonomy":"product_brand","embeddable":true,"href":"https:\/\/depagmotors.com\/en\/wp-json\/wp\/v2\/product_brand?post=1498"},{"taxonomy":"product_cat","embeddable":true,"href":"https:\/\/depagmotors.com\/en\/wp-json\/wp\/v2\/product_cat?post=1498"},{"taxonomy":"product_tag","embeddable":true,"href":"https:\/\/depagmotors.com\/en\/wp-json\/wp\/v2\/product_tag?post=1498"}],"curies":[{"name":"wp","href":"https:\/\/api.w.org\/{rel}","templated":true}]}}