{"id":1419,"date":"2024-10-04T16:07:37","date_gmt":"2024-10-04T16:07:37","guid":{"rendered":"https:\/\/depagmotors.com\/?post_type=product&#038;p=1419"},"modified":"2026-04-06T11:03:53","modified_gmt":"2026-04-06T17:03:53","slug":"africa-twin-adventure-sports","status":"publish","type":"product","link":"https:\/\/depagmotors.com\/en\/motos-honda\/alta-cilindrada\/africa-twin-adventure-sports\/","title":{"rendered":"AFRICA TWIN ADVENTURE SPORTS"},"content":{"rendered":"<div data-elementor-type=\"product-post\" data-elementor-id=\"1419\" class=\"elementor elementor-1419\" data-elementor-post-type=\"product\">\n\t\t\t\t<div class=\"elementor-element elementor-element-bc63365 e-flex e-con-boxed e-con e-parent\" data-id=\"bc63365\" data-element_type=\"container\" data-e-type=\"container\">\n\t\t\t\t\t<div class=\"e-con-inner\">\n\t\t\t\t<div class=\"elementor-element elementor-element-5a30e1e6 elementor-widget elementor-widget-text-editor\" data-id=\"5a30e1e6\" data-element_type=\"widget\" data-e-type=\"widget\" data-widget_type=\"text-editor.default\">\n\t\t\t\t<div class=\"elementor-widget-container\">\n\t\t\t\t\t\t\t\t\t<h2>Take your dreams to another level.<\/h2><ul><li>Engine: 4-stroke,\u00a0UniCam\u00ae.<\/li><li>Displacement: 1084 cc, parallel-twin, 4 valves per cylinder.<\/li><li>Cooling: liquid<\/li><li>Maximum Power: 102 Hp @ 7,500 rpm<\/li><li>Fuel Capacity: 24.8 liters.<\/li><li>Transmission: 6-speed manual<\/li><li>Seat Height: 835mm \/ 855mm<\/li><li>Weight: 243 kg (in running order)<\/li><li>Front Suspension: Showa EERA\u2122 inverted fork with electronic adjustment, 45 mm diameter, preload and damping adjustments (compression and rebound), 210 mm travel.<\/li><li>Rear Suspension: Showa EERA\u2122 with electronic adjustment, cast aluminum Pro-Link\u00ae swingarm with gas shock absorber, hydraulic preload adjuster, and rebound damping adjustment, 200 mm travel.<\/li><li>Front Brake: dual 310 mm diameter discs, Nissin radial-mount hydraulic 4-piston calipers. ABS.<\/li><li>Rear Brake: 256 mm diameter wave disc, Nissin hydraulic 2-piston caliper. Switchable ABS.<\/li><li>Front Tire: 90\/90-21<\/li><li>Rear Tire: 150\/70R-18<\/li><\/ul><h2>Special Features:<\/h2><p>\u2022 HSTC torque control, engine braking, and lift coordinated with a 6-axis inertial measurement unit (IMU), which adjusts parameters on the go along with riding modes.<br \/>\u2022 4 riding modes + 2 fully adjustable user modes.<br \/>\u2022 Electronic throttle.<br \/>\u2022 USB 1.5A connector and 12V connector.<br \/>\u2022 Engine skid plate.<br \/>\u2022 Heated grips.<\/p>\t\t\t\t\t\t\t\t<\/div>\n\t\t\t\t<\/div>\n\t\t\t\t\t<\/div>\n\t\t\t\t<\/div>\n\t\t\t\t<\/div>","protected":false},"excerpt":{"rendered":"<p>Designed for the most epic expeditions. With greater range, protection, and comfort, this motorcycle is built to cover long distances and tackle the toughest terrains. Its powerful engine and advanced technological equipment ensure precise and reliable riding, making the Africa Twin Adventure Sports the ideal companion for adventurers looking to push beyond the limits.<\/p>","protected":false},"featured_media":1425,"comment_status":"open","ping_status":"closed","template":"","meta":{"_acf_changed":false,"_monsterinsights_skip_tracking":false,"_monsterinsights_sitenote_active":false,"_monsterinsights_sitenote_note":"","_monsterinsights_sitenote_category":0},"product_brand":[],"product_cat":[31],"product_tag":[],"class_list":{"0":"post-1419","1":"product","2":"type-product","3":"status-publish","4":"has-post-thumbnail","6":"product_cat-alta-cilindrada","8":"first","9":"instock","10":"shipping-taxable","11":"purchasable","12":"product-type-simple"},"acf":[],"yoast_head":"<!-- This site is optimized with the Yoast SEO plugin v27.4 - https:\/\/yoast.com\/product\/yoast-seo-wordpress\/ -->\n<title>AFRICA TWIN ADVENTURE SPORTS - Honda Guanacaste Costa Rica<\/title>\n<meta name=\"robots\" content=\"index, follow, max-snippet:-1, max-image-preview:large, max-video-preview:-1\" \/>\n<link rel=\"canonical\" href=\"https:\/\/depagmotors.com\/en\/motos-honda\/alta-cilindrada\/africa-twin-adventure-sports\/\" \/>\n<meta property=\"og:locale\" content=\"en_US\" \/>\n<meta property=\"og:type\" content=\"article\" \/>\n<meta property=\"og:title\" content=\"AFRICA TWIN ADVENTURE SPORTS - Honda Guanacaste Costa Rica\" \/>\n<meta property=\"og:description\" content=\"Dise\u00f1ada para las expediciones m\u00e1s \u00e9picas. Con mayor autonom\u00eda, protecci\u00f3n y comodidad, esta moto est\u00e1 hecha para recorrer largas distancias y enfrentar los terrenos m\u00e1s dif\u00edciles. Su potente motor y avanzado equipamiento tecnol\u00f3gico aseguran una conducci\u00f3n precisa y confiable, haciendo de la Africa Twin Adventure Sports la compa\u00f1era ideal para aventureros que buscan ir m\u00e1s all\u00e1 de los l\u00edmites.\" \/>\n<meta property=\"og:url\" content=\"https:\/\/depagmotors.com\/en\/motos-honda\/alta-cilindrada\/africa-twin-adventure-sports\/\" \/>\n<meta property=\"og:site_name\" content=\"Honda Guanacaste Costa Rica\" \/>\n<meta property=\"article:modified_time\" content=\"2026-04-06T17:03:53+00:00\" \/>\n<meta property=\"og:image\" content=\"https:\/\/depagmotors.com\/wp-content\/uploads\/2024\/10\/africa-twin-adventure-1.jpg\" \/>\n\t<meta property=\"og:image:width\" content=\"1000\" \/>\n\t<meta property=\"og:image:height\" content=\"600\" \/>\n\t<meta property=\"og:image:type\" content=\"image\/jpeg\" \/>\n<meta name=\"twitter:card\" content=\"summary_large_image\" \/>\n<meta name=\"twitter:label1\" content=\"Est. reading time\" \/>\n\t<meta name=\"twitter:data1\" content=\"2 minutes\" \/>\n<script type=\"application\/ld+json\" class=\"yoast-schema-graph\">{\"@context\":\"https:\\\/\\\/schema.org\",\"@graph\":[{\"@type\":\"WebPage\",\"@id\":\"https:\\\/\\\/depagmotors.com\\\/en\\\/motos-honda\\\/alta-cilindrada\\\/africa-twin-adventure-sports\\\/\",\"url\":\"https:\\\/\\\/depagmotors.com\\\/en\\\/motos-honda\\\/alta-cilindrada\\\/africa-twin-adventure-sports\\\/\",\"name\":\"AFRICA TWIN ADVENTURE SPORTS - Honda Guanacaste Costa Rica\",\"isPartOf\":{\"@id\":\"https:\\\/\\\/depagmotors.com\\\/en\\\/#website\"},\"primaryImageOfPage\":{\"@id\":\"https:\\\/\\\/depagmotors.com\\\/en\\\/motos-honda\\\/alta-cilindrada\\\/africa-twin-adventure-sports\\\/#primaryimage\"},\"image\":{\"@id\":\"https:\\\/\\\/depagmotors.com\\\/en\\\/motos-honda\\\/alta-cilindrada\\\/africa-twin-adventure-sports\\\/#primaryimage\"},\"thumbnailUrl\":\"https:\\\/\\\/depagmotors.com\\\/wp-content\\\/uploads\\\/2024\\\/10\\\/africa-twin-adventure-1.jpg\",\"datePublished\":\"2024-10-04T16:07:37+00:00\",\"dateModified\":\"2026-04-06T17:03:53+00:00\",\"breadcrumb\":{\"@id\":\"https:\\\/\\\/depagmotors.com\\\/en\\\/motos-honda\\\/alta-cilindrada\\\/africa-twin-adventure-sports\\\/#breadcrumb\"},\"inLanguage\":\"en-US\",\"potentialAction\":[{\"@type\":\"ReadAction\",\"target\":[\"https:\\\/\\\/depagmotors.com\\\/en\\\/motos-honda\\\/alta-cilindrada\\\/africa-twin-adventure-sports\\\/\"]}]},{\"@type\":\"ImageObject\",\"inLanguage\":\"en-US\",\"@id\":\"https:\\\/\\\/depagmotors.com\\\/en\\\/motos-honda\\\/alta-cilindrada\\\/africa-twin-adventure-sports\\\/#primaryimage\",\"url\":\"https:\\\/\\\/depagmotors.com\\\/wp-content\\\/uploads\\\/2024\\\/10\\\/africa-twin-adventure-1.jpg\",\"contentUrl\":\"https:\\\/\\\/depagmotors.com\\\/wp-content\\\/uploads\\\/2024\\\/10\\\/africa-twin-adventure-1.jpg\",\"width\":1000,\"height\":600},{\"@type\":\"BreadcrumbList\",\"@id\":\"https:\\\/\\\/depagmotors.com\\\/en\\\/motos-honda\\\/alta-cilindrada\\\/africa-twin-adventure-sports\\\/#breadcrumb\",\"itemListElement\":[{\"@type\":\"ListItem\",\"position\":1,\"name\":\"Portada\",\"item\":\"https:\\\/\\\/depagmotors.com\\\/en\\\/\"},{\"@type\":\"ListItem\",\"position\":2,\"name\":\"Catalogo\",\"item\":\"https:\\\/\\\/depagmotors.com\\\/en\\\/catalogo\\\/\"},{\"@type\":\"ListItem\",\"position\":3,\"name\":\"AFRICA TWIN ADVENTURE SPORTS\"}]},{\"@type\":\"WebSite\",\"@id\":\"https:\\\/\\\/depagmotors.com\\\/en\\\/#website\",\"url\":\"https:\\\/\\\/depagmotors.com\\\/en\\\/\",\"name\":\"Honda Guanacaste Costa Rica\",\"description\":\"Venta de Motos Guanacaste\",\"publisher\":{\"@id\":\"https:\\\/\\\/depagmotors.com\\\/en\\\/#organization\"},\"potentialAction\":[{\"@type\":\"SearchAction\",\"target\":{\"@type\":\"EntryPoint\",\"urlTemplate\":\"https:\\\/\\\/depagmotors.com\\\/en\\\/?s={search_term_string}\"},\"query-input\":{\"@type\":\"PropertyValueSpecification\",\"valueRequired\":true,\"valueName\":\"search_term_string\"}}],\"inLanguage\":\"en-US\"},{\"@type\":\"Organization\",\"@id\":\"https:\\\/\\\/depagmotors.com\\\/en\\\/#organization\",\"name\":\"Honda Guanacaste Costa Rica\",\"url\":\"https:\\\/\\\/depagmotors.com\\\/en\\\/\",\"logo\":{\"@type\":\"ImageObject\",\"inLanguage\":\"en-US\",\"@id\":\"https:\\\/\\\/depagmotors.com\\\/en\\\/#\\\/schema\\\/logo\\\/image\\\/\",\"url\":\"https:\\\/\\\/depagmotors.com\\\/wp-content\\\/uploads\\\/2024\\\/07\\\/logo-depag.png\",\"contentUrl\":\"https:\\\/\\\/depagmotors.com\\\/wp-content\\\/uploads\\\/2024\\\/07\\\/logo-depag.png\",\"width\":1200,\"height\":345,\"caption\":\"Honda Guanacaste Costa Rica\"},\"image\":{\"@id\":\"https:\\\/\\\/depagmotors.com\\\/en\\\/#\\\/schema\\\/logo\\\/image\\\/\"}}]}<\/script>\n<!-- \/ Yoast SEO plugin. -->","yoast_head_json":{"title":"AFRICA TWIN ADVENTURE SPORTS - Honda Guanacaste Costa Rica","robots":{"index":"index","follow":"follow","max-snippet":"max-snippet:-1","max-image-preview":"max-image-preview:large","max-video-preview":"max-video-preview:-1"},"canonical":"https:\/\/depagmotors.com\/en\/motos-honda\/alta-cilindrada\/africa-twin-adventure-sports\/","og_locale":"en_US","og_type":"article","og_title":"AFRICA TWIN ADVENTURE SPORTS - Honda Guanacaste Costa Rica","og_description":"Dise\u00f1ada para las expediciones m\u00e1s \u00e9picas. Con mayor autonom\u00eda, protecci\u00f3n y comodidad, esta moto est\u00e1 hecha para recorrer largas distancias y enfrentar los terrenos m\u00e1s dif\u00edciles. Su potente motor y avanzado equipamiento tecnol\u00f3gico aseguran una conducci\u00f3n precisa y confiable, haciendo de la Africa Twin Adventure Sports la compa\u00f1era ideal para aventureros que buscan ir m\u00e1s all\u00e1 de los l\u00edmites.","og_url":"https:\/\/depagmotors.com\/en\/motos-honda\/alta-cilindrada\/africa-twin-adventure-sports\/","og_site_name":"Honda Guanacaste Costa Rica","article_modified_time":"2026-04-06T17:03:53+00:00","og_image":[{"width":1000,"height":600,"url":"https:\/\/depagmotors.com\/wp-content\/uploads\/2024\/10\/africa-twin-adventure-1.jpg","type":"image\/jpeg"}],"twitter_card":"summary_large_image","twitter_misc":{"Est. reading time":"2 minutes"},"schema":{"@context":"https:\/\/schema.org","@graph":[{"@type":"WebPage","@id":"https:\/\/depagmotors.com\/en\/motos-honda\/alta-cilindrada\/africa-twin-adventure-sports\/","url":"https:\/\/depagmotors.com\/en\/motos-honda\/alta-cilindrada\/africa-twin-adventure-sports\/","name":"AFRICA TWIN ADVENTURE SPORTS - Honda Guanacaste Costa Rica","isPartOf":{"@id":"https:\/\/depagmotors.com\/en\/#website"},"primaryImageOfPage":{"@id":"https:\/\/depagmotors.com\/en\/motos-honda\/alta-cilindrada\/africa-twin-adventure-sports\/#primaryimage"},"image":{"@id":"https:\/\/depagmotors.com\/en\/motos-honda\/alta-cilindrada\/africa-twin-adventure-sports\/#primaryimage"},"thumbnailUrl":"https:\/\/depagmotors.com\/wp-content\/uploads\/2024\/10\/africa-twin-adventure-1.jpg","datePublished":"2024-10-04T16:07:37+00:00","dateModified":"2026-04-06T17:03:53+00:00","breadcrumb":{"@id":"https:\/\/depagmotors.com\/en\/motos-honda\/alta-cilindrada\/africa-twin-adventure-sports\/#breadcrumb"},"inLanguage":"en-US","potentialAction":[{"@type":"ReadAction","target":["https:\/\/depagmotors.com\/en\/motos-honda\/alta-cilindrada\/africa-twin-adventure-sports\/"]}]},{"@type":"ImageObject","inLanguage":"en-US","@id":"https:\/\/depagmotors.com\/en\/motos-honda\/alta-cilindrada\/africa-twin-adventure-sports\/#primaryimage","url":"https:\/\/depagmotors.com\/wp-content\/uploads\/2024\/10\/africa-twin-adventure-1.jpg","contentUrl":"https:\/\/depagmotors.com\/wp-content\/uploads\/2024\/10\/africa-twin-adventure-1.jpg","width":1000,"height":600},{"@type":"BreadcrumbList","@id":"https:\/\/depagmotors.com\/en\/motos-honda\/alta-cilindrada\/africa-twin-adventure-sports\/#breadcrumb","itemListElement":[{"@type":"ListItem","position":1,"name":"Portada","item":"https:\/\/depagmotors.com\/en\/"},{"@type":"ListItem","position":2,"name":"Catalogo","item":"https:\/\/depagmotors.com\/en\/catalogo\/"},{"@type":"ListItem","position":3,"name":"AFRICA TWIN ADVENTURE SPORTS"}]},{"@type":"WebSite","@id":"https:\/\/depagmotors.com\/en\/#website","url":"https:\/\/depagmotors.com\/en\/","name":"Honda Guanacaste Costa Rica","description":"Venta de Motos Guanacaste","publisher":{"@id":"https:\/\/depagmotors.com\/en\/#organization"},"potentialAction":[{"@type":"SearchAction","target":{"@type":"EntryPoint","urlTemplate":"https:\/\/depagmotors.com\/en\/?s={search_term_string}"},"query-input":{"@type":"PropertyValueSpecification","valueRequired":true,"valueName":"search_term_string"}}],"inLanguage":"en-US"},{"@type":"Organization","@id":"https:\/\/depagmotors.com\/en\/#organization","name":"Honda Guanacaste Costa Rica","url":"https:\/\/depagmotors.com\/en\/","logo":{"@type":"ImageObject","inLanguage":"en-US","@id":"https:\/\/depagmotors.com\/en\/#\/schema\/logo\/image\/","url":"https:\/\/depagmotors.com\/wp-content\/uploads\/2024\/07\/logo-depag.png","contentUrl":"https:\/\/depagmotors.com\/wp-content\/uploads\/2024\/07\/logo-depag.png","width":1200,"height":345,"caption":"Honda Guanacaste Costa Rica"},"image":{"@id":"https:\/\/depagmotors.com\/en\/#\/schema\/logo\/image\/"}}]}},"_links":{"self":[{"href":"https:\/\/depagmotors.com\/en\/wp-json\/wp\/v2\/product\/1419","targetHints":{"allow":["GET"]}}],"collection":[{"href":"https:\/\/depagmotors.com\/en\/wp-json\/wp\/v2\/product"}],"about":[{"href":"https:\/\/depagmotors.com\/en\/wp-json\/wp\/v2\/types\/product"}],"replies":[{"embeddable":true,"href":"https:\/\/depagmotors.com\/en\/wp-json\/wp\/v2\/comments?post=1419"}],"version-history":[{"count":6,"href":"https:\/\/depagmotors.com\/en\/wp-json\/wp\/v2\/product\/1419\/revisions"}],"predecessor-version":[{"id":3355,"href":"https:\/\/depagmotors.com\/en\/wp-json\/wp\/v2\/product\/1419\/revisions\/3355"}],"wp:featuredmedia":[{"embeddable":true,"href":"https:\/\/depagmotors.com\/en\/wp-json\/wp\/v2\/media\/1425"}],"wp:attachment":[{"href":"https:\/\/depagmotors.com\/en\/wp-json\/wp\/v2\/media?parent=1419"}],"wp:term":[{"taxonomy":"product_brand","embeddable":true,"href":"https:\/\/depagmotors.com\/en\/wp-json\/wp\/v2\/product_brand?post=1419"},{"taxonomy":"product_cat","embeddable":true,"href":"https:\/\/depagmotors.com\/en\/wp-json\/wp\/v2\/product_cat?post=1419"},{"taxonomy":"product_tag","embeddable":true,"href":"https:\/\/depagmotors.com\/en\/wp-json\/wp\/v2\/product_tag?post=1419"}],"curies":[{"name":"wp","href":"https:\/\/api.w.org\/{rel}","templated":true}]}}