{"id":1185,"date":"2024-09-30T14:27:52","date_gmt":"2024-09-30T14:27:52","guid":{"rendered":"https:\/\/depagmotors.com\/?post_type=product&#038;p=1185"},"modified":"2026-04-06T11:03:52","modified_gmt":"2026-04-06T17:03:52","slug":"crf250r","status":"publish","type":"product","link":"https:\/\/depagmotors.com\/en\/motos-honda\/especiales\/crf250r\/","title":{"rendered":"CRF250R"},"content":{"rendered":"<div data-elementor-type=\"product-post\" data-elementor-id=\"1185\" class=\"elementor elementor-1185\" data-elementor-post-type=\"product\">\n\t\t\t\t<div class=\"elementor-element elementor-element-bc63365 e-flex e-con-boxed e-con e-parent\" data-id=\"bc63365\" data-element_type=\"container\" data-e-type=\"container\">\n\t\t\t\t\t<div class=\"e-con-inner\">\n\t\t\t\t<div class=\"elementor-element elementor-element-5a30e1e6 elementor-widget elementor-widget-text-editor\" data-id=\"5a30e1e6\" data-element_type=\"widget\" data-e-type=\"widget\" data-widget_type=\"text-editor.default\">\n\t\t\t\t<div class=\"elementor-widget-container\">\n\t\t\t\t\t\t\t\t\t<h2>It's time to properly get the job done.<\/h2><p><strong>When the thirst for victory runs through your veins, the CRF250R is what you need.<\/strong><\/p><ul><li>Engine: 4-stroke, DOHC<\/li><li>Displacement: 249 cc, 1 cylinder, 4 valves UniCam\u00ae<\/li><li>Cooling: liquid<\/li><li>Fuel Capacity: 6 liters.<\/li><li>Transmission: 5-speed manual<\/li><li>Seat Height: 960 mm.<\/li><li>Weight: 107.5 kg (in running order)<\/li><li>Front Suspension: adjustable 49 mm diameter Showa\u00ae SPG inverted fork, 305 mm travel.<\/li><li>Rear Suspension: double Pro-Link\u00ae swingarm with adjustable Showa\u00ae monoshock, 315 mm travel.<\/li><li>Front Brake: 260 mm diameter wave disc, 2-piston hydraulic caliper.<\/li><li>Rear Brake: 240 mm diameter wave disc, 1-piston hydraulic caliper.<\/li><li>Front Tire: 80\/100-21 Dunlop Geomax<\/li><li>Front Tire: 100\/90-19 Dunlop Geomax<\/li><\/ul>\t\t\t\t\t\t\t\t<\/div>\n\t\t\t\t<\/div>\n\t\t\t\t\t<\/div>\n\t\t\t\t<\/div>\n\t\t\t\t<\/div>","protected":false},"excerpt":{"rendered":"<p>The ultimate motocross machine. With its high-power engine and ultra-light chassis, the CRF250R is designed to deliver explosive acceleration and impeccable control on the most demanding tracks. Dominate the competition with Honda's technology and reliability.<\/p>","protected":false},"featured_media":2573,"comment_status":"open","ping_status":"closed","template":"","meta":{"_acf_changed":false,"_monsterinsights_skip_tracking":false,"_monsterinsights_sitenote_active":false,"_monsterinsights_sitenote_note":"","_monsterinsights_sitenote_category":0},"product_brand":[],"product_cat":[30],"product_tag":[],"class_list":{"0":"post-1185","1":"product","2":"type-product","3":"status-publish","4":"has-post-thumbnail","6":"product_cat-especiales","8":"first","9":"instock","10":"shipping-taxable","11":"purchasable","12":"product-type-simple"},"acf":[],"yoast_head":"<!-- This site is optimized with the Yoast SEO plugin v27.4 - https:\/\/yoast.com\/product\/yoast-seo-wordpress\/ -->\n<title>CRF250R - Honda Guanacaste Costa Rica<\/title>\n<meta name=\"description\" content=\"La m\u00e1quina definitiva para motocross. Con su motor de alta potencia y chasis ultraligero, la CRF250R est\u00e1 dise\u00f1ada para ofrecer una aceleraci\u00f3n explosiva y un control impecable en las pistas m\u00e1s exigentes. Domina la competencia con la tecnolog\u00eda y fiabilidad de Honda.\" \/>\n<meta name=\"robots\" content=\"index, follow, max-snippet:-1, max-image-preview:large, max-video-preview:-1\" \/>\n<link rel=\"canonical\" href=\"https:\/\/depagmotors.com\/en\/motos-honda\/especiales\/crf250r\/\" \/>\n<meta property=\"og:locale\" content=\"en_US\" \/>\n<meta property=\"og:type\" content=\"article\" \/>\n<meta property=\"og:title\" content=\"CRF250R - Honda Guanacaste Costa Rica\" \/>\n<meta property=\"og:description\" content=\"La m\u00e1quina definitiva para motocross. Con su motor de alta potencia y chasis ultraligero, la CRF250R est\u00e1 dise\u00f1ada para ofrecer una aceleraci\u00f3n explosiva y un control impecable en las pistas m\u00e1s exigentes. Domina la competencia con la tecnolog\u00eda y fiabilidad de Honda.\" \/>\n<meta property=\"og:url\" content=\"https:\/\/depagmotors.com\/en\/motos-honda\/especiales\/crf250r\/\" \/>\n<meta property=\"og:site_name\" content=\"Honda Guanacaste Costa Rica\" \/>\n<meta property=\"article:modified_time\" content=\"2026-04-06T17:03:52+00:00\" \/>\n<meta property=\"og:image\" content=\"https:\/\/depagmotors.com\/wp-content\/uploads\/2024\/09\/crf250r-web-2.jpg\" \/>\n\t<meta property=\"og:image:width\" content=\"1000\" \/>\n\t<meta property=\"og:image:height\" content=\"600\" \/>\n\t<meta property=\"og:image:type\" content=\"image\/jpeg\" \/>\n<meta name=\"twitter:card\" content=\"summary_large_image\" \/>\n<meta name=\"twitter:label1\" content=\"Est. reading time\" \/>\n\t<meta name=\"twitter:data1\" content=\"1 minute\" \/>\n<script type=\"application\/ld+json\" class=\"yoast-schema-graph\">{\"@context\":\"https:\\\/\\\/schema.org\",\"@graph\":[{\"@type\":\"WebPage\",\"@id\":\"https:\\\/\\\/depagmotors.com\\\/en\\\/motos-honda\\\/especiales\\\/crf250r\\\/\",\"url\":\"https:\\\/\\\/depagmotors.com\\\/en\\\/motos-honda\\\/especiales\\\/crf250r\\\/\",\"name\":\"CRF250R - Honda Guanacaste Costa Rica\",\"isPartOf\":{\"@id\":\"https:\\\/\\\/depagmotors.com\\\/en\\\/#website\"},\"primaryImageOfPage\":{\"@id\":\"https:\\\/\\\/depagmotors.com\\\/en\\\/motos-honda\\\/especiales\\\/crf250r\\\/#primaryimage\"},\"image\":{\"@id\":\"https:\\\/\\\/depagmotors.com\\\/en\\\/motos-honda\\\/especiales\\\/crf250r\\\/#primaryimage\"},\"thumbnailUrl\":\"https:\\\/\\\/depagmotors.com\\\/wp-content\\\/uploads\\\/2024\\\/09\\\/crf250r-web-2.jpg\",\"datePublished\":\"2024-09-30T14:27:52+00:00\",\"dateModified\":\"2026-04-06T17:03:52+00:00\",\"description\":\"La m\u00e1quina definitiva para motocross. Con su motor de alta potencia y chasis ultraligero, la CRF250R est\u00e1 dise\u00f1ada para ofrecer una aceleraci\u00f3n explosiva y un control impecable en las pistas m\u00e1s exigentes. Domina la competencia con la tecnolog\u00eda y fiabilidad de Honda.\",\"breadcrumb\":{\"@id\":\"https:\\\/\\\/depagmotors.com\\\/en\\\/motos-honda\\\/especiales\\\/crf250r\\\/#breadcrumb\"},\"inLanguage\":\"en-US\",\"potentialAction\":[{\"@type\":\"ReadAction\",\"target\":[\"https:\\\/\\\/depagmotors.com\\\/en\\\/motos-honda\\\/especiales\\\/crf250r\\\/\"]}]},{\"@type\":\"ImageObject\",\"inLanguage\":\"en-US\",\"@id\":\"https:\\\/\\\/depagmotors.com\\\/en\\\/motos-honda\\\/especiales\\\/crf250r\\\/#primaryimage\",\"url\":\"https:\\\/\\\/depagmotors.com\\\/wp-content\\\/uploads\\\/2024\\\/09\\\/crf250r-web-2.jpg\",\"contentUrl\":\"https:\\\/\\\/depagmotors.com\\\/wp-content\\\/uploads\\\/2024\\\/09\\\/crf250r-web-2.jpg\",\"width\":1000,\"height\":600},{\"@type\":\"BreadcrumbList\",\"@id\":\"https:\\\/\\\/depagmotors.com\\\/en\\\/motos-honda\\\/especiales\\\/crf250r\\\/#breadcrumb\",\"itemListElement\":[{\"@type\":\"ListItem\",\"position\":1,\"name\":\"Portada\",\"item\":\"https:\\\/\\\/depagmotors.com\\\/en\\\/\"},{\"@type\":\"ListItem\",\"position\":2,\"name\":\"Catalogo\",\"item\":\"https:\\\/\\\/depagmotors.com\\\/en\\\/catalogo\\\/\"},{\"@type\":\"ListItem\",\"position\":3,\"name\":\"CRF250R\"}]},{\"@type\":\"WebSite\",\"@id\":\"https:\\\/\\\/depagmotors.com\\\/en\\\/#website\",\"url\":\"https:\\\/\\\/depagmotors.com\\\/en\\\/\",\"name\":\"Honda Guanacaste Costa Rica\",\"description\":\"Venta de Motos Guanacaste\",\"publisher\":{\"@id\":\"https:\\\/\\\/depagmotors.com\\\/en\\\/#organization\"},\"potentialAction\":[{\"@type\":\"SearchAction\",\"target\":{\"@type\":\"EntryPoint\",\"urlTemplate\":\"https:\\\/\\\/depagmotors.com\\\/en\\\/?s={search_term_string}\"},\"query-input\":{\"@type\":\"PropertyValueSpecification\",\"valueRequired\":true,\"valueName\":\"search_term_string\"}}],\"inLanguage\":\"en-US\"},{\"@type\":\"Organization\",\"@id\":\"https:\\\/\\\/depagmotors.com\\\/en\\\/#organization\",\"name\":\"Honda Guanacaste Costa Rica\",\"url\":\"https:\\\/\\\/depagmotors.com\\\/en\\\/\",\"logo\":{\"@type\":\"ImageObject\",\"inLanguage\":\"en-US\",\"@id\":\"https:\\\/\\\/depagmotors.com\\\/en\\\/#\\\/schema\\\/logo\\\/image\\\/\",\"url\":\"https:\\\/\\\/depagmotors.com\\\/wp-content\\\/uploads\\\/2024\\\/07\\\/logo-depag.png\",\"contentUrl\":\"https:\\\/\\\/depagmotors.com\\\/wp-content\\\/uploads\\\/2024\\\/07\\\/logo-depag.png\",\"width\":1200,\"height\":345,\"caption\":\"Honda Guanacaste Costa Rica\"},\"image\":{\"@id\":\"https:\\\/\\\/depagmotors.com\\\/en\\\/#\\\/schema\\\/logo\\\/image\\\/\"}}]}<\/script>\n<!-- \/ Yoast SEO plugin. -->","yoast_head_json":{"title":"CRF250R - Honda Guanacaste Costa Rica","description":"The ultimate motocross machine. With its high-power engine and ultra-light chassis, the CRF250R is designed to deliver explosive acceleration and impeccable control on the most demanding tracks. Dominate the competition with Honda's technology and reliability.","robots":{"index":"index","follow":"follow","max-snippet":"max-snippet:-1","max-image-preview":"max-image-preview:large","max-video-preview":"max-video-preview:-1"},"canonical":"https:\/\/depagmotors.com\/en\/motos-honda\/especiales\/crf250r\/","og_locale":"en_US","og_type":"article","og_title":"CRF250R - Honda Guanacaste Costa Rica","og_description":"La m\u00e1quina definitiva para motocross. Con su motor de alta potencia y chasis ultraligero, la CRF250R est\u00e1 dise\u00f1ada para ofrecer una aceleraci\u00f3n explosiva y un control impecable en las pistas m\u00e1s exigentes. Domina la competencia con la tecnolog\u00eda y fiabilidad de Honda.","og_url":"https:\/\/depagmotors.com\/en\/motos-honda\/especiales\/crf250r\/","og_site_name":"Honda Guanacaste Costa Rica","article_modified_time":"2026-04-06T17:03:52+00:00","og_image":[{"width":1000,"height":600,"url":"https:\/\/depagmotors.com\/wp-content\/uploads\/2024\/09\/crf250r-web-2.jpg","type":"image\/jpeg"}],"twitter_card":"summary_large_image","twitter_misc":{"Est. reading time":"1 minute"},"schema":{"@context":"https:\/\/schema.org","@graph":[{"@type":"WebPage","@id":"https:\/\/depagmotors.com\/en\/motos-honda\/especiales\/crf250r\/","url":"https:\/\/depagmotors.com\/en\/motos-honda\/especiales\/crf250r\/","name":"CRF250R - Honda Guanacaste Costa Rica","isPartOf":{"@id":"https:\/\/depagmotors.com\/en\/#website"},"primaryImageOfPage":{"@id":"https:\/\/depagmotors.com\/en\/motos-honda\/especiales\/crf250r\/#primaryimage"},"image":{"@id":"https:\/\/depagmotors.com\/en\/motos-honda\/especiales\/crf250r\/#primaryimage"},"thumbnailUrl":"https:\/\/depagmotors.com\/wp-content\/uploads\/2024\/09\/crf250r-web-2.jpg","datePublished":"2024-09-30T14:27:52+00:00","dateModified":"2026-04-06T17:03:52+00:00","description":"The ultimate motocross machine. With its high-power engine and ultra-light chassis, the CRF250R is designed to deliver explosive acceleration and impeccable control on the most demanding tracks. Dominate the competition with Honda's technology and reliability.","breadcrumb":{"@id":"https:\/\/depagmotors.com\/en\/motos-honda\/especiales\/crf250r\/#breadcrumb"},"inLanguage":"en-US","potentialAction":[{"@type":"ReadAction","target":["https:\/\/depagmotors.com\/en\/motos-honda\/especiales\/crf250r\/"]}]},{"@type":"ImageObject","inLanguage":"en-US","@id":"https:\/\/depagmotors.com\/en\/motos-honda\/especiales\/crf250r\/#primaryimage","url":"https:\/\/depagmotors.com\/wp-content\/uploads\/2024\/09\/crf250r-web-2.jpg","contentUrl":"https:\/\/depagmotors.com\/wp-content\/uploads\/2024\/09\/crf250r-web-2.jpg","width":1000,"height":600},{"@type":"BreadcrumbList","@id":"https:\/\/depagmotors.com\/en\/motos-honda\/especiales\/crf250r\/#breadcrumb","itemListElement":[{"@type":"ListItem","position":1,"name":"Portada","item":"https:\/\/depagmotors.com\/en\/"},{"@type":"ListItem","position":2,"name":"Catalogo","item":"https:\/\/depagmotors.com\/en\/catalogo\/"},{"@type":"ListItem","position":3,"name":"CRF250R"}]},{"@type":"WebSite","@id":"https:\/\/depagmotors.com\/en\/#website","url":"https:\/\/depagmotors.com\/en\/","name":"Honda Guanacaste Costa Rica","description":"Venta de Motos Guanacaste","publisher":{"@id":"https:\/\/depagmotors.com\/en\/#organization"},"potentialAction":[{"@type":"SearchAction","target":{"@type":"EntryPoint","urlTemplate":"https:\/\/depagmotors.com\/en\/?s={search_term_string}"},"query-input":{"@type":"PropertyValueSpecification","valueRequired":true,"valueName":"search_term_string"}}],"inLanguage":"en-US"},{"@type":"Organization","@id":"https:\/\/depagmotors.com\/en\/#organization","name":"Honda Guanacaste Costa Rica","url":"https:\/\/depagmotors.com\/en\/","logo":{"@type":"ImageObject","inLanguage":"en-US","@id":"https:\/\/depagmotors.com\/en\/#\/schema\/logo\/image\/","url":"https:\/\/depagmotors.com\/wp-content\/uploads\/2024\/07\/logo-depag.png","contentUrl":"https:\/\/depagmotors.com\/wp-content\/uploads\/2024\/07\/logo-depag.png","width":1200,"height":345,"caption":"Honda Guanacaste Costa Rica"},"image":{"@id":"https:\/\/depagmotors.com\/en\/#\/schema\/logo\/image\/"}}]}},"_links":{"self":[{"href":"https:\/\/depagmotors.com\/en\/wp-json\/wp\/v2\/product\/1185","targetHints":{"allow":["GET"]}}],"collection":[{"href":"https:\/\/depagmotors.com\/en\/wp-json\/wp\/v2\/product"}],"about":[{"href":"https:\/\/depagmotors.com\/en\/wp-json\/wp\/v2\/types\/product"}],"replies":[{"embeddable":true,"href":"https:\/\/depagmotors.com\/en\/wp-json\/wp\/v2\/comments?post=1185"}],"version-history":[{"count":9,"href":"https:\/\/depagmotors.com\/en\/wp-json\/wp\/v2\/product\/1185\/revisions"}],"predecessor-version":[{"id":3377,"href":"https:\/\/depagmotors.com\/en\/wp-json\/wp\/v2\/product\/1185\/revisions\/3377"}],"wp:featuredmedia":[{"embeddable":true,"href":"https:\/\/depagmotors.com\/en\/wp-json\/wp\/v2\/media\/2573"}],"wp:attachment":[{"href":"https:\/\/depagmotors.com\/en\/wp-json\/wp\/v2\/media?parent=1185"}],"wp:term":[{"taxonomy":"product_brand","embeddable":true,"href":"https:\/\/depagmotors.com\/en\/wp-json\/wp\/v2\/product_brand?post=1185"},{"taxonomy":"product_cat","embeddable":true,"href":"https:\/\/depagmotors.com\/en\/wp-json\/wp\/v2\/product_cat?post=1185"},{"taxonomy":"product_tag","embeddable":true,"href":"https:\/\/depagmotors.com\/en\/wp-json\/wp\/v2\/product_tag?post=1185"}],"curies":[{"name":"wp","href":"https:\/\/api.w.org\/{rel}","templated":true}]}}