{"id":1139,"date":"2024-09-26T17:29:10","date_gmt":"2024-09-26T17:29:10","guid":{"rendered":"https:\/\/depagmotors.com\/?post_type=product&#038;p=1139"},"modified":"2026-04-06T11:03:52","modified_gmt":"2026-04-06T17:03:52","slug":"crf110f","status":"publish","type":"product","link":"https:\/\/depagmotors.com\/en\/motos-honda\/especiales\/crf110f\/","title":{"rendered":"CRF110F"},"content":{"rendered":"<div data-elementor-type=\"product-post\" data-elementor-id=\"1139\" class=\"elementor elementor-1139\" data-elementor-post-type=\"product\">\n\t\t\t\t<div class=\"elementor-element elementor-element-bc63365 e-flex e-con-boxed e-con e-parent\" data-id=\"bc63365\" data-element_type=\"container\" data-e-type=\"container\">\n\t\t\t\t\t<div class=\"e-con-inner\">\n\t\t\t\t<div class=\"elementor-element elementor-element-5a30e1e6 elementor-widget elementor-widget-text-editor\" data-id=\"5a30e1e6\" data-element_type=\"widget\" data-e-type=\"widget\" data-widget_type=\"text-editor.default\">\n\t\t\t\t<div class=\"elementor-widget-container\">\n\t\t\t\t\t\t\t\t\t<h2>The beginning of the adventure.<\/h2><p><strong>The CRF110F is the opportunity for kids to experience quality.<\/strong><\/p><ul><li>Engine: 4-stroke, SOHC<\/li><li>Displacement: 109 cc, 1 cylinder, 2 valves<\/li><li>Cooling: Air<\/li><li>Fuel Capacity: 3.8 liters.<\/li><li>Transmission: 4-speed semi-automatic<\/li><li>Seat Height: 825 mm.<\/li><li>Weight: 74 kg (in running order)<\/li><li>Front Suspension: 31 mm diameter telescopic fork, 99 mm travel.<\/li><li>Rear Suspension: swingarm with monoshock, 96.5 mm travel.<\/li><li>Front Brake: drum<\/li><li>Rear Brake: drum<\/li><li>Front Tire: 70 \/ 100-14.<\/li><li>Rear Tire: 80 \/ 100-12<\/li><\/ul>\t\t\t\t\t\t\t\t<\/div>\n\t\t\t\t<\/div>\n\t\t\t\t\t<\/div>\n\t\t\t\t<\/div>\n\t\t\t\t<\/div>","protected":false},"excerpt":{"rendered":"<p>The gateway to the world of motocross. With its compact design and easy handling, the CRF110F is ideal for young riders seeking adventure and fun, backed by Honda's quality and reliability.<\/p>","protected":false},"featured_media":1141,"comment_status":"open","ping_status":"closed","template":"","meta":{"_acf_changed":false,"_monsterinsights_skip_tracking":false,"_monsterinsights_sitenote_active":false,"_monsterinsights_sitenote_note":"","_monsterinsights_sitenote_category":0},"product_brand":[],"product_cat":[30],"product_tag":[],"class_list":{"0":"post-1139","1":"product","2":"type-product","3":"status-publish","4":"has-post-thumbnail","6":"product_cat-especiales","8":"first","9":"instock","10":"shipping-taxable","11":"purchasable","12":"product-type-simple"},"acf":[],"yoast_head":"<!-- This site is optimized with the Yoast SEO plugin v27.4 - https:\/\/yoast.com\/product\/yoast-seo-wordpress\/ -->\n<title>CRF110F - Honda Guanacaste Costa Rica<\/title>\n<meta name=\"robots\" content=\"index, follow, max-snippet:-1, max-image-preview:large, max-video-preview:-1\" \/>\n<link rel=\"canonical\" href=\"https:\/\/depagmotors.com\/en\/motos-honda\/especiales\/crf110f\/\" \/>\n<meta property=\"og:locale\" content=\"en_US\" \/>\n<meta property=\"og:type\" content=\"article\" \/>\n<meta property=\"og:title\" content=\"CRF110F - Honda Guanacaste Costa Rica\" \/>\n<meta property=\"og:description\" content=\"La puerta de entrada al mundo del motocross. Con su dise\u00f1o compacto y f\u00e1cil manejo, la CRF110F es ideal para pilotos j\u00f3venes que buscan aventura y diversi\u00f3n, respaldada por la calidad y confiabilidad de Honda.\" \/>\n<meta property=\"og:url\" content=\"https:\/\/depagmotors.com\/en\/motos-honda\/especiales\/crf110f\/\" \/>\n<meta property=\"og:site_name\" content=\"Honda Guanacaste Costa Rica\" \/>\n<meta property=\"article:modified_time\" content=\"2026-04-06T17:03:52+00:00\" \/>\n<meta property=\"og:image\" content=\"https:\/\/depagmotors.com\/wp-content\/uploads\/2024\/09\/moto-web-CRF110F-1.jpg\" \/>\n\t<meta property=\"og:image:width\" content=\"1000\" \/>\n\t<meta property=\"og:image:height\" content=\"600\" \/>\n\t<meta property=\"og:image:type\" content=\"image\/jpeg\" \/>\n<meta name=\"twitter:card\" content=\"summary_large_image\" \/>\n<meta name=\"twitter:label1\" content=\"Est. reading time\" \/>\n\t<meta name=\"twitter:data1\" content=\"1 minute\" \/>\n<script type=\"application\/ld+json\" class=\"yoast-schema-graph\">{\"@context\":\"https:\\\/\\\/schema.org\",\"@graph\":[{\"@type\":\"WebPage\",\"@id\":\"https:\\\/\\\/depagmotors.com\\\/en\\\/motos-honda\\\/especiales\\\/crf110f\\\/\",\"url\":\"https:\\\/\\\/depagmotors.com\\\/en\\\/motos-honda\\\/especiales\\\/crf110f\\\/\",\"name\":\"CRF110F - Honda Guanacaste Costa Rica\",\"isPartOf\":{\"@id\":\"https:\\\/\\\/depagmotors.com\\\/en\\\/#website\"},\"primaryImageOfPage\":{\"@id\":\"https:\\\/\\\/depagmotors.com\\\/en\\\/motos-honda\\\/especiales\\\/crf110f\\\/#primaryimage\"},\"image\":{\"@id\":\"https:\\\/\\\/depagmotors.com\\\/en\\\/motos-honda\\\/especiales\\\/crf110f\\\/#primaryimage\"},\"thumbnailUrl\":\"https:\\\/\\\/depagmotors.com\\\/wp-content\\\/uploads\\\/2024\\\/09\\\/moto-web-CRF110F-1.jpg\",\"datePublished\":\"2024-09-26T17:29:10+00:00\",\"dateModified\":\"2026-04-06T17:03:52+00:00\",\"breadcrumb\":{\"@id\":\"https:\\\/\\\/depagmotors.com\\\/en\\\/motos-honda\\\/especiales\\\/crf110f\\\/#breadcrumb\"},\"inLanguage\":\"en-US\",\"potentialAction\":[{\"@type\":\"ReadAction\",\"target\":[\"https:\\\/\\\/depagmotors.com\\\/en\\\/motos-honda\\\/especiales\\\/crf110f\\\/\"]}]},{\"@type\":\"ImageObject\",\"inLanguage\":\"en-US\",\"@id\":\"https:\\\/\\\/depagmotors.com\\\/en\\\/motos-honda\\\/especiales\\\/crf110f\\\/#primaryimage\",\"url\":\"https:\\\/\\\/depagmotors.com\\\/wp-content\\\/uploads\\\/2024\\\/09\\\/moto-web-CRF110F-1.jpg\",\"contentUrl\":\"https:\\\/\\\/depagmotors.com\\\/wp-content\\\/uploads\\\/2024\\\/09\\\/moto-web-CRF110F-1.jpg\",\"width\":1000,\"height\":600},{\"@type\":\"BreadcrumbList\",\"@id\":\"https:\\\/\\\/depagmotors.com\\\/en\\\/motos-honda\\\/especiales\\\/crf110f\\\/#breadcrumb\",\"itemListElement\":[{\"@type\":\"ListItem\",\"position\":1,\"name\":\"Portada\",\"item\":\"https:\\\/\\\/depagmotors.com\\\/en\\\/\"},{\"@type\":\"ListItem\",\"position\":2,\"name\":\"Catalogo\",\"item\":\"https:\\\/\\\/depagmotors.com\\\/en\\\/catalogo\\\/\"},{\"@type\":\"ListItem\",\"position\":3,\"name\":\"CRF110F\"}]},{\"@type\":\"WebSite\",\"@id\":\"https:\\\/\\\/depagmotors.com\\\/en\\\/#website\",\"url\":\"https:\\\/\\\/depagmotors.com\\\/en\\\/\",\"name\":\"Honda Guanacaste Costa Rica\",\"description\":\"Venta de Motos Guanacaste\",\"publisher\":{\"@id\":\"https:\\\/\\\/depagmotors.com\\\/en\\\/#organization\"},\"potentialAction\":[{\"@type\":\"SearchAction\",\"target\":{\"@type\":\"EntryPoint\",\"urlTemplate\":\"https:\\\/\\\/depagmotors.com\\\/en\\\/?s={search_term_string}\"},\"query-input\":{\"@type\":\"PropertyValueSpecification\",\"valueRequired\":true,\"valueName\":\"search_term_string\"}}],\"inLanguage\":\"en-US\"},{\"@type\":\"Organization\",\"@id\":\"https:\\\/\\\/depagmotors.com\\\/en\\\/#organization\",\"name\":\"Honda Guanacaste Costa Rica\",\"url\":\"https:\\\/\\\/depagmotors.com\\\/en\\\/\",\"logo\":{\"@type\":\"ImageObject\",\"inLanguage\":\"en-US\",\"@id\":\"https:\\\/\\\/depagmotors.com\\\/en\\\/#\\\/schema\\\/logo\\\/image\\\/\",\"url\":\"https:\\\/\\\/depagmotors.com\\\/wp-content\\\/uploads\\\/2024\\\/07\\\/logo-depag.png\",\"contentUrl\":\"https:\\\/\\\/depagmotors.com\\\/wp-content\\\/uploads\\\/2024\\\/07\\\/logo-depag.png\",\"width\":1200,\"height\":345,\"caption\":\"Honda Guanacaste Costa Rica\"},\"image\":{\"@id\":\"https:\\\/\\\/depagmotors.com\\\/en\\\/#\\\/schema\\\/logo\\\/image\\\/\"}}]}<\/script>\n<!-- \/ Yoast SEO plugin. -->","yoast_head_json":{"title":"CRF110F - Honda Guanacaste Costa Rica","robots":{"index":"index","follow":"follow","max-snippet":"max-snippet:-1","max-image-preview":"max-image-preview:large","max-video-preview":"max-video-preview:-1"},"canonical":"https:\/\/depagmotors.com\/en\/motos-honda\/especiales\/crf110f\/","og_locale":"en_US","og_type":"article","og_title":"CRF110F - Honda Guanacaste Costa Rica","og_description":"La puerta de entrada al mundo del motocross. Con su dise\u00f1o compacto y f\u00e1cil manejo, la CRF110F es ideal para pilotos j\u00f3venes que buscan aventura y diversi\u00f3n, respaldada por la calidad y confiabilidad de Honda.","og_url":"https:\/\/depagmotors.com\/en\/motos-honda\/especiales\/crf110f\/","og_site_name":"Honda Guanacaste Costa Rica","article_modified_time":"2026-04-06T17:03:52+00:00","og_image":[{"width":1000,"height":600,"url":"https:\/\/depagmotors.com\/wp-content\/uploads\/2024\/09\/moto-web-CRF110F-1.jpg","type":"image\/jpeg"}],"twitter_card":"summary_large_image","twitter_misc":{"Est. reading time":"1 minute"},"schema":{"@context":"https:\/\/schema.org","@graph":[{"@type":"WebPage","@id":"https:\/\/depagmotors.com\/en\/motos-honda\/especiales\/crf110f\/","url":"https:\/\/depagmotors.com\/en\/motos-honda\/especiales\/crf110f\/","name":"CRF110F - Honda Guanacaste Costa Rica","isPartOf":{"@id":"https:\/\/depagmotors.com\/en\/#website"},"primaryImageOfPage":{"@id":"https:\/\/depagmotors.com\/en\/motos-honda\/especiales\/crf110f\/#primaryimage"},"image":{"@id":"https:\/\/depagmotors.com\/en\/motos-honda\/especiales\/crf110f\/#primaryimage"},"thumbnailUrl":"https:\/\/depagmotors.com\/wp-content\/uploads\/2024\/09\/moto-web-CRF110F-1.jpg","datePublished":"2024-09-26T17:29:10+00:00","dateModified":"2026-04-06T17:03:52+00:00","breadcrumb":{"@id":"https:\/\/depagmotors.com\/en\/motos-honda\/especiales\/crf110f\/#breadcrumb"},"inLanguage":"en-US","potentialAction":[{"@type":"ReadAction","target":["https:\/\/depagmotors.com\/en\/motos-honda\/especiales\/crf110f\/"]}]},{"@type":"ImageObject","inLanguage":"en-US","@id":"https:\/\/depagmotors.com\/en\/motos-honda\/especiales\/crf110f\/#primaryimage","url":"https:\/\/depagmotors.com\/wp-content\/uploads\/2024\/09\/moto-web-CRF110F-1.jpg","contentUrl":"https:\/\/depagmotors.com\/wp-content\/uploads\/2024\/09\/moto-web-CRF110F-1.jpg","width":1000,"height":600},{"@type":"BreadcrumbList","@id":"https:\/\/depagmotors.com\/en\/motos-honda\/especiales\/crf110f\/#breadcrumb","itemListElement":[{"@type":"ListItem","position":1,"name":"Portada","item":"https:\/\/depagmotors.com\/en\/"},{"@type":"ListItem","position":2,"name":"Catalogo","item":"https:\/\/depagmotors.com\/en\/catalogo\/"},{"@type":"ListItem","position":3,"name":"CRF110F"}]},{"@type":"WebSite","@id":"https:\/\/depagmotors.com\/en\/#website","url":"https:\/\/depagmotors.com\/en\/","name":"Honda Guanacaste Costa Rica","description":"Venta de Motos Guanacaste","publisher":{"@id":"https:\/\/depagmotors.com\/en\/#organization"},"potentialAction":[{"@type":"SearchAction","target":{"@type":"EntryPoint","urlTemplate":"https:\/\/depagmotors.com\/en\/?s={search_term_string}"},"query-input":{"@type":"PropertyValueSpecification","valueRequired":true,"valueName":"search_term_string"}}],"inLanguage":"en-US"},{"@type":"Organization","@id":"https:\/\/depagmotors.com\/en\/#organization","name":"Honda Guanacaste Costa Rica","url":"https:\/\/depagmotors.com\/en\/","logo":{"@type":"ImageObject","inLanguage":"en-US","@id":"https:\/\/depagmotors.com\/en\/#\/schema\/logo\/image\/","url":"https:\/\/depagmotors.com\/wp-content\/uploads\/2024\/07\/logo-depag.png","contentUrl":"https:\/\/depagmotors.com\/wp-content\/uploads\/2024\/07\/logo-depag.png","width":1200,"height":345,"caption":"Honda Guanacaste Costa Rica"},"image":{"@id":"https:\/\/depagmotors.com\/en\/#\/schema\/logo\/image\/"}}]}},"_links":{"self":[{"href":"https:\/\/depagmotors.com\/en\/wp-json\/wp\/v2\/product\/1139","targetHints":{"allow":["GET"]}}],"collection":[{"href":"https:\/\/depagmotors.com\/en\/wp-json\/wp\/v2\/product"}],"about":[{"href":"https:\/\/depagmotors.com\/en\/wp-json\/wp\/v2\/types\/product"}],"replies":[{"embeddable":true,"href":"https:\/\/depagmotors.com\/en\/wp-json\/wp\/v2\/comments?post=1139"}],"version-history":[{"count":6,"href":"https:\/\/depagmotors.com\/en\/wp-json\/wp\/v2\/product\/1139\/revisions"}],"predecessor-version":[{"id":3345,"href":"https:\/\/depagmotors.com\/en\/wp-json\/wp\/v2\/product\/1139\/revisions\/3345"}],"wp:featuredmedia":[{"embeddable":true,"href":"https:\/\/depagmotors.com\/en\/wp-json\/wp\/v2\/media\/1141"}],"wp:attachment":[{"href":"https:\/\/depagmotors.com\/en\/wp-json\/wp\/v2\/media?parent=1139"}],"wp:term":[{"taxonomy":"product_brand","embeddable":true,"href":"https:\/\/depagmotors.com\/en\/wp-json\/wp\/v2\/product_brand?post=1139"},{"taxonomy":"product_cat","embeddable":true,"href":"https:\/\/depagmotors.com\/en\/wp-json\/wp\/v2\/product_cat?post=1139"},{"taxonomy":"product_tag","embeddable":true,"href":"https:\/\/depagmotors.com\/en\/wp-json\/wp\/v2\/product_tag?post=1139"}],"curies":[{"name":"wp","href":"https:\/\/api.w.org\/{rel}","templated":true}]}}