{"id":1984,"date":"2024-10-11T19:02:58","date_gmt":"2024-10-11T19:02:58","guid":{"rendered":"https:\/\/depagmotors.com\/?page_id=1984"},"modified":"2024-11-27T16:08:52","modified_gmt":"2024-11-27T22:08:52","slug":"ayuda-y-preguntas-frecuentes","status":"publish","type":"page","link":"https:\/\/depagmotors.com\/en\/ayuda-y-preguntas-frecuentes\/","title":{"rendered":"Help &amp; FAQ"},"content":{"rendered":"<div data-elementor-type=\"wp-page\" data-elementor-id=\"1984\" class=\"elementor elementor-1984\" data-elementor-post-type=\"page\">\n\t\t\t\t<div class=\"elementor-element elementor-element-9c077af e-flex e-con-boxed e-con e-parent\" data-id=\"9c077af\" data-element_type=\"container\" data-e-type=\"container\">\n\t\t\t\t\t<div class=\"e-con-inner\">\n\t\t\t\t\t<\/div>\n\t\t\t\t<\/div>\n\t\t<div class=\"elementor-element elementor-element-35a51b3 e-flex e-con-boxed e-con e-parent\" data-id=\"35a51b3\" data-element_type=\"container\" data-e-type=\"container\">\n\t\t\t\t\t<div class=\"e-con-inner\">\n\t\t\t\t<div class=\"elementor-element elementor-element-bff175e elementor-widget elementor-widget-n-accordion\" data-id=\"bff175e\" data-element_type=\"widget\" data-e-type=\"widget\" data-settings=\"{&quot;default_state&quot;:&quot;expanded&quot;,&quot;max_items_expended&quot;:&quot;one&quot;,&quot;n_accordion_animation_duration&quot;:{&quot;unit&quot;:&quot;ms&quot;,&quot;size&quot;:400,&quot;sizes&quot;:[]}}\" data-widget_type=\"nested-accordion.default\">\n\t\t\t\t<div class=\"elementor-widget-container\">\n\t\t\t\t\t\t\t<div class=\"e-n-accordion\" aria-label=\"Accordion. Open links with Enter or Space, close with Escape, and navigate with Arrow Keys\">\n\t\t\t\t\t\t<details id=\"e-n-accordion-item-2010\" class=\"e-n-accordion-item\" open>\n\t\t\t\t<summary class=\"e-n-accordion-item-title\" data-accordion-index=\"1\" tabindex=\"0\" aria-expanded=\"true\" aria-controls=\"e-n-accordion-item-2010\" >\n\t\t\t\t\t<span class='e-n-accordion-item-title-header'><div class=\"e-n-accordion-item-title-text\"> How do I apply for a loan?  <\/div><\/span>\n\t\t\t\t\t\t\t<span class='e-n-accordion-item-title-icon'>\n\t\t\t<span class='e-opened' ><svg aria-hidden=\"true\" class=\"e-font-icon-svg e-fas-minus\" viewbox=\"0 0 448 512\" xmlns=\"http:\/\/www.w3.org\/2000\/svg\"><path d=\"M416 208H32c-17.67 0-32 14.33-32 32v32c0 17.67 14.33 32 32 32h384c17.67 0 32-14.33 32-32v-32c0-17.67-14.33-32-32-32z\"><\/path><\/svg><\/span>\n\t\t\t<span class='e-closed'><svg aria-hidden=\"true\" class=\"e-font-icon-svg e-fas-plus\" viewbox=\"0 0 448 512\" xmlns=\"http:\/\/www.w3.org\/2000\/svg\"><path d=\"M416 208H272V64c0-17.67-14.33-32-32-32h-32c-17.67 0-32 14.33-32 32v144H32c-17.67 0-32 14.33-32 32v32c0 17.67 14.33 32 32 32h144v144c0 17.67 14.33 32 32 32h32c17.67 0 32-14.33 32-32V304h144c17.67 0 32-14.33 32-32v-32c0-17.67-14.33-32-32-32z\"><\/path><\/svg><\/span>\n\t\t<\/span>\n\n\t\t\t\t\t\t<\/summary>\n\t\t\t\t<div role=\"region\" aria-labelledby=\"e-n-accordion-item-2010\" class=\"elementor-element elementor-element-630a534 e-con-full e-flex e-con e-child\" data-id=\"630a534\" data-element_type=\"container\" data-e-type=\"container\">\n\t\t\t\t<div class=\"elementor-element elementor-element-6522bfa elementor-widget elementor-widget-text-editor\" data-id=\"6522bfa\" data-element_type=\"widget\" data-e-type=\"widget\" data-widget_type=\"text-editor.default\">\n\t\t\t\t<div class=\"elementor-widget-container\">\n\t\t\t\t\t\t\t\t\t<p><strong>Informaci\u00f3n necesaria para cr\u00e9dito FISAVA:<\/strong><\/p><p>*Foto de la c\u00e9dula por ambos lados.<br \/>*Orden patronal o constancia salarial.<br \/>*Correo electr\u00f3nico.<br \/>*N\u00famero telef\u00f3nico.<br \/>*Ocupaci\u00f3n.<br \/>*Adem\u00e1s, se requiere que sean mayores de 20 a\u00f1os, reporten un salario superior a \u20a1300,000 en la orden patronal y tengan m\u00e1s de 6 meses de trabajo en la misma empresa.<\/p><p>\u00a0<\/p><p>\u00a0<\/p><p><strong>En el caso de las personas que trabajan para instituciones gubernamentales, deben aportar:<\/strong><\/p><p>Constancia salarial actual junto con las dos colillas del \u00faltimo mes completo, o bien, solo las colillas de pago de los \u00faltimos 3 meses completos.<br \/>Una vez que recopile la informaci\u00f3n y me la env\u00ede, la enviar\u00e9 al departamento de cr\u00e9dito de FISAVA. Ellos le enviar\u00e1n un correo o un mensaje de texto con un enlace en el que deber\u00e1 ingresar y firmar la autorizaci\u00f3n de SUGEF para el tratamiento de datos personales.<\/p><p>\u00a0<\/p>\t\t\t\t\t\t\t\t<\/div>\n\t\t\t\t<\/div>\n\t\t\t\t<\/div>\n\t\t\t\t\t<\/details>\n\t\t\t\t\t\t<details id=\"e-n-accordion-item-2011\" class=\"e-n-accordion-item\" >\n\t\t\t\t<summary class=\"e-n-accordion-item-title\" data-accordion-index=\"2\" tabindex=\"-1\" aria-expanded=\"false\" aria-controls=\"e-n-accordion-item-2011\" >\n\t\t\t\t\t<span class='e-n-accordion-item-title-header'><div class=\"e-n-accordion-item-title-text\"> What is included in the purchase of a motorcycle? <\/div><\/span>\n\t\t\t\t\t\t\t<span class='e-n-accordion-item-title-icon'>\n\t\t\t<span class='e-opened' ><svg aria-hidden=\"true\" class=\"e-font-icon-svg e-fas-minus\" viewbox=\"0 0 448 512\" xmlns=\"http:\/\/www.w3.org\/2000\/svg\"><path d=\"M416 208H32c-17.67 0-32 14.33-32 32v32c0 17.67 14.33 32 32 32h384c17.67 0 32-14.33 32-32v-32c0-17.67-14.33-32-32-32z\"><\/path><\/svg><\/span>\n\t\t\t<span class='e-closed'><svg aria-hidden=\"true\" class=\"e-font-icon-svg e-fas-plus\" viewbox=\"0 0 448 512\" xmlns=\"http:\/\/www.w3.org\/2000\/svg\"><path d=\"M416 208H272V64c0-17.67-14.33-32-32-32h-32c-17.67 0-32 14.33-32 32v144H32c-17.67 0-32 14.33-32 32v32c0 17.67 14.33 32 32 32h144v144c0 17.67 14.33 32 32 32h32c17.67 0 32-14.33 32-32V304h144c17.67 0 32-14.33 32-32v-32c0-17.67-14.33-32-32-32z\"><\/path><\/svg><\/span>\n\t\t<\/span>\n\n\t\t\t\t\t\t<\/summary>\n\t\t\t\t<div role=\"region\" aria-labelledby=\"e-n-accordion-item-2011\" class=\"elementor-element elementor-element-3d9a7dc e-con-full e-flex e-con e-child\" data-id=\"3d9a7dc\" data-element_type=\"container\" data-e-type=\"container\">\n\t\t\t\t<div class=\"elementor-element elementor-element-78d8d2d elementor-widget elementor-widget-text-editor\" data-id=\"78d8d2d\" data-element_type=\"widget\" data-e-type=\"widget\" data-widget_type=\"text-editor.default\">\n\t\t\t\t<div class=\"elementor-widget-container\">\n\t\t\t\t\t\t\t\t\t<p><strong>El precio del veh\u00edculo incluye:<\/strong><\/p><p><br \/>-Casco<br \/>-Marchamo 2025<br \/>-Garant\u00eda de 6 meses o 6000 km<br \/>-Revisiones preventivas de mantenimiento (cliente cancela insumos).<br \/>-Gastos de formalizaci\u00f3n; a excepci\u00f3n de un poder especial de inscripci\u00f3n que tiene un costo 30,000 colones.<\/p>\t\t\t\t\t\t\t\t<\/div>\n\t\t\t\t<\/div>\n\t\t\t\t<\/div>\n\t\t\t\t\t<\/details>\n\t\t\t\t\t\t<details id=\"e-n-accordion-item-2012\" class=\"e-n-accordion-item\" >\n\t\t\t\t<summary class=\"e-n-accordion-item-title\" data-accordion-index=\"3\" tabindex=\"-1\" aria-expanded=\"false\" aria-controls=\"e-n-accordion-item-2012\" >\n\t\t\t\t\t<span class='e-n-accordion-item-title-header'><div class=\"e-n-accordion-item-title-text\"> What requirements must I meet to purchase a financed motorcycle? <\/div><\/span>\n\t\t\t\t\t\t\t<span class='e-n-accordion-item-title-icon'>\n\t\t\t<span class='e-opened' ><svg aria-hidden=\"true\" class=\"e-font-icon-svg e-fas-minus\" viewbox=\"0 0 448 512\" xmlns=\"http:\/\/www.w3.org\/2000\/svg\"><path d=\"M416 208H32c-17.67 0-32 14.33-32 32v32c0 17.67 14.33 32 32 32h384c17.67 0 32-14.33 32-32v-32c0-17.67-14.33-32-32-32z\"><\/path><\/svg><\/span>\n\t\t\t<span class='e-closed'><svg aria-hidden=\"true\" class=\"e-font-icon-svg e-fas-plus\" viewbox=\"0 0 448 512\" xmlns=\"http:\/\/www.w3.org\/2000\/svg\"><path d=\"M416 208H272V64c0-17.67-14.33-32-32-32h-32c-17.67 0-32 14.33-32 32v144H32c-17.67 0-32 14.33-32 32v32c0 17.67 14.33 32 32 32h144v144c0 17.67 14.33 32 32 32h32c17.67 0 32-14.33 32-32V304h144c17.67 0 32-14.33 32-32v-32c0-17.67-14.33-32-32-32z\"><\/path><\/svg><\/span>\n\t\t<\/span>\n\n\t\t\t\t\t\t<\/summary>\n\t\t\t\t<div role=\"region\" aria-labelledby=\"e-n-accordion-item-2012\" class=\"elementor-element elementor-element-070dd2b e-con-full e-flex e-con e-child\" data-id=\"070dd2b\" data-element_type=\"container\" data-e-type=\"container\">\n\t\t\t\t<\/div>\n\t\t\t\t\t<\/details>\n\t\t\t\t\t\t<details id=\"e-n-accordion-item-2013\" class=\"e-n-accordion-item\" >\n\t\t\t\t<summary class=\"e-n-accordion-item-title\" data-accordion-index=\"4\" tabindex=\"-1\" aria-expanded=\"false\" aria-controls=\"e-n-accordion-item-2013\" >\n\t\t\t\t\t<span class='e-n-accordion-item-title-header'><div class=\"e-n-accordion-item-title-text\"> What are the requirements for a salaried worker? <\/div><\/span>\n\t\t\t\t\t\t\t<span class='e-n-accordion-item-title-icon'>\n\t\t\t<span class='e-opened' ><svg aria-hidden=\"true\" class=\"e-font-icon-svg e-fas-minus\" viewbox=\"0 0 448 512\" xmlns=\"http:\/\/www.w3.org\/2000\/svg\"><path d=\"M416 208H32c-17.67 0-32 14.33-32 32v32c0 17.67 14.33 32 32 32h384c17.67 0 32-14.33 32-32v-32c0-17.67-14.33-32-32-32z\"><\/path><\/svg><\/span>\n\t\t\t<span class='e-closed'><svg aria-hidden=\"true\" class=\"e-font-icon-svg e-fas-plus\" viewbox=\"0 0 448 512\" xmlns=\"http:\/\/www.w3.org\/2000\/svg\"><path d=\"M416 208H272V64c0-17.67-14.33-32-32-32h-32c-17.67 0-32 14.33-32 32v144H32c-17.67 0-32 14.33-32 32v32c0 17.67 14.33 32 32 32h144v144c0 17.67 14.33 32 32 32h32c17.67 0 32-14.33 32-32V304h144c17.67 0 32-14.33 32-32v-32c0-17.67-14.33-32-32-32z\"><\/path><\/svg><\/span>\n\t\t<\/span>\n\n\t\t\t\t\t\t<\/summary>\n\t\t\t\t<div role=\"region\" aria-labelledby=\"e-n-accordion-item-2013\" class=\"elementor-element elementor-element-4335cc6 e-flex e-con-boxed e-con e-child\" data-id=\"4335cc6\" data-element_type=\"container\" data-e-type=\"container\">\n\t\t\t\t\t<div class=\"e-con-inner\">\n\t\t\t\t\t<\/div>\n\t\t\t\t<\/div>\n\t\t\t\t\t<\/details>\n\t\t\t\t\t\t<details id=\"e-n-accordion-item-2014\" class=\"e-n-accordion-item\" >\n\t\t\t\t<summary class=\"e-n-accordion-item-title\" data-accordion-index=\"5\" tabindex=\"-1\" aria-expanded=\"false\" aria-controls=\"e-n-accordion-item-2014\" >\n\t\t\t\t\t<span class='e-n-accordion-item-title-header'><div class=\"e-n-accordion-item-title-text\"> What are the requirements for self-employed? <\/div><\/span>\n\t\t\t\t\t\t\t<span class='e-n-accordion-item-title-icon'>\n\t\t\t<span class='e-opened' ><svg aria-hidden=\"true\" class=\"e-font-icon-svg e-fas-minus\" viewbox=\"0 0 448 512\" xmlns=\"http:\/\/www.w3.org\/2000\/svg\"><path d=\"M416 208H32c-17.67 0-32 14.33-32 32v32c0 17.67 14.33 32 32 32h384c17.67 0 32-14.33 32-32v-32c0-17.67-14.33-32-32-32z\"><\/path><\/svg><\/span>\n\t\t\t<span class='e-closed'><svg aria-hidden=\"true\" class=\"e-font-icon-svg e-fas-plus\" viewbox=\"0 0 448 512\" xmlns=\"http:\/\/www.w3.org\/2000\/svg\"><path d=\"M416 208H272V64c0-17.67-14.33-32-32-32h-32c-17.67 0-32 14.33-32 32v144H32c-17.67 0-32 14.33-32 32v32c0 17.67 14.33 32 32 32h144v144c0 17.67 14.33 32 32 32h32c17.67 0 32-14.33 32-32V304h144c17.67 0 32-14.33 32-32v-32c0-17.67-14.33-32-32-32z\"><\/path><\/svg><\/span>\n\t\t<\/span>\n\n\t\t\t\t\t\t<\/summary>\n\t\t\t\t<div role=\"region\" aria-labelledby=\"e-n-accordion-item-2014\" class=\"elementor-element elementor-element-0b210a8 e-flex e-con-boxed e-con e-child\" data-id=\"0b210a8\" data-element_type=\"container\" data-e-type=\"container\">\n\t\t\t\t\t<div class=\"e-con-inner\">\n\t\t\t\t\t<\/div>\n\t\t\t\t<\/div>\n\t\t\t\t\t<\/details>\n\t\t\t\t\t\t<details id=\"e-n-accordion-item-2015\" class=\"e-n-accordion-item\" >\n\t\t\t\t<summary class=\"e-n-accordion-item-title\" data-accordion-index=\"6\" tabindex=\"-1\" aria-expanded=\"false\" aria-controls=\"e-n-accordion-item-2015\" >\n\t\t\t\t\t<span class='e-n-accordion-item-title-header'><div class=\"e-n-accordion-item-title-text\"> Where are you located?  <\/div><\/span>\n\t\t\t\t\t\t\t<span class='e-n-accordion-item-title-icon'>\n\t\t\t<span class='e-opened' ><svg aria-hidden=\"true\" class=\"e-font-icon-svg e-fas-minus\" viewbox=\"0 0 448 512\" xmlns=\"http:\/\/www.w3.org\/2000\/svg\"><path d=\"M416 208H32c-17.67 0-32 14.33-32 32v32c0 17.67 14.33 32 32 32h384c17.67 0 32-14.33 32-32v-32c0-17.67-14.33-32-32-32z\"><\/path><\/svg><\/span>\n\t\t\t<span class='e-closed'><svg aria-hidden=\"true\" class=\"e-font-icon-svg e-fas-plus\" viewbox=\"0 0 448 512\" xmlns=\"http:\/\/www.w3.org\/2000\/svg\"><path d=\"M416 208H272V64c0-17.67-14.33-32-32-32h-32c-17.67 0-32 14.33-32 32v144H32c-17.67 0-32 14.33-32 32v32c0 17.67 14.33 32 32 32h144v144c0 17.67 14.33 32 32 32h32c17.67 0 32-14.33 32-32V304h144c17.67 0 32-14.33 32-32v-32c0-17.67-14.33-32-32-32z\"><\/path><\/svg><\/span>\n\t\t<\/span>\n\n\t\t\t\t\t\t<\/summary>\n\t\t\t\t<div role=\"region\" aria-labelledby=\"e-n-accordion-item-2015\" class=\"elementor-element elementor-element-b0d823a e-flex e-con-boxed e-con e-child\" data-id=\"b0d823a\" data-element_type=\"container\" data-e-type=\"container\">\n\t\t\t\t\t<div class=\"e-con-inner\">\n\t\t\t\t\t<\/div>\n\t\t\t\t<\/div>\n\t\t\t\t\t<\/details>\n\t\t\t\t\t<\/div>\n\t\t\t\t\t\t<\/div>\n\t\t\t\t<\/div>\n\t\t\t\t\t<\/div>\n\t\t\t\t<\/div>\n\t\t\t\t<\/div>","protected":false},"excerpt":{"rendered":"<p>\u00bfC\u00f3mo solicito un cr\u00e9dito? Informaci\u00f3n necesaria para cr\u00e9dito FISAVA: *Foto de la c\u00e9dula por ambos lados.*Orden patronal o constancia salarial.*Correo electr\u00f3nico.*N\u00famero telef\u00f3nico.*Ocupaci\u00f3n.*Adem\u00e1s, se requiere que sean mayores de 20 a\u00f1os, reporten un salario superior a \u20a1300,000 en la orden patronal y tengan m\u00e1s de 6 meses de trabajo en la misma empresa. \u00a0 \u00a0 En [&hellip;]<\/p>\n","protected":false},"author":1,"featured_media":0,"parent":0,"menu_order":0,"comment_status":"closed","ping_status":"closed","template":"","meta":{"_acf_changed":false,"_monsterinsights_skip_tracking":false,"_monsterinsights_sitenote_active":false,"_monsterinsights_sitenote_note":"","_monsterinsights_sitenote_category":0,"footnotes":""},"class_list":["post-1984","page","type-page","status-publish","hentry"],"acf":[],"yoast_head":"<!-- This site is optimized with the Yoast SEO plugin v27.4 - https:\/\/yoast.com\/product\/yoast-seo-wordpress\/ -->\n<title>Ayuda y Preguntas frecuentes - Honda Guanacaste Costa Rica<\/title>\n<meta name=\"robots\" content=\"index, follow, max-snippet:-1, max-image-preview:large, max-video-preview:-1\" \/>\n<link rel=\"canonical\" href=\"https:\/\/depagmotors.com\/en\/ayuda-y-preguntas-frecuentes\/\" \/>\n<meta property=\"og:locale\" content=\"en_US\" \/>\n<meta property=\"og:type\" content=\"article\" \/>\n<meta property=\"og:title\" content=\"Ayuda y Preguntas frecuentes - Honda Guanacaste Costa Rica\" \/>\n<meta property=\"og:description\" content=\"\u00bfC\u00f3mo solicito un cr\u00e9dito? Informaci\u00f3n necesaria para cr\u00e9dito FISAVA: *Foto de la c\u00e9dula por ambos lados.*Orden patronal o constancia salarial.*Correo electr\u00f3nico.*N\u00famero telef\u00f3nico.*Ocupaci\u00f3n.*Adem\u00e1s, se requiere que sean mayores de 20 a\u00f1os, reporten un salario superior a \u20a1300,000 en la orden patronal y tengan m\u00e1s de 6 meses de trabajo en la misma empresa. \u00a0 \u00a0 En [&hellip;]\" \/>\n<meta property=\"og:url\" content=\"https:\/\/depagmotors.com\/en\/ayuda-y-preguntas-frecuentes\/\" \/>\n<meta property=\"og:site_name\" content=\"Honda Guanacaste Costa Rica\" \/>\n<meta property=\"article:modified_time\" content=\"2024-11-27T22:08:52+00:00\" \/>\n<meta name=\"twitter:card\" content=\"summary_large_image\" \/>\n<meta name=\"twitter:label1\" content=\"Est. reading time\" \/>\n\t<meta name=\"twitter:data1\" content=\"3 minutes\" \/>\n<script type=\"application\/ld+json\" class=\"yoast-schema-graph\">{\"@context\":\"https:\\\/\\\/schema.org\",\"@graph\":[{\"@type\":\"WebPage\",\"@id\":\"https:\\\/\\\/depagmotors.com\\\/en\\\/ayuda-y-preguntas-frecuentes\\\/\",\"url\":\"https:\\\/\\\/depagmotors.com\\\/en\\\/ayuda-y-preguntas-frecuentes\\\/\",\"name\":\"Ayuda y Preguntas frecuentes - Honda Guanacaste Costa Rica\",\"isPartOf\":{\"@id\":\"https:\\\/\\\/depagmotors.com\\\/en\\\/#website\"},\"datePublished\":\"2024-10-11T19:02:58+00:00\",\"dateModified\":\"2024-11-27T22:08:52+00:00\",\"breadcrumb\":{\"@id\":\"https:\\\/\\\/depagmotors.com\\\/en\\\/ayuda-y-preguntas-frecuentes\\\/#breadcrumb\"},\"inLanguage\":\"en-US\",\"potentialAction\":[{\"@type\":\"ReadAction\",\"target\":[\"https:\\\/\\\/depagmotors.com\\\/en\\\/ayuda-y-preguntas-frecuentes\\\/\"]}]},{\"@type\":\"BreadcrumbList\",\"@id\":\"https:\\\/\\\/depagmotors.com\\\/en\\\/ayuda-y-preguntas-frecuentes\\\/#breadcrumb\",\"itemListElement\":[{\"@type\":\"ListItem\",\"position\":1,\"name\":\"Portada\",\"item\":\"https:\\\/\\\/depagmotors.com\\\/en\\\/\"},{\"@type\":\"ListItem\",\"position\":2,\"name\":\"Ayuda y Preguntas frecuentes\"}]},{\"@type\":\"WebSite\",\"@id\":\"https:\\\/\\\/depagmotors.com\\\/en\\\/#website\",\"url\":\"https:\\\/\\\/depagmotors.com\\\/en\\\/\",\"name\":\"Honda Guanacaste Costa Rica\",\"description\":\"Venta de Motos Guanacaste\",\"publisher\":{\"@id\":\"https:\\\/\\\/depagmotors.com\\\/en\\\/#organization\"},\"potentialAction\":[{\"@type\":\"SearchAction\",\"target\":{\"@type\":\"EntryPoint\",\"urlTemplate\":\"https:\\\/\\\/depagmotors.com\\\/en\\\/?s={search_term_string}\"},\"query-input\":{\"@type\":\"PropertyValueSpecification\",\"valueRequired\":true,\"valueName\":\"search_term_string\"}}],\"inLanguage\":\"en-US\"},{\"@type\":\"Organization\",\"@id\":\"https:\\\/\\\/depagmotors.com\\\/en\\\/#organization\",\"name\":\"Honda Guanacaste Costa Rica\",\"url\":\"https:\\\/\\\/depagmotors.com\\\/en\\\/\",\"logo\":{\"@type\":\"ImageObject\",\"inLanguage\":\"en-US\",\"@id\":\"https:\\\/\\\/depagmotors.com\\\/en\\\/#\\\/schema\\\/logo\\\/image\\\/\",\"url\":\"https:\\\/\\\/depagmotors.com\\\/wp-content\\\/uploads\\\/2024\\\/07\\\/logo-depag.png\",\"contentUrl\":\"https:\\\/\\\/depagmotors.com\\\/wp-content\\\/uploads\\\/2024\\\/07\\\/logo-depag.png\",\"width\":1200,\"height\":345,\"caption\":\"Honda Guanacaste Costa Rica\"},\"image\":{\"@id\":\"https:\\\/\\\/depagmotors.com\\\/en\\\/#\\\/schema\\\/logo\\\/image\\\/\"}}]}<\/script>\n<!-- \/ Yoast SEO plugin. -->","yoast_head_json":{"title":"Ayuda y Preguntas frecuentes - Honda Guanacaste Costa Rica","robots":{"index":"index","follow":"follow","max-snippet":"max-snippet:-1","max-image-preview":"max-image-preview:large","max-video-preview":"max-video-preview:-1"},"canonical":"https:\/\/depagmotors.com\/en\/ayuda-y-preguntas-frecuentes\/","og_locale":"en_US","og_type":"article","og_title":"Ayuda y Preguntas frecuentes - Honda Guanacaste Costa Rica","og_description":"\u00bfC\u00f3mo solicito un cr\u00e9dito? Informaci\u00f3n necesaria para cr\u00e9dito FISAVA: *Foto de la c\u00e9dula por ambos lados.*Orden patronal o constancia salarial.*Correo electr\u00f3nico.*N\u00famero telef\u00f3nico.*Ocupaci\u00f3n.*Adem\u00e1s, se requiere que sean mayores de 20 a\u00f1os, reporten un salario superior a \u20a1300,000 en la orden patronal y tengan m\u00e1s de 6 meses de trabajo en la misma empresa. \u00a0 \u00a0 En [&hellip;]","og_url":"https:\/\/depagmotors.com\/en\/ayuda-y-preguntas-frecuentes\/","og_site_name":"Honda Guanacaste Costa Rica","article_modified_time":"2024-11-27T22:08:52+00:00","twitter_card":"summary_large_image","twitter_misc":{"Est. reading time":"3 minutes"},"schema":{"@context":"https:\/\/schema.org","@graph":[{"@type":"WebPage","@id":"https:\/\/depagmotors.com\/en\/ayuda-y-preguntas-frecuentes\/","url":"https:\/\/depagmotors.com\/en\/ayuda-y-preguntas-frecuentes\/","name":"Ayuda y Preguntas frecuentes - Honda Guanacaste Costa Rica","isPartOf":{"@id":"https:\/\/depagmotors.com\/en\/#website"},"datePublished":"2024-10-11T19:02:58+00:00","dateModified":"2024-11-27T22:08:52+00:00","breadcrumb":{"@id":"https:\/\/depagmotors.com\/en\/ayuda-y-preguntas-frecuentes\/#breadcrumb"},"inLanguage":"en-US","potentialAction":[{"@type":"ReadAction","target":["https:\/\/depagmotors.com\/en\/ayuda-y-preguntas-frecuentes\/"]}]},{"@type":"BreadcrumbList","@id":"https:\/\/depagmotors.com\/en\/ayuda-y-preguntas-frecuentes\/#breadcrumb","itemListElement":[{"@type":"ListItem","position":1,"name":"Portada","item":"https:\/\/depagmotors.com\/en\/"},{"@type":"ListItem","position":2,"name":"Ayuda y Preguntas frecuentes"}]},{"@type":"WebSite","@id":"https:\/\/depagmotors.com\/en\/#website","url":"https:\/\/depagmotors.com\/en\/","name":"Honda Guanacaste Costa Rica","description":"Venta de Motos Guanacaste","publisher":{"@id":"https:\/\/depagmotors.com\/en\/#organization"},"potentialAction":[{"@type":"SearchAction","target":{"@type":"EntryPoint","urlTemplate":"https:\/\/depagmotors.com\/en\/?s={search_term_string}"},"query-input":{"@type":"PropertyValueSpecification","valueRequired":true,"valueName":"search_term_string"}}],"inLanguage":"en-US"},{"@type":"Organization","@id":"https:\/\/depagmotors.com\/en\/#organization","name":"Honda Guanacaste Costa Rica","url":"https:\/\/depagmotors.com\/en\/","logo":{"@type":"ImageObject","inLanguage":"en-US","@id":"https:\/\/depagmotors.com\/en\/#\/schema\/logo\/image\/","url":"https:\/\/depagmotors.com\/wp-content\/uploads\/2024\/07\/logo-depag.png","contentUrl":"https:\/\/depagmotors.com\/wp-content\/uploads\/2024\/07\/logo-depag.png","width":1200,"height":345,"caption":"Honda Guanacaste Costa Rica"},"image":{"@id":"https:\/\/depagmotors.com\/en\/#\/schema\/logo\/image\/"}}]}},"_links":{"self":[{"href":"https:\/\/depagmotors.com\/en\/wp-json\/wp\/v2\/pages\/1984","targetHints":{"allow":["GET"]}}],"collection":[{"href":"https:\/\/depagmotors.com\/en\/wp-json\/wp\/v2\/pages"}],"about":[{"href":"https:\/\/depagmotors.com\/en\/wp-json\/wp\/v2\/types\/page"}],"author":[{"embeddable":true,"href":"https:\/\/depagmotors.com\/en\/wp-json\/wp\/v2\/users\/1"}],"replies":[{"embeddable":true,"href":"https:\/\/depagmotors.com\/en\/wp-json\/wp\/v2\/comments?post=1984"}],"version-history":[{"count":13,"href":"https:\/\/depagmotors.com\/en\/wp-json\/wp\/v2\/pages\/1984\/revisions"}],"predecessor-version":[{"id":2623,"href":"https:\/\/depagmotors.com\/en\/wp-json\/wp\/v2\/pages\/1984\/revisions\/2623"}],"wp:attachment":[{"href":"https:\/\/depagmotors.com\/en\/wp-json\/wp\/v2\/media?parent=1984"}],"curies":[{"name":"wp","href":"https:\/\/api.w.org\/{rel}","templated":true}]}}